{"id":2181,"date":"2024-01-05T11:22:25","date_gmt":"2024-01-05T10:22:25","guid":{"rendered":"https:\/\/www.reseau-entreprendre.org\/var\/?page_id=2181"},"modified":"2024-01-05T11:23:48","modified_gmt":"2024-01-05T10:23:48","slug":"booster","status":"publish","type":"page","link":"https:\/\/www.reseau-entreprendre.org\/var\/booster\/","title":{"rendered":"BOOSTER"},"content":{"rendered":"\n<h3 class=\"wp-block-heading\">Pour b\u00e9n\u00e9ficier de notre accompagnement Booster<br><\/h3>\n\n\n\n<p>Booster s\u2019adresse aux dirigeants qui souhaitent d\u00e9velopper un projet sp\u00e9cifique de d\u00e9veloppement. Exemples de projet :<\/p>\n\n\n\n<ul class=\"wp-block-list\">\n<li>D\u00e9velopper l\u2019offre produits\/services<\/li>\n<\/ul>\n\n\n\n<ul class=\"wp-block-list\">\n<li>Conqu\u00e9rir de nouveaux territoires<\/li>\n<\/ul>\n\n\n\n<ul class=\"wp-block-list\">\n<li>Renforcer l\u2019outil industriel<\/li>\n<\/ul>\n\n\n\n<ul class=\"wp-block-list\">\n<li>Acqu\u00e9rir une entreprise<\/li>\n<\/ul>\n\n\n\n<ul class=\"wp-block-list\">\n<li>Effectuer un pivot<\/li>\n<\/ul>\n\n\n\n<div class=\"wp-block-group has-background\" style=\"background-color:#f2faff\"><div class=\"wp-block-group__inner-container is-layout-constrained wp-block-group-is-layout-constrained\">\n<div style=\"height:51px\" aria-hidden=\"true\" class=\"wp-block-spacer\"><\/div>\n\n\n\n<h3 class=\"wp-block-heading has-text-align-center has-re-blue-color has-text-color has-link-color wp-elements-d6bafdbf9d0d75af439ab71c0552b5ae\"><strong>Notre accompagnement<\/strong><\/h3>\n\n\n\n<p class=\"has-text-align-center\"><strong>L\u2019accompagnement Booster a pour objectif d\u2019accompagner le dirigeant \u00e0 franchir un pallier pour le d\u00e9veloppement de son entreprise.<\/strong><\/p>\n\n\n\n<p class=\"has-text-align-center\"><strong>Le R\u00e9seau Entreprendre peut vous accompagner dans cette phase de fort d\u00e9veloppement en vous proposant 4 actions.<\/strong><\/p>\n\n\n\n<div style=\"height:51px\" aria-hidden=\"true\" class=\"wp-block-spacer\"><\/div>\n\n\n\n<div class=\"wp-block-group is-vertical is-content-justification-center is-layout-flex wp-container-core-group-is-layout-4b2eccd6 wp-block-group-is-layout-flex\">\n<figure class=\"wp-block-image size-full is-resized\"><img loading=\"lazy\" decoding=\"async\" width=\"117\" height=\"90\" src=\"https:\/\/www.reseau-entreprendre.org\/var\/wp-content\/uploads\/sites\/49\/2024\/01\/couple-1.png\" alt=\"\" class=\"wp-image-2163\" style=\"width:81px;height:auto\" \/><\/figure>\n\n\n\n<h5 class=\"wp-block-heading\"><strong>Mentorat individuel<\/strong><\/h5>\n\n\n\n<ul class=\"wp-block-list\">\n<li>Un accompagnement individuel et mensuel focalis\u00e9 sur le projet avec deux chefs d\u2019entreprise de croissance<\/li>\n<\/ul>\n<\/div>\n\n\n\n<div style=\"height:51px\" aria-hidden=\"true\" class=\"wp-block-spacer\"><\/div>\n\n\n\n<div class=\"wp-block-group is-vertical is-content-justification-center is-layout-flex wp-container-core-group-is-layout-4b2eccd6 wp-block-group-is-layout-flex\">\n<figure class=\"wp-block-image size-full is-resized\"><img loading=\"lazy\" decoding=\"async\" width=\"100\" height=\"101\" src=\"https:\/\/www.reseau-entreprendre.org\/var\/wp-content\/uploads\/sites\/49\/2024\/01\/tirelire-rouge.png\" alt=\"\" class=\"wp-image-2167\" style=\"width:81px;height:auto\" \/><\/figure>\n\n\n\n<h5 class=\"wp-block-heading\"><strong><strong>Financier<\/strong><\/strong><\/h5>\n\n\n\n<ul class=\"wp-block-list\">\n<li>Un pr\u00eat d\u2019honneur allant jusqu\u2019\u00e0 60K\u20ac sans garantie personnelle<\/li>\n<\/ul>\n<\/div>\n\n\n\n<div style=\"height:51px\" aria-hidden=\"true\" class=\"wp-block-spacer\"><\/div>\n\n\n\n<div class=\"wp-block-group is-vertical is-content-justification-center is-layout-flex wp-container-core-group-is-layout-4b2eccd6 wp-block-group-is-layout-flex\">\n<figure class=\"wp-block-image size-full is-resized\"><img loading=\"lazy\" decoding=\"async\" width=\"84\" height=\"70\" src=\"https:\/\/www.reseau-entreprendre.org\/var\/wp-content\/uploads\/sites\/49\/2024\/01\/pouce.png\" alt=\"\" class=\"wp-image-2165\" style=\"width:81px;height:auto\" \/><\/figure>\n\n\n\n<h5 class=\"wp-block-heading\"><strong><strong>\u00c9voluer collectivement<\/strong><\/strong><\/h5>\n\n\n\n<ul class=\"wp-block-list\">\n<li>Un accompagnement collectif avec des rencontres bimestrielles entre laur\u00e9ats du programme Booster<\/li>\n<\/ul>\n<\/div>\n\n\n\n<div style=\"height:51px\" aria-hidden=\"true\" class=\"wp-block-spacer\"><\/div>\n\n\n\n<div class=\"wp-block-group is-vertical is-content-justification-center is-layout-flex wp-container-core-group-is-layout-4b2eccd6 wp-block-group-is-layout-flex\">\n<figure class=\"wp-block-image size-full is-resized\"><img loading=\"lazy\" decoding=\"async\" width=\"114\" height=\"72\" src=\"https:\/\/www.reseau-entreprendre.org\/var\/wp-content\/uploads\/sites\/49\/2024\/01\/temoignages.png\" alt=\"\" class=\"wp-image-2170\" style=\"width:81px;height:auto\" \/><\/figure>\n\n\n\n<h5 class=\"wp-block-heading has-text-align-center\"><strong><strong>Connecter<\/strong><\/strong><\/h5>\n\n\n\n<ul class=\"wp-block-list\">\n<li>Int\u00e9grer le R\u00e9seau Entreprendre, c\u2019est rejoindre une communaut\u00e9 de plus de 14 000 chefs d\u2019entreprises<\/li>\n<\/ul>\n<\/div>\n\n\n\n<div style=\"height:51px\" aria-hidden=\"true\" class=\"wp-block-spacer\"><\/div>\n\n\n\n<div class=\"wp-block-buttons is-content-justification-center is-layout-flex wp-container-core-buttons-is-layout-16018d1d wp-block-buttons-is-layout-flex\">\n<div class=\"wp-block-button\"><a class=\"wp-block-button__link has-white-color has-re-blue-background-color has-text-color has-background has-link-color wp-element-button\" href=\"https:\/\/www.reseau-entreprendre.org\/var\/deposer-une-demande\/\" target=\"_blank\" rel=\"noreferrer noopener\">Je candidate<\/a><\/div>\n<\/div>\n\n\n\n<div style=\"height:37px\" aria-hidden=\"true\" class=\"wp-block-spacer\"><\/div>\n<\/div><\/div>\n","protected":false},"excerpt":{"rendered":"<p>Pour b\u00e9n\u00e9ficier de notre accompagnement Booster Booster s\u2019adresse aux dirigeants<\/p>\n","protected":false},"author":201,"featured_media":0,"parent":0,"menu_order":0,"comment_status":"closed","ping_status":"closed","template":"","meta":{"_acf_changed":false,"_monsterinsights_skip_tracking":false,"_monsterinsights_sitenote_active":false,"_monsterinsights_sitenote_note":"","_monsterinsights_sitenote_category":0,"footnotes":""},"class_list":["post-2181","page","type-page","status-publish","hentry"],"acf":[],"yoast_head":"<!-- This site is optimized with the Yoast SEO plugin v27.2 - https:\/\/yoast.com\/product\/yoast-seo-wordpress\/ -->\n<title>BOOSTER - R\u00e9seau Entreprendre Var<\/title>\n<meta name=\"robots\" content=\"index, follow, max-snippet:-1, max-image-preview:large, max-video-preview:-1\" \/>\n<link rel=\"canonical\" href=\"https:\/\/www.reseau-entreprendre.org\/var\/booster\/\" \/>\n<meta property=\"og:locale\" content=\"fr_FR\" \/>\n<meta property=\"og:type\" content=\"article\" \/>\n<meta property=\"og:title\" content=\"BOOSTER - R\u00e9seau Entreprendre Var\" \/>\n<meta property=\"og:description\" content=\"Pour b\u00e9n\u00e9ficier de notre accompagnement Booster Booster s\u2019adresse aux dirigeants\" \/>\n<meta property=\"og:url\" content=\"https:\/\/www.reseau-entreprendre.org\/var\/booster\/\" \/>\n<meta property=\"og:site_name\" content=\"R\u00e9seau Entreprendre Var\" \/>\n<meta property=\"article:modified_time\" content=\"2024-01-05T10:23:48+00:00\" \/>\n<meta property=\"og:image\" content=\"https:\/\/www.reseau-entreprendre.org\/var\/wp-content\/uploads\/sites\/49\/2024\/01\/couple-1.png\" \/>\n<meta name=\"twitter:card\" content=\"summary_large_image\" \/>\n<meta name=\"twitter:label1\" content=\"Dur\u00e9e de lecture estim\u00e9e\" \/>\n\t<meta name=\"twitter:data1\" content=\"2 minutes\" \/>\n<script type=\"application\/ld+json\" class=\"yoast-schema-graph\">{\"@context\":\"https:\/\/schema.org\",\"@graph\":[{\"@type\":\"WebPage\",\"@id\":\"https:\/\/www.reseau-entreprendre.org\/var\/booster\/\",\"url\":\"https:\/\/www.reseau-entreprendre.org\/var\/booster\/\",\"name\":\"BOOSTER - R\u00e9seau Entreprendre Var\",\"isPartOf\":{\"@id\":\"https:\/\/www.reseau-entreprendre.org\/var\/#website\"},\"primaryImageOfPage\":{\"@id\":\"https:\/\/www.reseau-entreprendre.org\/var\/booster\/#primaryimage\"},\"image\":{\"@id\":\"https:\/\/www.reseau-entreprendre.org\/var\/booster\/#primaryimage\"},\"thumbnailUrl\":\"https:\/\/www.reseau-entreprendre.org\/var\/wp-content\/uploads\/sites\/49\/2024\/01\/couple-1.png\",\"datePublished\":\"2024-01-05T10:22:25+00:00\",\"dateModified\":\"2024-01-05T10:23:48+00:00\",\"breadcrumb\":{\"@id\":\"https:\/\/www.reseau-entreprendre.org\/var\/booster\/#breadcrumb\"},\"inLanguage\":\"fr-FR\",\"potentialAction\":[{\"@type\":\"ReadAction\",\"target\":[\"https:\/\/www.reseau-entreprendre.org\/var\/booster\/\"]}]},{\"@type\":\"ImageObject\",\"inLanguage\":\"fr-FR\",\"@id\":\"https:\/\/www.reseau-entreprendre.org\/var\/booster\/#primaryimage\",\"url\":\"https:\/\/www.reseau-entreprendre.org\/var\/wp-content\/uploads\/sites\/49\/2024\/01\/couple-1.png\",\"contentUrl\":\"https:\/\/www.reseau-entreprendre.org\/var\/wp-content\/uploads\/sites\/49\/2024\/01\/couple-1.png\",\"width\":117,\"height\":90},{\"@type\":\"BreadcrumbList\",\"@id\":\"https:\/\/www.reseau-entreprendre.org\/var\/booster\/#breadcrumb\",\"itemListElement\":[{\"@type\":\"ListItem\",\"position\":1,\"name\":\"Accueil\",\"item\":\"https:\/\/www.reseau-entreprendre.org\/var\/\"},{\"@type\":\"ListItem\",\"position\":2,\"name\":\"BOOSTER\"}]},{\"@type\":\"WebSite\",\"@id\":\"https:\/\/www.reseau-entreprendre.org\/var\/#website\",\"url\":\"https:\/\/www.reseau-entreprendre.org\/var\/\",\"name\":\"R\u00e9seau Entreprendre Var\",\"description\":\"Aucun entrepreneur ne doit rester seul \",\"potentialAction\":[{\"@type\":\"SearchAction\",\"target\":{\"@type\":\"EntryPoint\",\"urlTemplate\":\"https:\/\/www.reseau-entreprendre.org\/var\/?s={search_term_string}\"},\"query-input\":{\"@type\":\"PropertyValueSpecification\",\"valueRequired\":true,\"valueName\":\"search_term_string\"}}],\"inLanguage\":\"fr-FR\"}]}<\/script>\n<!-- \/ Yoast SEO plugin. -->","yoast_head_json":{"title":"BOOSTER - R\u00e9seau Entreprendre Var","robots":{"index":"index","follow":"follow","max-snippet":"max-snippet:-1","max-image-preview":"max-image-preview:large","max-video-preview":"max-video-preview:-1"},"canonical":"https:\/\/www.reseau-entreprendre.org\/var\/booster\/","og_locale":"fr_FR","og_type":"article","og_title":"BOOSTER - R\u00e9seau Entreprendre Var","og_description":"Pour b\u00e9n\u00e9ficier de notre accompagnement Booster Booster s\u2019adresse aux dirigeants","og_url":"https:\/\/www.reseau-entreprendre.org\/var\/booster\/","og_site_name":"R\u00e9seau Entreprendre Var","article_modified_time":"2024-01-05T10:23:48+00:00","og_image":[{"url":"https:\/\/www.reseau-entreprendre.org\/var\/wp-content\/uploads\/sites\/49\/2024\/01\/couple-1.png","type":"","width":"","height":""}],"twitter_card":"summary_large_image","twitter_misc":{"Dur\u00e9e de lecture estim\u00e9e":"2 minutes"},"schema":{"@context":"https:\/\/schema.org","@graph":[{"@type":"WebPage","@id":"https:\/\/www.reseau-entreprendre.org\/var\/booster\/","url":"https:\/\/www.reseau-entreprendre.org\/var\/booster\/","name":"BOOSTER - R\u00e9seau Entreprendre Var","isPartOf":{"@id":"https:\/\/www.reseau-entreprendre.org\/var\/#website"},"primaryImageOfPage":{"@id":"https:\/\/www.reseau-entreprendre.org\/var\/booster\/#primaryimage"},"image":{"@id":"https:\/\/www.reseau-entreprendre.org\/var\/booster\/#primaryimage"},"thumbnailUrl":"https:\/\/www.reseau-entreprendre.org\/var\/wp-content\/uploads\/sites\/49\/2024\/01\/couple-1.png","datePublished":"2024-01-05T10:22:25+00:00","dateModified":"2024-01-05T10:23:48+00:00","breadcrumb":{"@id":"https:\/\/www.reseau-entreprendre.org\/var\/booster\/#breadcrumb"},"inLanguage":"fr-FR","potentialAction":[{"@type":"ReadAction","target":["https:\/\/www.reseau-entreprendre.org\/var\/booster\/"]}]},{"@type":"ImageObject","inLanguage":"fr-FR","@id":"https:\/\/www.reseau-entreprendre.org\/var\/booster\/#primaryimage","url":"https:\/\/www.reseau-entreprendre.org\/var\/wp-content\/uploads\/sites\/49\/2024\/01\/couple-1.png","contentUrl":"https:\/\/www.reseau-entreprendre.org\/var\/wp-content\/uploads\/sites\/49\/2024\/01\/couple-1.png","width":117,"height":90},{"@type":"BreadcrumbList","@id":"https:\/\/www.reseau-entreprendre.org\/var\/booster\/#breadcrumb","itemListElement":[{"@type":"ListItem","position":1,"name":"Accueil","item":"https:\/\/www.reseau-entreprendre.org\/var\/"},{"@type":"ListItem","position":2,"name":"BOOSTER"}]},{"@type":"WebSite","@id":"https:\/\/www.reseau-entreprendre.org\/var\/#website","url":"https:\/\/www.reseau-entreprendre.org\/var\/","name":"R\u00e9seau Entreprendre Var","description":"Aucun entrepreneur ne doit rester seul ","potentialAction":[{"@type":"SearchAction","target":{"@type":"EntryPoint","urlTemplate":"https:\/\/www.reseau-entreprendre.org\/var\/?s={search_term_string}"},"query-input":{"@type":"PropertyValueSpecification","valueRequired":true,"valueName":"search_term_string"}}],"inLanguage":"fr-FR"}]}},"_links":{"self":[{"href":"https:\/\/www.reseau-entreprendre.org\/var\/wp-json\/wp\/v2\/pages\/2181","targetHints":{"allow":["GET"]}}],"collection":[{"href":"https:\/\/www.reseau-entreprendre.org\/var\/wp-json\/wp\/v2\/pages"}],"about":[{"href":"https:\/\/www.reseau-entreprendre.org\/var\/wp-json\/wp\/v2\/types\/page"}],"author":[{"embeddable":true,"href":"https:\/\/www.reseau-entreprendre.org\/var\/wp-json\/wp\/v2\/users\/201"}],"replies":[{"embeddable":true,"href":"https:\/\/www.reseau-entreprendre.org\/var\/wp-json\/wp\/v2\/comments?post=2181"}],"version-history":[{"count":0,"href":"https:\/\/www.reseau-entreprendre.org\/var\/wp-json\/wp\/v2\/pages\/2181\/revisions"}],"wp:attachment":[{"href":"https:\/\/www.reseau-entreprendre.org\/var\/wp-json\/wp\/v2\/media?parent=2181"}],"curies":[{"name":"wp","href":"https:\/\/api.w.org\/{rel}","templated":true}]}}