{"id":2182,"date":"2024-01-05T11:18:12","date_gmt":"2024-01-05T10:18:12","guid":{"rendered":"https:\/\/www.reseau-entreprendre.org\/var\/?page_id=2182"},"modified":"2024-01-05T11:18:13","modified_gmt":"2024-01-05T10:18:13","slug":"start-2","status":"publish","type":"page","link":"https:\/\/www.reseau-entreprendre.org\/var\/start-2\/","title":{"rendered":"AMBITION"},"content":{"rendered":"\n<h3 class=\"wp-block-heading\">Pour b\u00e9n\u00e9ficier de notre accompagnement Ambition<br><\/h3>\n\n\n\n<ul class=\"wp-block-list\">\n<li>Ambition s\u2019adresse aux dirigeants qui ont une acc\u00e9l\u00e9ration \u00e0 orchestrer, une nouvelle posture de dirigeant \u00e0 trouver, une formalisation de la gouvernance et une structuration par les valeurs, r\u00e8gles et process.<\/li>\n<\/ul>\n\n\n\n<div class=\"wp-block-group has-background\" style=\"background-color:#f2faff\"><div class=\"wp-block-group__inner-container is-layout-constrained wp-block-group-is-layout-constrained\">\n<div style=\"height:51px\" aria-hidden=\"true\" class=\"wp-block-spacer\"><\/div>\n\n\n\n<h3 class=\"wp-block-heading has-text-align-center has-re-blue-color has-text-color has-link-color wp-elements-d6bafdbf9d0d75af439ab71c0552b5ae\"><strong>Notre accompagnement<\/strong><\/h3>\n\n\n\n<p class=\"has-text-align-center\"><strong>Ambition est fait pour vous si vous souhaitez changer d\u2019\u00e9chelle et doubler votre activit\u00e9 en 3 ans.<\/strong><\/p>\n\n\n\n<div style=\"height:51px\" aria-hidden=\"true\" class=\"wp-block-spacer\"><\/div>\n\n\n\n<div class=\"wp-block-group is-vertical is-content-justification-center is-layout-flex wp-container-core-group-is-layout-4b2eccd6 wp-block-group-is-layout-flex\">\n<figure class=\"wp-block-image size-full is-resized\"><img loading=\"lazy\" decoding=\"async\" width=\"117\" height=\"90\" src=\"https:\/\/www.reseau-entreprendre.org\/var\/wp-content\/uploads\/sites\/49\/2024\/01\/couple-1.png\" alt=\"\" class=\"wp-image-2163\" style=\"width:81px;height:auto\" \/><\/figure>\n\n\n\n<h5 class=\"wp-block-heading\"><strong><strong>Mentorat coll\u00e9gial<\/strong><\/strong><\/h5>\n\n\n\n<ul class=\"wp-block-list\">\n<li>Un comit\u00e9 d\u2019accompagnement coll\u00e9gial de 2 \u00e0 4 chefs d\u2019entreprise de croissance, rencontres trimestrielles sur un plan de d\u00e9veloppement<\/li>\n<\/ul>\n<\/div>\n\n\n\n<div style=\"height:51px\" aria-hidden=\"true\" class=\"wp-block-spacer\"><\/div>\n\n\n\n<div class=\"wp-block-group is-vertical is-content-justification-center is-layout-flex wp-container-core-group-is-layout-4b2eccd6 wp-block-group-is-layout-flex\">\n<figure class=\"wp-block-image size-full is-resized\"><img loading=\"lazy\" decoding=\"async\" width=\"84\" height=\"70\" src=\"https:\/\/www.reseau-entreprendre.org\/var\/wp-content\/uploads\/sites\/49\/2024\/01\/pouce.png\" alt=\"\" class=\"wp-image-2165\" style=\"width:81px;height:auto\" \/><\/figure>\n\n\n\n<h5 class=\"wp-block-heading\"><strong><strong>\u00c9voluer collectivement<\/strong><\/strong><\/h5>\n\n\n\n<ul class=\"wp-block-list\">\n<li>Un accompagnement collectif avec des rencontres bimestrielles entre laur\u00e9ats du programme Ambition<\/li>\n<\/ul>\n<\/div>\n\n\n\n<div style=\"height:51px\" aria-hidden=\"true\" class=\"wp-block-spacer\"><\/div>\n\n\n\n<div class=\"wp-block-group is-vertical is-content-justification-center is-layout-flex wp-container-core-group-is-layout-4b2eccd6 wp-block-group-is-layout-flex\">\n<figure class=\"wp-block-image size-full is-resized\"><img loading=\"lazy\" decoding=\"async\" width=\"114\" height=\"72\" src=\"https:\/\/www.reseau-entreprendre.org\/var\/wp-content\/uploads\/sites\/49\/2024\/01\/temoignages.png\" alt=\"\" class=\"wp-image-2170\" style=\"width:81px;height:auto\" \/><\/figure>\n\n\n\n<h5 class=\"wp-block-heading has-text-align-center\"><strong><strong><strong>Mise en r\u00e9seau<\/strong><\/strong><\/strong><\/h5>\n\n\n\n<ul class=\"wp-block-list\">\n<li>Int\u00e9grer le R\u00e9seau Entreprendre, c\u2019est rejoindre une communaut\u00e9 de plus de 14 000 chefs d\u2019entreprise<\/li>\n<\/ul>\n<\/div>\n\n\n\n<div style=\"height:51px\" aria-hidden=\"true\" class=\"wp-block-spacer\"><\/div>\n\n\n\n<div class=\"wp-block-buttons is-content-justification-center is-layout-flex wp-container-core-buttons-is-layout-16018d1d wp-block-buttons-is-layout-flex\">\n<div class=\"wp-block-button\"><a class=\"wp-block-button__link has-white-color has-re-blue-background-color has-text-color has-background has-link-color wp-element-button\" href=\"https:\/\/www.reseau-entreprendre.org\/var\/deposer-une-demande\/\" target=\"_blank\" rel=\"noreferrer noopener\">Je candidate<\/a><\/div>\n<\/div>\n\n\n\n<div style=\"height:37px\" aria-hidden=\"true\" class=\"wp-block-spacer\"><\/div>\n<\/div><\/div>\n","protected":false},"excerpt":{"rendered":"<p>Pour b\u00e9n\u00e9ficier de notre accompagnement Ambition Notre accompagnement Ambition est<\/p>\n","protected":false},"author":201,"featured_media":0,"parent":0,"menu_order":0,"comment_status":"closed","ping_status":"closed","template":"","meta":{"_acf_changed":false,"_monsterinsights_skip_tracking":false,"_monsterinsights_sitenote_active":false,"_monsterinsights_sitenote_note":"","_monsterinsights_sitenote_category":0,"footnotes":""},"class_list":["post-2182","page","type-page","status-publish","hentry"],"acf":[],"yoast_head":"<!-- This site is optimized with the Yoast SEO plugin v27.4 - https:\/\/yoast.com\/product\/yoast-seo-wordpress\/ -->\n<title>AMBITION - R\u00e9seau Entreprendre Var<\/title>\n<meta name=\"robots\" content=\"index, follow, max-snippet:-1, max-image-preview:large, max-video-preview:-1\" \/>\n<link rel=\"canonical\" href=\"https:\/\/www.reseau-entreprendre.org\/var\/start-2\/\" \/>\n<meta property=\"og:locale\" content=\"fr_FR\" \/>\n<meta property=\"og:type\" content=\"article\" \/>\n<meta property=\"og:title\" content=\"AMBITION - R\u00e9seau Entreprendre Var\" \/>\n<meta property=\"og:description\" content=\"Pour b\u00e9n\u00e9ficier de notre accompagnement Ambition Notre accompagnement Ambition est\" \/>\n<meta property=\"og:url\" content=\"https:\/\/www.reseau-entreprendre.org\/var\/start-2\/\" \/>\n<meta property=\"og:site_name\" content=\"R\u00e9seau Entreprendre Var\" \/>\n<meta property=\"article:modified_time\" content=\"2024-01-05T10:18:13+00:00\" \/>\n<meta property=\"og:image\" content=\"https:\/\/www.reseau-entreprendre.org\/var\/wp-content\/uploads\/sites\/49\/2024\/01\/couple-1.png\" \/>\n<meta name=\"twitter:card\" content=\"summary_large_image\" \/>\n<meta name=\"twitter:label1\" content=\"Dur\u00e9e de lecture estim\u00e9e\" \/>\n\t<meta name=\"twitter:data1\" content=\"2 minutes\" \/>\n<script type=\"application\/ld+json\" class=\"yoast-schema-graph\">{\"@context\":\"https:\\\/\\\/schema.org\",\"@graph\":[{\"@type\":\"WebPage\",\"@id\":\"https:\\\/\\\/www.reseau-entreprendre.org\\\/var\\\/start-2\\\/\",\"url\":\"https:\\\/\\\/www.reseau-entreprendre.org\\\/var\\\/start-2\\\/\",\"name\":\"AMBITION - R\u00e9seau Entreprendre Var\",\"isPartOf\":{\"@id\":\"https:\\\/\\\/www.reseau-entreprendre.org\\\/var\\\/#website\"},\"primaryImageOfPage\":{\"@id\":\"https:\\\/\\\/www.reseau-entreprendre.org\\\/var\\\/start-2\\\/#primaryimage\"},\"image\":{\"@id\":\"https:\\\/\\\/www.reseau-entreprendre.org\\\/var\\\/start-2\\\/#primaryimage\"},\"thumbnailUrl\":\"https:\\\/\\\/www.reseau-entreprendre.org\\\/var\\\/wp-content\\\/uploads\\\/sites\\\/49\\\/2024\\\/01\\\/couple-1.png\",\"datePublished\":\"2024-01-05T10:18:12+00:00\",\"dateModified\":\"2024-01-05T10:18:13+00:00\",\"breadcrumb\":{\"@id\":\"https:\\\/\\\/www.reseau-entreprendre.org\\\/var\\\/start-2\\\/#breadcrumb\"},\"inLanguage\":\"fr-FR\",\"potentialAction\":[{\"@type\":\"ReadAction\",\"target\":[\"https:\\\/\\\/www.reseau-entreprendre.org\\\/var\\\/start-2\\\/\"]}]},{\"@type\":\"ImageObject\",\"inLanguage\":\"fr-FR\",\"@id\":\"https:\\\/\\\/www.reseau-entreprendre.org\\\/var\\\/start-2\\\/#primaryimage\",\"url\":\"https:\\\/\\\/www.reseau-entreprendre.org\\\/var\\\/wp-content\\\/uploads\\\/sites\\\/49\\\/2024\\\/01\\\/couple-1.png\",\"contentUrl\":\"https:\\\/\\\/www.reseau-entreprendre.org\\\/var\\\/wp-content\\\/uploads\\\/sites\\\/49\\\/2024\\\/01\\\/couple-1.png\",\"width\":117,\"height\":90},{\"@type\":\"BreadcrumbList\",\"@id\":\"https:\\\/\\\/www.reseau-entreprendre.org\\\/var\\\/start-2\\\/#breadcrumb\",\"itemListElement\":[{\"@type\":\"ListItem\",\"position\":1,\"name\":\"Accueil\",\"item\":\"https:\\\/\\\/www.reseau-entreprendre.org\\\/var\\\/\"},{\"@type\":\"ListItem\",\"position\":2,\"name\":\"AMBITION\"}]},{\"@type\":\"WebSite\",\"@id\":\"https:\\\/\\\/www.reseau-entreprendre.org\\\/var\\\/#website\",\"url\":\"https:\\\/\\\/www.reseau-entreprendre.org\\\/var\\\/\",\"name\":\"R\u00e9seau Entreprendre Var\",\"description\":\"Aucun entrepreneur ne doit rester seul \",\"potentialAction\":[{\"@type\":\"SearchAction\",\"target\":{\"@type\":\"EntryPoint\",\"urlTemplate\":\"https:\\\/\\\/www.reseau-entreprendre.org\\\/var\\\/?s={search_term_string}\"},\"query-input\":{\"@type\":\"PropertyValueSpecification\",\"valueRequired\":true,\"valueName\":\"search_term_string\"}}],\"inLanguage\":\"fr-FR\"}]}<\/script>\n<!-- \/ Yoast SEO plugin. -->","yoast_head_json":{"title":"AMBITION - R\u00e9seau Entreprendre Var","robots":{"index":"index","follow":"follow","max-snippet":"max-snippet:-1","max-image-preview":"max-image-preview:large","max-video-preview":"max-video-preview:-1"},"canonical":"https:\/\/www.reseau-entreprendre.org\/var\/start-2\/","og_locale":"fr_FR","og_type":"article","og_title":"AMBITION - R\u00e9seau Entreprendre Var","og_description":"Pour b\u00e9n\u00e9ficier de notre accompagnement Ambition Notre accompagnement Ambition est","og_url":"https:\/\/www.reseau-entreprendre.org\/var\/start-2\/","og_site_name":"R\u00e9seau Entreprendre Var","article_modified_time":"2024-01-05T10:18:13+00:00","og_image":[{"url":"https:\/\/www.reseau-entreprendre.org\/var\/wp-content\/uploads\/sites\/49\/2024\/01\/couple-1.png","type":"","width":"","height":""}],"twitter_card":"summary_large_image","twitter_misc":{"Dur\u00e9e de lecture estim\u00e9e":"2 minutes"},"schema":{"@context":"https:\/\/schema.org","@graph":[{"@type":"WebPage","@id":"https:\/\/www.reseau-entreprendre.org\/var\/start-2\/","url":"https:\/\/www.reseau-entreprendre.org\/var\/start-2\/","name":"AMBITION - R\u00e9seau Entreprendre Var","isPartOf":{"@id":"https:\/\/www.reseau-entreprendre.org\/var\/#website"},"primaryImageOfPage":{"@id":"https:\/\/www.reseau-entreprendre.org\/var\/start-2\/#primaryimage"},"image":{"@id":"https:\/\/www.reseau-entreprendre.org\/var\/start-2\/#primaryimage"},"thumbnailUrl":"https:\/\/www.reseau-entreprendre.org\/var\/wp-content\/uploads\/sites\/49\/2024\/01\/couple-1.png","datePublished":"2024-01-05T10:18:12+00:00","dateModified":"2024-01-05T10:18:13+00:00","breadcrumb":{"@id":"https:\/\/www.reseau-entreprendre.org\/var\/start-2\/#breadcrumb"},"inLanguage":"fr-FR","potentialAction":[{"@type":"ReadAction","target":["https:\/\/www.reseau-entreprendre.org\/var\/start-2\/"]}]},{"@type":"ImageObject","inLanguage":"fr-FR","@id":"https:\/\/www.reseau-entreprendre.org\/var\/start-2\/#primaryimage","url":"https:\/\/www.reseau-entreprendre.org\/var\/wp-content\/uploads\/sites\/49\/2024\/01\/couple-1.png","contentUrl":"https:\/\/www.reseau-entreprendre.org\/var\/wp-content\/uploads\/sites\/49\/2024\/01\/couple-1.png","width":117,"height":90},{"@type":"BreadcrumbList","@id":"https:\/\/www.reseau-entreprendre.org\/var\/start-2\/#breadcrumb","itemListElement":[{"@type":"ListItem","position":1,"name":"Accueil","item":"https:\/\/www.reseau-entreprendre.org\/var\/"},{"@type":"ListItem","position":2,"name":"AMBITION"}]},{"@type":"WebSite","@id":"https:\/\/www.reseau-entreprendre.org\/var\/#website","url":"https:\/\/www.reseau-entreprendre.org\/var\/","name":"R\u00e9seau Entreprendre Var","description":"Aucun entrepreneur ne doit rester seul ","potentialAction":[{"@type":"SearchAction","target":{"@type":"EntryPoint","urlTemplate":"https:\/\/www.reseau-entreprendre.org\/var\/?s={search_term_string}"},"query-input":{"@type":"PropertyValueSpecification","valueRequired":true,"valueName":"search_term_string"}}],"inLanguage":"fr-FR"}]}},"_links":{"self":[{"href":"https:\/\/www.reseau-entreprendre.org\/var\/wp-json\/wp\/v2\/pages\/2182","targetHints":{"allow":["GET"]}}],"collection":[{"href":"https:\/\/www.reseau-entreprendre.org\/var\/wp-json\/wp\/v2\/pages"}],"about":[{"href":"https:\/\/www.reseau-entreprendre.org\/var\/wp-json\/wp\/v2\/types\/page"}],"author":[{"embeddable":true,"href":"https:\/\/www.reseau-entreprendre.org\/var\/wp-json\/wp\/v2\/users\/201"}],"replies":[{"embeddable":true,"href":"https:\/\/www.reseau-entreprendre.org\/var\/wp-json\/wp\/v2\/comments?post=2182"}],"version-history":[{"count":0,"href":"https:\/\/www.reseau-entreprendre.org\/var\/wp-json\/wp\/v2\/pages\/2182\/revisions"}],"wp:attachment":[{"href":"https:\/\/www.reseau-entreprendre.org\/var\/wp-json\/wp\/v2\/media?parent=2182"}],"curies":[{"name":"wp","href":"https:\/\/api.w.org\/{rel}","templated":true}]}}