{"id":10330,"date":"2026-02-09T17:40:31","date_gmt":"2026-02-09T16:40:31","guid":{"rendered":"https:\/\/www.reseau-entreprendre.org\/vendee\/?page_id=10330"},"modified":"2026-02-13T14:11:35","modified_gmt":"2026-02-13T13:11:35","slug":"laureats-2026","status":"publish","type":"page","link":"https:\/\/www.reseau-entreprendre.org\/vendee\/laureats-2026\/","title":{"rendered":"Laur\u00e9ats 2026"},"content":{"rendered":"\n<div class=\"wp-block-query news__card post type-post status-publish format-standard has-post-thumbnail hentry category-actualites news is-layout-flow wp-block-query-is-layout-flow\"><ul class=\"columns-3 wp-block-post-template has-text-color has-re-blue-color is-layout-grid wp-container-core-post-template-is-layout-2fc57c17 wp-block-post-template-is-layout-grid\"><li class=\"wp-block-post post-10626 post type-post status-publish format-standard has-post-thumbnail hentry category-actualites category-laureats-2026 news \">\n<figure class=\"news__card wp-block-post-featured-image wp-duotone-unset-1\"><a href=\"https:\/\/www.reseau-entreprendre.org\/vendee\/2026\/03\/30\/vivaservices-reprise-christophe-rohr\/\" target=\"_self\"  ><img loading=\"lazy\" decoding=\"async\" width=\"2000\" height=\"2000\" src=\"https:\/\/www.reseau-entreprendre.org\/vendee\/wp-content\/uploads\/sites\/18\/2026\/03\/Laureats-2026-2.png\" class=\"attachment-post-thumbnail size-post-thumbnail wp-post-image\" alt=\"VIVASERVICES (reprise) : Christophe ROHR\" style=\"object-fit:cover;\" srcset=\"https:\/\/www.reseau-entreprendre.org\/vendee\/wp-content\/uploads\/sites\/18\/2026\/03\/Laureats-2026-2.png 2000w, https:\/\/www.reseau-entreprendre.org\/vendee\/wp-content\/uploads\/sites\/18\/2026\/03\/Laureats-2026-2-300x300.png 300w, https:\/\/www.reseau-entreprendre.org\/vendee\/wp-content\/uploads\/sites\/18\/2026\/03\/Laureats-2026-2-1024x1024.png 1024w, https:\/\/www.reseau-entreprendre.org\/vendee\/wp-content\/uploads\/sites\/18\/2026\/03\/Laureats-2026-2-150x150.png 150w, https:\/\/www.reseau-entreprendre.org\/vendee\/wp-content\/uploads\/sites\/18\/2026\/03\/Laureats-2026-2-768x768.png 768w, https:\/\/www.reseau-entreprendre.org\/vendee\/wp-content\/uploads\/sites\/18\/2026\/03\/Laureats-2026-2-500x500.png 500w, https:\/\/www.reseau-entreprendre.org\/vendee\/wp-content\/uploads\/sites\/18\/2026\/03\/Laureats-2026-2-1536x1536.png 1536w, https:\/\/www.reseau-entreprendre.org\/vendee\/wp-content\/uploads\/sites\/18\/2026\/03\/Laureats-2026-2-130x130.png 130w, https:\/\/www.reseau-entreprendre.org\/vendee\/wp-content\/uploads\/sites\/18\/2026\/03\/Laureats-2026-2-100x100.png 100w\" sizes=\"auto, (max-width: 2000px) 100vw, 2000px\" \/><\/a><\/figure>\n\n\n<aside class=\"wp-block-group alignwide has-re-yellow-color has-text-color has-background has-small-font-size\" style=\"background-color:#f5f5f5\"><div class=\"wp-block-group__inner-container is-layout-constrained wp-block-group-is-layout-constrained\"><h2 style=\"color:#212529; font-style:normal;font-weight:600;\" class=\"wp-block-post-title has-text-color has-medium-font-size\">VIVASERVICES (reprise) : Christophe ROHR<\/h2>\n\n<div class=\"has-text-align-left wp-block-post-date has-text-color has-re-yellow-color\"><time datetime=\"2026-03-30T11:38:55+02:00\"><a href=\"https:\/\/www.reseau-entreprendre.org\/vendee\/2026\/03\/30\/vivaservices-reprise-christophe-rohr\/\">30 mars 2026<\/a><\/time><\/div><\/div><\/aside>\n\n<\/li><li class=\"wp-block-post post-10619 post type-post status-publish format-standard has-post-thumbnail hentry category-actualites category-laureats-2026 news \">\n<figure class=\"news__card wp-block-post-featured-image wp-duotone-unset-2\"><a href=\"https:\/\/www.reseau-entreprendre.org\/vendee\/2026\/03\/20\/le-digraphe-croissance-thomas-ailleret\/\" target=\"_self\"  ><img loading=\"lazy\" decoding=\"async\" width=\"2000\" height=\"2000\" src=\"https:\/\/www.reseau-entreprendre.org\/vendee\/wp-content\/uploads\/sites\/18\/2026\/03\/Laureats-2026-1.png\" class=\"attachment-post-thumbnail size-post-thumbnail wp-post-image\" alt=\"LE DIGRAPHE (croissance) : Thomas AILLERET\" style=\"object-fit:cover;\" srcset=\"https:\/\/www.reseau-entreprendre.org\/vendee\/wp-content\/uploads\/sites\/18\/2026\/03\/Laureats-2026-1.png 2000w, https:\/\/www.reseau-entreprendre.org\/vendee\/wp-content\/uploads\/sites\/18\/2026\/03\/Laureats-2026-1-300x300.png 300w, https:\/\/www.reseau-entreprendre.org\/vendee\/wp-content\/uploads\/sites\/18\/2026\/03\/Laureats-2026-1-1024x1024.png 1024w, https:\/\/www.reseau-entreprendre.org\/vendee\/wp-content\/uploads\/sites\/18\/2026\/03\/Laureats-2026-1-150x150.png 150w, https:\/\/www.reseau-entreprendre.org\/vendee\/wp-content\/uploads\/sites\/18\/2026\/03\/Laureats-2026-1-768x768.png 768w, https:\/\/www.reseau-entreprendre.org\/vendee\/wp-content\/uploads\/sites\/18\/2026\/03\/Laureats-2026-1-500x500.png 500w, https:\/\/www.reseau-entreprendre.org\/vendee\/wp-content\/uploads\/sites\/18\/2026\/03\/Laureats-2026-1-1536x1536.png 1536w, https:\/\/www.reseau-entreprendre.org\/vendee\/wp-content\/uploads\/sites\/18\/2026\/03\/Laureats-2026-1-130x130.png 130w, https:\/\/www.reseau-entreprendre.org\/vendee\/wp-content\/uploads\/sites\/18\/2026\/03\/Laureats-2026-1-100x100.png 100w\" sizes=\"auto, (max-width: 2000px) 100vw, 2000px\" \/><\/a><\/figure>\n\n\n<aside class=\"wp-block-group alignwide has-re-yellow-color has-text-color has-background has-small-font-size\" style=\"background-color:#f5f5f5\"><div class=\"wp-block-group__inner-container is-layout-constrained wp-block-group-is-layout-constrained\"><h2 style=\"color:#212529; font-style:normal;font-weight:600;\" class=\"wp-block-post-title has-text-color has-medium-font-size\">LE DIGRAPHE (croissance) : Thomas AILLERET<\/h2>\n\n<div class=\"has-text-align-left wp-block-post-date has-text-color has-re-yellow-color\"><time datetime=\"2026-03-20T11:40:20+01:00\"><a href=\"https:\/\/www.reseau-entreprendre.org\/vendee\/2026\/03\/20\/le-digraphe-croissance-thomas-ailleret\/\">20 mars 2026<\/a><\/time><\/div><\/div><\/aside>\n\n<\/li><li class=\"wp-block-post post-10607 post type-post status-publish format-standard has-post-thumbnail hentry category-actualites category-laureats-2026 news \">\n<figure class=\"news__card wp-block-post-featured-image wp-duotone-unset-3\"><a href=\"https:\/\/www.reseau-entreprendre.org\/vendee\/2026\/02\/16\/arjomeca-reprise-magali-et-mickael-fetiveau\/\" target=\"_self\"  ><img loading=\"lazy\" decoding=\"async\" width=\"2000\" height=\"2000\" src=\"https:\/\/www.reseau-entreprendre.org\/vendee\/wp-content\/uploads\/sites\/18\/2026\/02\/ARJOMECA.png\" class=\"attachment-post-thumbnail size-post-thumbnail wp-post-image\" alt=\"ARJOMECA (reprise) : Magali et Micka\u00ebl FETIVEAU\" style=\"object-fit:cover;\" srcset=\"https:\/\/www.reseau-entreprendre.org\/vendee\/wp-content\/uploads\/sites\/18\/2026\/02\/ARJOMECA.png 2000w, https:\/\/www.reseau-entreprendre.org\/vendee\/wp-content\/uploads\/sites\/18\/2026\/02\/ARJOMECA-300x300.png 300w, https:\/\/www.reseau-entreprendre.org\/vendee\/wp-content\/uploads\/sites\/18\/2026\/02\/ARJOMECA-1024x1024.png 1024w, https:\/\/www.reseau-entreprendre.org\/vendee\/wp-content\/uploads\/sites\/18\/2026\/02\/ARJOMECA-150x150.png 150w, https:\/\/www.reseau-entreprendre.org\/vendee\/wp-content\/uploads\/sites\/18\/2026\/02\/ARJOMECA-768x768.png 768w, https:\/\/www.reseau-entreprendre.org\/vendee\/wp-content\/uploads\/sites\/18\/2026\/02\/ARJOMECA-500x500.png 500w, https:\/\/www.reseau-entreprendre.org\/vendee\/wp-content\/uploads\/sites\/18\/2026\/02\/ARJOMECA-1536x1536.png 1536w, https:\/\/www.reseau-entreprendre.org\/vendee\/wp-content\/uploads\/sites\/18\/2026\/02\/ARJOMECA-130x130.png 130w, https:\/\/www.reseau-entreprendre.org\/vendee\/wp-content\/uploads\/sites\/18\/2026\/02\/ARJOMECA-100x100.png 100w\" sizes=\"auto, (max-width: 2000px) 100vw, 2000px\" \/><\/a><\/figure>\n\n\n<aside class=\"wp-block-group alignwide has-re-yellow-color has-text-color has-background has-small-font-size\" style=\"background-color:#f5f5f5\"><div class=\"wp-block-group__inner-container is-layout-constrained wp-block-group-is-layout-constrained\"><h2 style=\"color:#212529; font-style:normal;font-weight:600;\" class=\"wp-block-post-title has-text-color has-medium-font-size\">ARJOMECA (reprise) : Magali et Micka\u00ebl FETIVEAU<\/h2>\n\n<div class=\"has-text-align-left wp-block-post-date has-text-color has-re-yellow-color\"><time datetime=\"2026-02-16T16:52:58+01:00\"><a href=\"https:\/\/www.reseau-entreprendre.org\/vendee\/2026\/02\/16\/arjomeca-reprise-magali-et-mickael-fetiveau\/\">16 f\u00e9vrier 2026<\/a><\/time><\/div><\/div><\/aside>\n\n<\/li><li class=\"wp-block-post post-10337 post type-post status-publish format-standard has-post-thumbnail hentry category-actualites category-laureats-2026 news \">\n<figure class=\"news__card wp-block-post-featured-image wp-duotone-unset-4\"><a href=\"https:\/\/www.reseau-entreprendre.org\/vendee\/2026\/02\/12\/vendesia-creation-clement-rocher\/\" target=\"_self\"  ><img loading=\"lazy\" decoding=\"async\" width=\"2250\" height=\"2250\" src=\"https:\/\/www.reseau-entreprendre.org\/vendee\/wp-content\/uploads\/sites\/18\/2026\/02\/VENDESIA.png\" class=\"attachment-post-thumbnail size-post-thumbnail wp-post-image\" alt=\"VENDESIA (cr\u00e9ation) : Cl\u00e9ment ROCHER\" style=\"object-fit:cover;\" srcset=\"https:\/\/www.reseau-entreprendre.org\/vendee\/wp-content\/uploads\/sites\/18\/2026\/02\/VENDESIA.png 2250w, https:\/\/www.reseau-entreprendre.org\/vendee\/wp-content\/uploads\/sites\/18\/2026\/02\/VENDESIA-300x300.png 300w, https:\/\/www.reseau-entreprendre.org\/vendee\/wp-content\/uploads\/sites\/18\/2026\/02\/VENDESIA-1024x1024.png 1024w, https:\/\/www.reseau-entreprendre.org\/vendee\/wp-content\/uploads\/sites\/18\/2026\/02\/VENDESIA-150x150.png 150w, https:\/\/www.reseau-entreprendre.org\/vendee\/wp-content\/uploads\/sites\/18\/2026\/02\/VENDESIA-768x768.png 768w, https:\/\/www.reseau-entreprendre.org\/vendee\/wp-content\/uploads\/sites\/18\/2026\/02\/VENDESIA-500x500.png 500w, https:\/\/www.reseau-entreprendre.org\/vendee\/wp-content\/uploads\/sites\/18\/2026\/02\/VENDESIA-1536x1536.png 1536w, https:\/\/www.reseau-entreprendre.org\/vendee\/wp-content\/uploads\/sites\/18\/2026\/02\/VENDESIA-2048x2048.png 2048w, https:\/\/www.reseau-entreprendre.org\/vendee\/wp-content\/uploads\/sites\/18\/2026\/02\/VENDESIA-130x130.png 130w, https:\/\/www.reseau-entreprendre.org\/vendee\/wp-content\/uploads\/sites\/18\/2026\/02\/VENDESIA-100x100.png 100w\" sizes=\"auto, (max-width: 2250px) 100vw, 2250px\" \/><\/a><\/figure>\n\n\n<aside class=\"wp-block-group alignwide has-re-yellow-color has-text-color has-background has-small-font-size\" style=\"background-color:#f5f5f5\"><div class=\"wp-block-group__inner-container is-layout-constrained wp-block-group-is-layout-constrained\"><h2 style=\"color:#212529; font-style:normal;font-weight:600;\" class=\"wp-block-post-title has-text-color has-medium-font-size\">VENDESIA (cr\u00e9ation) : Cl\u00e9ment ROCHER<\/h2>\n\n<div class=\"has-text-align-left wp-block-post-date has-text-color has-re-yellow-color\"><time datetime=\"2026-02-12T11:40:30+01:00\"><a href=\"https:\/\/www.reseau-entreprendre.org\/vendee\/2026\/02\/12\/vendesia-creation-clement-rocher\/\">12 f\u00e9vrier 2026<\/a><\/time><\/div><\/div><\/aside>\n\n<\/li><li class=\"wp-block-post post-10307 post type-post status-publish format-standard has-post-thumbnail hentry category-actualites category-laureats-2026 news \">\n<figure class=\"news__card wp-block-post-featured-image wp-duotone-unset-5\"><a href=\"https:\/\/www.reseau-entreprendre.org\/vendee\/2026\/02\/05\/argistyle-creation-alexandre-alain\/\" target=\"_self\"  ><img loading=\"lazy\" decoding=\"async\" width=\"2500\" height=\"2500\" src=\"https:\/\/www.reseau-entreprendre.org\/vendee\/wp-content\/uploads\/sites\/18\/2026\/02\/ARGISTYLE.png\" class=\"attachment-post-thumbnail size-post-thumbnail wp-post-image\" alt=\"ARGISTYLE (cr\u00e9ation) : Alexandre ALAIN\" style=\"object-fit:cover;\" srcset=\"https:\/\/www.reseau-entreprendre.org\/vendee\/wp-content\/uploads\/sites\/18\/2026\/02\/ARGISTYLE.png 2500w, https:\/\/www.reseau-entreprendre.org\/vendee\/wp-content\/uploads\/sites\/18\/2026\/02\/ARGISTYLE-300x300.png 300w, https:\/\/www.reseau-entreprendre.org\/vendee\/wp-content\/uploads\/sites\/18\/2026\/02\/ARGISTYLE-1024x1024.png 1024w, https:\/\/www.reseau-entreprendre.org\/vendee\/wp-content\/uploads\/sites\/18\/2026\/02\/ARGISTYLE-150x150.png 150w, https:\/\/www.reseau-entreprendre.org\/vendee\/wp-content\/uploads\/sites\/18\/2026\/02\/ARGISTYLE-768x768.png 768w, https:\/\/www.reseau-entreprendre.org\/vendee\/wp-content\/uploads\/sites\/18\/2026\/02\/ARGISTYLE-500x500.png 500w, https:\/\/www.reseau-entreprendre.org\/vendee\/wp-content\/uploads\/sites\/18\/2026\/02\/ARGISTYLE-1536x1536.png 1536w, https:\/\/www.reseau-entreprendre.org\/vendee\/wp-content\/uploads\/sites\/18\/2026\/02\/ARGISTYLE-2048x2048.png 2048w, https:\/\/www.reseau-entreprendre.org\/vendee\/wp-content\/uploads\/sites\/18\/2026\/02\/ARGISTYLE-130x130.png 130w, https:\/\/www.reseau-entreprendre.org\/vendee\/wp-content\/uploads\/sites\/18\/2026\/02\/ARGISTYLE-100x100.png 100w\" sizes=\"auto, (max-width: 2500px) 100vw, 2500px\" \/><\/a><\/figure>\n\n\n<aside class=\"wp-block-group alignwide has-re-yellow-color has-text-color has-background has-small-font-size\" style=\"background-color:#f5f5f5\"><div class=\"wp-block-group__inner-container is-layout-constrained wp-block-group-is-layout-constrained\"><h2 style=\"color:#212529; font-style:normal;font-weight:600;\" class=\"wp-block-post-title has-text-color has-medium-font-size\">ARGISTYLE (cr\u00e9ation) : Alexandre ALAIN<\/h2>\n\n<div class=\"has-text-align-left wp-block-post-date has-text-color has-re-yellow-color\"><time datetime=\"2026-02-05T10:25:15+01:00\"><a href=\"https:\/\/www.reseau-entreprendre.org\/vendee\/2026\/02\/05\/argistyle-creation-alexandre-alain\/\">5 f\u00e9vrier 2026<\/a><\/time><\/div><\/div><\/aside>\n\n<\/li><\/ul>\n\n\n\n<\/div>\n\n\n\n<p><\/p>\n","protected":false},"excerpt":{"rendered":"","protected":false},"author":18,"featured_media":0,"parent":0,"menu_order":0,"comment_status":"closed","ping_status":"closed","template":"","meta":{"_acf_changed":false,"_monsterinsights_skip_tracking":false,"_monsterinsights_sitenote_active":false,"_monsterinsights_sitenote_note":"","_monsterinsights_sitenote_category":0,"footnotes":""},"class_list":["post-10330","page","type-page","status-publish","hentry"],"acf":[],"yoast_head":"<!-- This site is optimized with the Yoast SEO plugin v27.3 - https:\/\/yoast.com\/product\/yoast-seo-wordpress\/ -->\n<title>Laur\u00e9ats 2026 - R\u00e9seau Entreprendre Vend\u00e9e<\/title>\n<meta name=\"robots\" content=\"index, follow, max-snippet:-1, max-image-preview:large, max-video-preview:-1\" \/>\n<link rel=\"canonical\" href=\"https:\/\/www.reseau-entreprendre.org\/vendee\/laureats-2026\/\" \/>\n<meta property=\"og:locale\" content=\"fr_FR\" \/>\n<meta property=\"og:type\" content=\"article\" \/>\n<meta property=\"og:title\" content=\"Laur\u00e9ats 2026 - R\u00e9seau Entreprendre Vend\u00e9e\" \/>\n<meta property=\"og:url\" content=\"https:\/\/www.reseau-entreprendre.org\/vendee\/laureats-2026\/\" \/>\n<meta property=\"og:site_name\" content=\"R\u00e9seau Entreprendre Vend\u00e9e\" \/>\n<meta property=\"article:modified_time\" content=\"2026-02-13T13:11:35+00:00\" \/>\n<meta name=\"twitter:card\" content=\"summary_large_image\" \/>\n<script type=\"application\/ld+json\" class=\"yoast-schema-graph\">{\"@context\":\"https:\\\/\\\/schema.org\",\"@graph\":[{\"@type\":\"WebPage\",\"@id\":\"https:\\\/\\\/www.reseau-entreprendre.org\\\/vendee\\\/laureats-2026\\\/\",\"url\":\"https:\\\/\\\/www.reseau-entreprendre.org\\\/vendee\\\/laureats-2026\\\/\",\"name\":\"Laur\u00e9ats 2026 - R\u00e9seau Entreprendre Vend\u00e9e\",\"isPartOf\":{\"@id\":\"https:\\\/\\\/www.reseau-entreprendre.org\\\/vendee\\\/#website\"},\"datePublished\":\"2026-02-09T16:40:31+00:00\",\"dateModified\":\"2026-02-13T13:11:35+00:00\",\"breadcrumb\":{\"@id\":\"https:\\\/\\\/www.reseau-entreprendre.org\\\/vendee\\\/laureats-2026\\\/#breadcrumb\"},\"inLanguage\":\"fr-FR\",\"potentialAction\":[{\"@type\":\"ReadAction\",\"target\":[\"https:\\\/\\\/www.reseau-entreprendre.org\\\/vendee\\\/laureats-2026\\\/\"]}]},{\"@type\":\"BreadcrumbList\",\"@id\":\"https:\\\/\\\/www.reseau-entreprendre.org\\\/vendee\\\/laureats-2026\\\/#breadcrumb\",\"itemListElement\":[{\"@type\":\"ListItem\",\"position\":1,\"name\":\"Accueil\",\"item\":\"https:\\\/\\\/www.reseau-entreprendre.org\\\/vendee\\\/\"},{\"@type\":\"ListItem\",\"position\":2,\"name\":\"Laur\u00e9ats 2026\"}]},{\"@type\":\"WebSite\",\"@id\":\"https:\\\/\\\/www.reseau-entreprendre.org\\\/vendee\\\/#website\",\"url\":\"https:\\\/\\\/www.reseau-entreprendre.org\\\/vendee\\\/\",\"name\":\"R\u00e9seau Entreprendre Vend\u00e9e\",\"description\":\"Un site utilisant Les sites de R\u00e9seau Entreprendre\",\"potentialAction\":[{\"@type\":\"SearchAction\",\"target\":{\"@type\":\"EntryPoint\",\"urlTemplate\":\"https:\\\/\\\/www.reseau-entreprendre.org\\\/vendee\\\/?s={search_term_string}\"},\"query-input\":{\"@type\":\"PropertyValueSpecification\",\"valueRequired\":true,\"valueName\":\"search_term_string\"}}],\"inLanguage\":\"fr-FR\"}]}<\/script>\n<!-- \/ Yoast SEO plugin. -->","yoast_head_json":{"title":"Laur\u00e9ats 2026 - R\u00e9seau Entreprendre Vend\u00e9e","robots":{"index":"index","follow":"follow","max-snippet":"max-snippet:-1","max-image-preview":"max-image-preview:large","max-video-preview":"max-video-preview:-1"},"canonical":"https:\/\/www.reseau-entreprendre.org\/vendee\/laureats-2026\/","og_locale":"fr_FR","og_type":"article","og_title":"Laur\u00e9ats 2026 - R\u00e9seau Entreprendre Vend\u00e9e","og_url":"https:\/\/www.reseau-entreprendre.org\/vendee\/laureats-2026\/","og_site_name":"R\u00e9seau Entreprendre Vend\u00e9e","article_modified_time":"2026-02-13T13:11:35+00:00","twitter_card":"summary_large_image","schema":{"@context":"https:\/\/schema.org","@graph":[{"@type":"WebPage","@id":"https:\/\/www.reseau-entreprendre.org\/vendee\/laureats-2026\/","url":"https:\/\/www.reseau-entreprendre.org\/vendee\/laureats-2026\/","name":"Laur\u00e9ats 2026 - R\u00e9seau Entreprendre Vend\u00e9e","isPartOf":{"@id":"https:\/\/www.reseau-entreprendre.org\/vendee\/#website"},"datePublished":"2026-02-09T16:40:31+00:00","dateModified":"2026-02-13T13:11:35+00:00","breadcrumb":{"@id":"https:\/\/www.reseau-entreprendre.org\/vendee\/laureats-2026\/#breadcrumb"},"inLanguage":"fr-FR","potentialAction":[{"@type":"ReadAction","target":["https:\/\/www.reseau-entreprendre.org\/vendee\/laureats-2026\/"]}]},{"@type":"BreadcrumbList","@id":"https:\/\/www.reseau-entreprendre.org\/vendee\/laureats-2026\/#breadcrumb","itemListElement":[{"@type":"ListItem","position":1,"name":"Accueil","item":"https:\/\/www.reseau-entreprendre.org\/vendee\/"},{"@type":"ListItem","position":2,"name":"Laur\u00e9ats 2026"}]},{"@type":"WebSite","@id":"https:\/\/www.reseau-entreprendre.org\/vendee\/#website","url":"https:\/\/www.reseau-entreprendre.org\/vendee\/","name":"R\u00e9seau Entreprendre Vend\u00e9e","description":"Un site utilisant Les sites de R\u00e9seau Entreprendre","potentialAction":[{"@type":"SearchAction","target":{"@type":"EntryPoint","urlTemplate":"https:\/\/www.reseau-entreprendre.org\/vendee\/?s={search_term_string}"},"query-input":{"@type":"PropertyValueSpecification","valueRequired":true,"valueName":"search_term_string"}}],"inLanguage":"fr-FR"}]}},"_links":{"self":[{"href":"https:\/\/www.reseau-entreprendre.org\/vendee\/wp-json\/wp\/v2\/pages\/10330","targetHints":{"allow":["GET"]}}],"collection":[{"href":"https:\/\/www.reseau-entreprendre.org\/vendee\/wp-json\/wp\/v2\/pages"}],"about":[{"href":"https:\/\/www.reseau-entreprendre.org\/vendee\/wp-json\/wp\/v2\/types\/page"}],"author":[{"embeddable":true,"href":"https:\/\/www.reseau-entreprendre.org\/vendee\/wp-json\/wp\/v2\/users\/18"}],"replies":[{"embeddable":true,"href":"https:\/\/www.reseau-entreprendre.org\/vendee\/wp-json\/wp\/v2\/comments?post=10330"}],"version-history":[{"count":3,"href":"https:\/\/www.reseau-entreprendre.org\/vendee\/wp-json\/wp\/v2\/pages\/10330\/revisions"}],"predecessor-version":[{"id":10604,"href":"https:\/\/www.reseau-entreprendre.org\/vendee\/wp-json\/wp\/v2\/pages\/10330\/revisions\/10604"}],"wp:attachment":[{"href":"https:\/\/www.reseau-entreprendre.org\/vendee\/wp-json\/wp\/v2\/media?parent=10330"}],"curies":[{"name":"wp","href":"https:\/\/api.w.org\/{rel}","templated":true}]}}