{"id":11,"date":"2017-04-28T12:33:20","date_gmt":"2017-04-28T10:33:20","guid":{"rendered":"https:\/\/www.reseau-entreprendre.org\/vendee\/?page_id=11"},"modified":"2026-04-23T10:39:54","modified_gmt":"2026-04-23T08:39:54","slug":"qui-sommes-nous","status":"publish","type":"page","link":"https:\/\/www.reseau-entreprendre.org\/vendee\/qui-sommes-nous\/","title":{"rendered":"R\u00e9seau Entreprendre Vend\u00e9e"},"content":{"rendered":"\n<h2 class=\"wp-block-heading\"><strong>Qui sommes-nous ? <\/strong><\/h2>\n\n\n\n<p class=\"has-medium-font-size\"><strong>&#8220;<em>Pour cr\u00e9er des emplois, cr\u00e9ons des employeurs&#8221; <\/em><\/strong><\/p>\n\n\n<div class=\"wp-block-image\">\n<figure class=\"aligncenter size-large is-resized\"><img loading=\"lazy\" decoding=\"async\" width=\"1024\" height=\"513\" src=\"https:\/\/www.reseau-entreprendre.org\/vendee\/wp-content\/uploads\/sites\/18\/2024\/06\/k-1-1024x513.jpg\" alt=\"\" class=\"wp-image-8548\" style=\"width:1020px;height:auto\" srcset=\"https:\/\/www.reseau-entreprendre.org\/vendee\/wp-content\/uploads\/sites\/18\/2024\/06\/k-1-1024x513.jpg 1024w, https:\/\/www.reseau-entreprendre.org\/vendee\/wp-content\/uploads\/sites\/18\/2024\/06\/k-1-300x150.jpg 300w, https:\/\/www.reseau-entreprendre.org\/vendee\/wp-content\/uploads\/sites\/18\/2024\/06\/k-1-768x385.jpg 768w, https:\/\/www.reseau-entreprendre.org\/vendee\/wp-content\/uploads\/sites\/18\/2024\/06\/k-1-1536x770.jpg 1536w, https:\/\/www.reseau-entreprendre.org\/vendee\/wp-content\/uploads\/sites\/18\/2024\/06\/k-1-2048x1026.jpg 2048w, https:\/\/www.reseau-entreprendre.org\/vendee\/wp-content\/uploads\/sites\/18\/2024\/06\/k-1-210x105.jpg 210w, https:\/\/www.reseau-entreprendre.org\/vendee\/wp-content\/uploads\/sites\/18\/2024\/06\/k-1-100x50.jpg 100w\" sizes=\"auto, (max-width: 1024px) 100vw, 1024px\" \/><\/figure>\n<\/div>\n\n\n<div style=\"height:28px\" aria-hidden=\"true\" class=\"wp-block-spacer\"><\/div>\n\n\n\n<p style=\"font-size:16px\">Une phrase riche de sens prononc\u00e9e par Andr\u00e9 MULLIEZ en 1986 et qui r\u00e9sume parfaitement l\u2019id\u00e9e fondatrice de R\u00e9seau Entreprendre\u00ae.<\/p>\n\n\n\n<p style=\"font-size:16px\">30 ans plus tard, ce r\u00e9seau d\u2019association de chefs d\u2019entreprise unique dans le paysage \u00e9conomique est pr\u00e9sent dans 10 pays, avec plus de 122 implantations.<\/p>\n\n\n\n<p style=\"font-size:16px\">R\u00e9seau Entreprendre\u00ae Vend\u00e9e est une association loi 1901 d\u00e9clar\u00e9e d\u2019utilit\u00e9 publique, exclusivement financ\u00e9e par les cotisations de ses membres. Cr\u00e9\u00e9e en 2006, elle est compos\u00e9e de 300 membres chefs d\u2019entreprises b\u00e9n\u00e9voles vend\u00e9ens. Notre action est port\u00e9e par 3 fondamentaux :<\/p>\n\n\n\n<p class=\"has-text-align-center\" style=\"font-size:16px\">&nbsp;&nbsp;&nbsp;&nbsp;&nbsp;&nbsp;&#8211;  L\u2019important c\u2019est la PERSONNE<\/p>\n\n\n\n<p class=\"has-text-align-center\" style=\"font-size:16px\">&nbsp;&nbsp;&nbsp;&nbsp;&nbsp;&#8211;&nbsp; Le principe, c\u2019est la GRATUIT\u00c9<\/p>\n\n\n\n<p class=\"has-text-align-center\" style=\"font-size:16px\">&nbsp;&nbsp;&nbsp;&nbsp;&#8211;&nbsp; L\u2019esprit, c\u2019est la R\u00c9CIPROCIT\u00c9<\/p>\n\n\n\n<div style=\"height:25px\" aria-hidden=\"true\" class=\"wp-block-spacer\"><\/div>\n\n\n\n<h2 class=\"wp-block-heading\"><strong>Nos missions<\/strong><\/h2>\n\n\n\n<div class=\"wp-block-columns is-layout-flex wp-container-core-columns-is-layout-9d6595d7 wp-block-columns-is-layout-flex\">\n<div class=\"wp-block-column is-layout-flow wp-block-column-is-layout-flow\">\n<ul class=\"wp-block-list\">\n<li style=\"font-size:16px\">Cr\u00e9er des emplois en Vend\u00e9e en accompagnant des dirigeants d\u2019entreprises dans la r\u00e9ussite de leur activit\u00e9.<\/li>\n\n\n\n<li style=\"font-size:16px\">F\u00e9d\u00e9rer une communaut\u00e9 engag\u00e9e et solidaire de chefs d\u2019entreprises vend\u00e9ens autour d\u2019une dynamique \u00e9conomique commune<\/li>\n<\/ul>\n<\/div>\n\n\n\n<div class=\"wp-block-column is-layout-flow wp-block-column-is-layout-flow\">\n<figure class=\"wp-block-embed is-type-video is-provider-youtube wp-block-embed-youtube wp-embed-aspect-16-9 wp-has-aspect-ratio\"><div class=\"wp-block-embed__wrapper\">\n<iframe loading=\"lazy\" title=\"AG 21- Ile d&#039;Yeu\" width=\"500\" height=\"281\" src=\"https:\/\/www.youtube.com\/embed\/TywZVe475zU?feature=oembed\" frameborder=\"0\" allow=\"accelerometer; autoplay; clipboard-write; encrypted-media; gyroscope; picture-in-picture; web-share\" referrerpolicy=\"strict-origin-when-cross-origin\" allowfullscreen><\/iframe>\n<\/div><\/figure>\n<\/div>\n<\/div>\n\n\n\n<p><\/p>\n\n\n\n<p><\/p>\n\n\n\n<h2 class=\"wp-block-heading\"><strong>Notre organisation<\/strong><\/h2>\n\n\n\n<p style=\"font-size:16px\">Bas\u00e9e \u00e0 La Roche-sur-Yon, l\u2019association, pr\u00e9sid\u00e9e par<strong>Christophe Cougnaud<\/strong>, est compos\u00e9e d\u2019une \u00e9quipe de quatre personnes : <strong>Claire P\u00c9AULT,<\/strong> Directrice, <strong>Magalie BOURON,<\/strong> charg\u00e9e d\u2019accompagnement, <strong>Laur\u00e8ne DANCLA<\/strong> charg\u00e9e de communication et <strong>St\u00e9phanie Erceau,<\/strong> charg\u00e9e de gestion et comptabilit\u00e9.<\/p>\n\n\n\n<div style=\"height:50px\" aria-hidden=\"true\" class=\"wp-block-spacer\"><\/div>\n\n\n\n<div class=\"wp-block-columns is-layout-flex wp-container-core-columns-is-layout-9d6595d7 wp-block-columns-is-layout-flex\">\n<div class=\"wp-block-column is-layout-flow wp-block-column-is-layout-flow\" style=\"flex-basis:33.33%\">\n<figure class=\"wp-block-image size-large\"><img loading=\"lazy\" decoding=\"async\" width=\"683\" height=\"1024\" src=\"https:\/\/www.reseau-entreprendre.org\/vendee\/wp-content\/uploads\/sites\/18\/2024\/06\/Christophe-Cougnaud-683x1024.jpg\" alt=\"\" class=\"wp-image-8545\" srcset=\"https:\/\/www.reseau-entreprendre.org\/vendee\/wp-content\/uploads\/sites\/18\/2024\/06\/Christophe-Cougnaud-683x1024.jpg 683w, https:\/\/www.reseau-entreprendre.org\/vendee\/wp-content\/uploads\/sites\/18\/2024\/06\/Christophe-Cougnaud-200x300.jpg 200w, https:\/\/www.reseau-entreprendre.org\/vendee\/wp-content\/uploads\/sites\/18\/2024\/06\/Christophe-Cougnaud-768x1152.jpg 768w, https:\/\/www.reseau-entreprendre.org\/vendee\/wp-content\/uploads\/sites\/18\/2024\/06\/Christophe-Cougnaud-1024x1536.jpg 1024w, https:\/\/www.reseau-entreprendre.org\/vendee\/wp-content\/uploads\/sites\/18\/2024\/06\/Christophe-Cougnaud-1365x2048.jpg 1365w, https:\/\/www.reseau-entreprendre.org\/vendee\/wp-content\/uploads\/sites\/18\/2024\/06\/Christophe-Cougnaud-87x130.jpg 87w, https:\/\/www.reseau-entreprendre.org\/vendee\/wp-content\/uploads\/sites\/18\/2024\/06\/Christophe-Cougnaud-67x100.jpg 67w, https:\/\/www.reseau-entreprendre.org\/vendee\/wp-content\/uploads\/sites\/18\/2024\/06\/Christophe-Cougnaud-scaled.jpg 1707w\" sizes=\"auto, (max-width: 683px) 100vw, 683px\" \/><\/figure>\n<\/div>\n\n\n\n<div class=\"wp-block-column is-layout-flow wp-block-column-is-layout-flow\" style=\"flex-basis:100%\">\n<h2 class=\"wp-block-heading\">Christophe Cougnaud, Pr\u00e9sident <br>de R\u00e9seau Entreprendre Vend\u00e9e<\/h2>\n\n\n\n<p><\/p>\n\n\n\n<p style=\"font-size:16px\">Tr\u00e8s actif au sein de notre association, Christophe Cougnaud y multiplie les engagements depuis de nombreuses ann\u00e9es. Administrateur pendant 9 ans et parrain de la promotion des Laur\u00e9ats 2022, il a \u00e9galement accompagn\u00e9 des laur\u00e9ats \u00e0 3 reprises, sur une dur\u00e9e cumul\u00e9e de 6 ans.<\/p>\n\n\n\n<p class=\"has-re-blue-color has-text-color\" style=\"font-size:16px\">\u00ab <em>C\u2019est une grande fiert\u00e9 pour moi de repr\u00e9senter l\u2019association pour ces 3 prochaines ann\u00e9es. R\u00e9seau Entreprendre Vend\u00e9e s\u2019appuie sur le potentiel humain de notre territoire vend\u00e9en et nous guide au quotidien dans la r\u00e9ussite de nos activit\u00e9s. V\u00e9ritable r\u00e9f\u00e9rence en mati\u00e8re d\u2019accompagnement entrepreneurial, porter les couleurs de ce r\u00e9seau unique, c\u2019est t\u00e9moigner du dynamisme et de l\u2019attractivit\u00e9 \u00e9conomique du territoire, cr\u00e9er un maillage solide de dirigeants engag\u00e9s qui favorise les \u00e9changes et le partage les savoir-faire<\/em>. \u00bb<\/p>\n\n\n\n<p style=\"font-size:16px\">Christophe COUGNAUD &#8211; Co-dirigeant du Groupe COUGNAUD<\/p>\n<\/div>\n<\/div>\n\n\n\n<div style=\"height:20px\" aria-hidden=\"true\" class=\"wp-block-spacer\"><\/div>\n\n\n\n<h2 class=\"wp-block-heading has-re-yellow-color has-text-color has-link-color wp-elements-c7f6269b0288d40f900422c553c6617c\"><strong>Le Conseil d&#8217;Administration<\/strong><\/h2>\n\n\n<div class=\"wp-block-image\">\n<figure class=\"aligncenter size-full is-resized\"><img loading=\"lazy\" decoding=\"async\" width=\"2441\" height=\"1326\" src=\"https:\/\/www.reseau-entreprendre.org\/vendee\/wp-content\/uploads\/sites\/18\/2026\/04\/Pages-dextraits-sans-titre.png\" alt=\"\" class=\"wp-image-10640\" style=\"aspect-ratio:1.8417619522676694;width:1059px;height:auto\" srcset=\"https:\/\/www.reseau-entreprendre.org\/vendee\/wp-content\/uploads\/sites\/18\/2026\/04\/Pages-dextraits-sans-titre.png 2441w, https:\/\/www.reseau-entreprendre.org\/vendee\/wp-content\/uploads\/sites\/18\/2026\/04\/Pages-dextraits-sans-titre-300x163.png 300w, https:\/\/www.reseau-entreprendre.org\/vendee\/wp-content\/uploads\/sites\/18\/2026\/04\/Pages-dextraits-sans-titre-1024x556.png 1024w, https:\/\/www.reseau-entreprendre.org\/vendee\/wp-content\/uploads\/sites\/18\/2026\/04\/Pages-dextraits-sans-titre-768x417.png 768w, https:\/\/www.reseau-entreprendre.org\/vendee\/wp-content\/uploads\/sites\/18\/2026\/04\/Pages-dextraits-sans-titre-1536x834.png 1536w, https:\/\/www.reseau-entreprendre.org\/vendee\/wp-content\/uploads\/sites\/18\/2026\/04\/Pages-dextraits-sans-titre-2048x1113.png 2048w, https:\/\/www.reseau-entreprendre.org\/vendee\/wp-content\/uploads\/sites\/18\/2026\/04\/Pages-dextraits-sans-titre-210x114.png 210w, https:\/\/www.reseau-entreprendre.org\/vendee\/wp-content\/uploads\/sites\/18\/2026\/04\/Pages-dextraits-sans-titre-100x54.png 100w\" sizes=\"auto, (max-width: 2441px) 100vw, 2441px\" \/><\/figure>\n<\/div>\n\n\n<p><\/p>\n","protected":false},"excerpt":{"rendered":"<p>Qui sommes-nous ? &#8220;Pour cr\u00e9er des emplois, cr\u00e9ons des employeurs&#8221;<\/p>\n","protected":false},"author":18,"featured_media":0,"parent":0,"menu_order":0,"comment_status":"closed","ping_status":"closed","template":"","meta":{"_acf_changed":false,"_monsterinsights_skip_tracking":false,"_monsterinsights_sitenote_active":false,"_monsterinsights_sitenote_note":"","_monsterinsights_sitenote_category":0,"footnotes":""},"class_list":["post-11","page","type-page","status-publish","hentry"],"acf":[],"yoast_head":"<!-- This site is optimized with the Yoast SEO plugin v27.4 - https:\/\/yoast.com\/product\/yoast-seo-wordpress\/ -->\n<title>Qui sommes-nous ? | Reseau Entreprendre Vend\u00e9e<\/title>\n<meta name=\"description\" content=\"R\u00e9seau Entreprendre Vend\u00e9e est l&#039;association de chefs d&#039;entreprise de votre r\u00e9gion.\" \/>\n<meta name=\"robots\" content=\"index, follow, max-snippet:-1, max-image-preview:large, max-video-preview:-1\" \/>\n<link rel=\"canonical\" href=\"https:\/\/www.reseau-entreprendre.org\/vendee\/qui-sommes-nous\/\" \/>\n<meta property=\"og:locale\" content=\"fr_FR\" \/>\n<meta property=\"og:type\" content=\"article\" \/>\n<meta property=\"og:title\" content=\"Qui sommes-nous ? | Reseau Entreprendre Vend\u00e9e\" \/>\n<meta property=\"og:description\" content=\"R\u00e9seau Entreprendre Vend\u00e9e est l&#039;association de chefs d&#039;entreprise de votre r\u00e9gion.\" \/>\n<meta property=\"og:url\" content=\"https:\/\/www.reseau-entreprendre.org\/vendee\/qui-sommes-nous\/\" \/>\n<meta property=\"og:site_name\" content=\"R\u00e9seau Entreprendre Vend\u00e9e\" \/>\n<meta property=\"article:modified_time\" content=\"2026-04-23T08:39:54+00:00\" \/>\n<meta property=\"og:image\" content=\"https:\/\/www.reseau-entreprendre.org\/vendee\/wp-content\/uploads\/sites\/18\/2024\/06\/k-1-scaled.jpg\" \/>\n\t<meta property=\"og:image:width\" content=\"2560\" \/>\n\t<meta property=\"og:image:height\" content=\"1283\" \/>\n\t<meta property=\"og:image:type\" content=\"image\/jpeg\" \/>\n<meta name=\"twitter:card\" content=\"summary_large_image\" \/>\n<meta name=\"twitter:label1\" content=\"Dur\u00e9e de lecture estim\u00e9e\" \/>\n\t<meta name=\"twitter:data1\" content=\"3 minutes\" \/>\n<script type=\"application\/ld+json\" class=\"yoast-schema-graph\">{\"@context\":\"https:\\\/\\\/schema.org\",\"@graph\":[{\"@type\":\"WebPage\",\"@id\":\"https:\\\/\\\/www.reseau-entreprendre.org\\\/vendee\\\/qui-sommes-nous\\\/\",\"url\":\"https:\\\/\\\/www.reseau-entreprendre.org\\\/vendee\\\/qui-sommes-nous\\\/\",\"name\":\"Qui sommes-nous ? | Reseau Entreprendre Vend\u00e9e\",\"isPartOf\":{\"@id\":\"https:\\\/\\\/www.reseau-entreprendre.org\\\/vendee\\\/#website\"},\"primaryImageOfPage\":{\"@id\":\"https:\\\/\\\/www.reseau-entreprendre.org\\\/vendee\\\/qui-sommes-nous\\\/#primaryimage\"},\"image\":{\"@id\":\"https:\\\/\\\/www.reseau-entreprendre.org\\\/vendee\\\/qui-sommes-nous\\\/#primaryimage\"},\"thumbnailUrl\":\"https:\\\/\\\/www.reseau-entreprendre.org\\\/vendee\\\/wp-content\\\/uploads\\\/sites\\\/18\\\/2024\\\/06\\\/k-1-1024x513.jpg\",\"datePublished\":\"2017-04-28T10:33:20+00:00\",\"dateModified\":\"2026-04-23T08:39:54+00:00\",\"description\":\"R\u00e9seau Entreprendre Vend\u00e9e est l'association de chefs d'entreprise de votre r\u00e9gion.\",\"breadcrumb\":{\"@id\":\"https:\\\/\\\/www.reseau-entreprendre.org\\\/vendee\\\/qui-sommes-nous\\\/#breadcrumb\"},\"inLanguage\":\"fr-FR\",\"potentialAction\":[{\"@type\":\"ReadAction\",\"target\":[\"https:\\\/\\\/www.reseau-entreprendre.org\\\/vendee\\\/qui-sommes-nous\\\/\"]}]},{\"@type\":\"ImageObject\",\"inLanguage\":\"fr-FR\",\"@id\":\"https:\\\/\\\/www.reseau-entreprendre.org\\\/vendee\\\/qui-sommes-nous\\\/#primaryimage\",\"url\":\"https:\\\/\\\/www.reseau-entreprendre.org\\\/vendee\\\/wp-content\\\/uploads\\\/sites\\\/18\\\/2024\\\/06\\\/k-1-scaled.jpg\",\"contentUrl\":\"https:\\\/\\\/www.reseau-entreprendre.org\\\/vendee\\\/wp-content\\\/uploads\\\/sites\\\/18\\\/2024\\\/06\\\/k-1-scaled.jpg\",\"width\":2560,\"height\":1283},{\"@type\":\"BreadcrumbList\",\"@id\":\"https:\\\/\\\/www.reseau-entreprendre.org\\\/vendee\\\/qui-sommes-nous\\\/#breadcrumb\",\"itemListElement\":[{\"@type\":\"ListItem\",\"position\":1,\"name\":\"Accueil\",\"item\":\"https:\\\/\\\/www.reseau-entreprendre.org\\\/vendee\\\/\"},{\"@type\":\"ListItem\",\"position\":2,\"name\":\"R\u00e9seau Entreprendre Vend\u00e9e\"}]},{\"@type\":\"WebSite\",\"@id\":\"https:\\\/\\\/www.reseau-entreprendre.org\\\/vendee\\\/#website\",\"url\":\"https:\\\/\\\/www.reseau-entreprendre.org\\\/vendee\\\/\",\"name\":\"R\u00e9seau Entreprendre Vend\u00e9e\",\"description\":\"Un site utilisant Les sites de R\u00e9seau Entreprendre\",\"potentialAction\":[{\"@type\":\"SearchAction\",\"target\":{\"@type\":\"EntryPoint\",\"urlTemplate\":\"https:\\\/\\\/www.reseau-entreprendre.org\\\/vendee\\\/?s={search_term_string}\"},\"query-input\":{\"@type\":\"PropertyValueSpecification\",\"valueRequired\":true,\"valueName\":\"search_term_string\"}}],\"inLanguage\":\"fr-FR\"}]}<\/script>\n<!-- \/ Yoast SEO plugin. -->","yoast_head_json":{"title":"Qui sommes-nous ? | Reseau Entreprendre Vend\u00e9e","description":"R\u00e9seau Entreprendre Vend\u00e9e est l'association de chefs d'entreprise de votre r\u00e9gion.","robots":{"index":"index","follow":"follow","max-snippet":"max-snippet:-1","max-image-preview":"max-image-preview:large","max-video-preview":"max-video-preview:-1"},"canonical":"https:\/\/www.reseau-entreprendre.org\/vendee\/qui-sommes-nous\/","og_locale":"fr_FR","og_type":"article","og_title":"Qui sommes-nous ? | Reseau Entreprendre Vend\u00e9e","og_description":"R\u00e9seau Entreprendre Vend\u00e9e est l'association de chefs d'entreprise de votre r\u00e9gion.","og_url":"https:\/\/www.reseau-entreprendre.org\/vendee\/qui-sommes-nous\/","og_site_name":"R\u00e9seau Entreprendre Vend\u00e9e","article_modified_time":"2026-04-23T08:39:54+00:00","og_image":[{"width":2560,"height":1283,"url":"https:\/\/www.reseau-entreprendre.org\/vendee\/wp-content\/uploads\/sites\/18\/2024\/06\/k-1-scaled.jpg","type":"image\/jpeg"}],"twitter_card":"summary_large_image","twitter_misc":{"Dur\u00e9e de lecture estim\u00e9e":"3 minutes"},"schema":{"@context":"https:\/\/schema.org","@graph":[{"@type":"WebPage","@id":"https:\/\/www.reseau-entreprendre.org\/vendee\/qui-sommes-nous\/","url":"https:\/\/www.reseau-entreprendre.org\/vendee\/qui-sommes-nous\/","name":"Qui sommes-nous ? | Reseau Entreprendre Vend\u00e9e","isPartOf":{"@id":"https:\/\/www.reseau-entreprendre.org\/vendee\/#website"},"primaryImageOfPage":{"@id":"https:\/\/www.reseau-entreprendre.org\/vendee\/qui-sommes-nous\/#primaryimage"},"image":{"@id":"https:\/\/www.reseau-entreprendre.org\/vendee\/qui-sommes-nous\/#primaryimage"},"thumbnailUrl":"https:\/\/www.reseau-entreprendre.org\/vendee\/wp-content\/uploads\/sites\/18\/2024\/06\/k-1-1024x513.jpg","datePublished":"2017-04-28T10:33:20+00:00","dateModified":"2026-04-23T08:39:54+00:00","description":"R\u00e9seau Entreprendre Vend\u00e9e est l'association de chefs d'entreprise de votre r\u00e9gion.","breadcrumb":{"@id":"https:\/\/www.reseau-entreprendre.org\/vendee\/qui-sommes-nous\/#breadcrumb"},"inLanguage":"fr-FR","potentialAction":[{"@type":"ReadAction","target":["https:\/\/www.reseau-entreprendre.org\/vendee\/qui-sommes-nous\/"]}]},{"@type":"ImageObject","inLanguage":"fr-FR","@id":"https:\/\/www.reseau-entreprendre.org\/vendee\/qui-sommes-nous\/#primaryimage","url":"https:\/\/www.reseau-entreprendre.org\/vendee\/wp-content\/uploads\/sites\/18\/2024\/06\/k-1-scaled.jpg","contentUrl":"https:\/\/www.reseau-entreprendre.org\/vendee\/wp-content\/uploads\/sites\/18\/2024\/06\/k-1-scaled.jpg","width":2560,"height":1283},{"@type":"BreadcrumbList","@id":"https:\/\/www.reseau-entreprendre.org\/vendee\/qui-sommes-nous\/#breadcrumb","itemListElement":[{"@type":"ListItem","position":1,"name":"Accueil","item":"https:\/\/www.reseau-entreprendre.org\/vendee\/"},{"@type":"ListItem","position":2,"name":"R\u00e9seau Entreprendre Vend\u00e9e"}]},{"@type":"WebSite","@id":"https:\/\/www.reseau-entreprendre.org\/vendee\/#website","url":"https:\/\/www.reseau-entreprendre.org\/vendee\/","name":"R\u00e9seau Entreprendre Vend\u00e9e","description":"Un site utilisant Les sites de R\u00e9seau Entreprendre","potentialAction":[{"@type":"SearchAction","target":{"@type":"EntryPoint","urlTemplate":"https:\/\/www.reseau-entreprendre.org\/vendee\/?s={search_term_string}"},"query-input":{"@type":"PropertyValueSpecification","valueRequired":true,"valueName":"search_term_string"}}],"inLanguage":"fr-FR"}]}},"_links":{"self":[{"href":"https:\/\/www.reseau-entreprendre.org\/vendee\/wp-json\/wp\/v2\/pages\/11","targetHints":{"allow":["GET"]}}],"collection":[{"href":"https:\/\/www.reseau-entreprendre.org\/vendee\/wp-json\/wp\/v2\/pages"}],"about":[{"href":"https:\/\/www.reseau-entreprendre.org\/vendee\/wp-json\/wp\/v2\/types\/page"}],"author":[{"embeddable":true,"href":"https:\/\/www.reseau-entreprendre.org\/vendee\/wp-json\/wp\/v2\/users\/18"}],"replies":[{"embeddable":true,"href":"https:\/\/www.reseau-entreprendre.org\/vendee\/wp-json\/wp\/v2\/comments?post=11"}],"version-history":[{"count":3,"href":"https:\/\/www.reseau-entreprendre.org\/vendee\/wp-json\/wp\/v2\/pages\/11\/revisions"}],"predecessor-version":[{"id":10643,"href":"https:\/\/www.reseau-entreprendre.org\/vendee\/wp-json\/wp\/v2\/pages\/11\/revisions\/10643"}],"wp:attachment":[{"href":"https:\/\/www.reseau-entreprendre.org\/vendee\/wp-json\/wp\/v2\/media?parent=11"}],"curies":[{"name":"wp","href":"https:\/\/api.w.org\/{rel}","templated":true}]}}