{"id":15,"date":"2017-04-28T12:33:47","date_gmt":"2017-04-28T10:33:47","guid":{"rendered":"https:\/\/www.reseau-entreprendre.org\/vendee\/?page_id=15"},"modified":"2021-12-06T15:46:49","modified_gmt":"2021-12-06T14:46:49","slug":"accompagner","status":"publish","type":"page","link":"https:\/\/www.reseau-entreprendre.org\/vendee\/accompagner\/","title":{"rendered":"Devenir membre"},"content":{"rendered":"\n<p><strong>Vous \u00eates dirigeant(e) d\u2019entreprise ? Vous voulez partager, transmettre, recevoir ? Rejoignez R\u00e9seau Entreprendre Vend\u00e9e !<br>Devenir MEMBRE de R\u00e9seau Entreprendre Vend\u00e9e, c\u2019est : <\/strong><\/p>\n\n\n\n<p><\/p>\n\n\n\n<p><\/p>\n\n\n\n<h4 class=\"wp-block-heading\"><span style=\"color: #1595bf\">1 &#8211; Int\u00e9grer un r\u00e9seau PUISSANT et SOLIDAIRE<\/span><\/h4>\n\n\n\n<p><span style=\"color: #1595bf\"><span style=\"color: #000000\">compos\u00e9 de 242 membres dirigeants d\u2019entreprise vend\u00e9ens b\u00e9n\u00e9voles, engag\u00e9s dans la r\u00e9ussite de leur territoire.<\/span><\/span><\/p>\n\n\n\n<figure class=\"wp-block-gallery columns-3 is-cropped wp-block-gallery-1 is-layout-flex wp-block-gallery-is-layout-flex\"><ul class=\"blocks-gallery-grid\"><li class=\"blocks-gallery-item\"><figure><img loading=\"lazy\" decoding=\"async\" width=\"1024\" height=\"768\" src=\"https:\/\/www.reseau-entreprendre.org\/vendee\/wp-content\/uploads\/sites\/18\/2021\/12\/20200701_200808-1024x768.jpg\" alt=\"\" data-id=\"4281\" data-full-url=\"https:\/\/www.reseau-entreprendre.org\/vendee\/wp-content\/uploads\/sites\/18\/2021\/12\/20200701_200808-scaled.jpg\" data-link=\"https:\/\/www.reseau-entreprendre.org\/vendee\/20200701_200808\/\" class=\"wp-image-4281\" srcset=\"https:\/\/www.reseau-entreprendre.org\/vendee\/wp-content\/uploads\/sites\/18\/2021\/12\/20200701_200808-1024x768.jpg 1024w, https:\/\/www.reseau-entreprendre.org\/vendee\/wp-content\/uploads\/sites\/18\/2021\/12\/20200701_200808-300x225.jpg 300w, https:\/\/www.reseau-entreprendre.org\/vendee\/wp-content\/uploads\/sites\/18\/2021\/12\/20200701_200808-768x576.jpg 768w, https:\/\/www.reseau-entreprendre.org\/vendee\/wp-content\/uploads\/sites\/18\/2021\/12\/20200701_200808-1536x1152.jpg 1536w, https:\/\/www.reseau-entreprendre.org\/vendee\/wp-content\/uploads\/sites\/18\/2021\/12\/20200701_200808-2048x1536.jpg 2048w, https:\/\/www.reseau-entreprendre.org\/vendee\/wp-content\/uploads\/sites\/18\/2021\/12\/20200701_200808-173x130.jpg 173w\" sizes=\"auto, (max-width: 1024px) 100vw, 1024px\" \/><\/figure><\/li><li class=\"blocks-gallery-item\"><figure><img loading=\"lazy\" decoding=\"async\" width=\"1024\" height=\"621\" src=\"https:\/\/www.reseau-entreprendre.org\/vendee\/wp-content\/uploads\/sites\/18\/2021\/12\/IMG_1148-1024x621.jpg\" alt=\"\" data-id=\"4284\" data-full-url=\"https:\/\/www.reseau-entreprendre.org\/vendee\/wp-content\/uploads\/sites\/18\/2021\/12\/IMG_1148-scaled.jpg\" data-link=\"https:\/\/www.reseau-entreprendre.org\/vendee\/img_1148\/\" class=\"wp-image-4284\" srcset=\"https:\/\/www.reseau-entreprendre.org\/vendee\/wp-content\/uploads\/sites\/18\/2021\/12\/IMG_1148-1024x621.jpg 1024w, https:\/\/www.reseau-entreprendre.org\/vendee\/wp-content\/uploads\/sites\/18\/2021\/12\/IMG_1148-300x182.jpg 300w, https:\/\/www.reseau-entreprendre.org\/vendee\/wp-content\/uploads\/sites\/18\/2021\/12\/IMG_1148-768x466.jpg 768w, https:\/\/www.reseau-entreprendre.org\/vendee\/wp-content\/uploads\/sites\/18\/2021\/12\/IMG_1148-1536x932.jpg 1536w, https:\/\/www.reseau-entreprendre.org\/vendee\/wp-content\/uploads\/sites\/18\/2021\/12\/IMG_1148-2048x1243.jpg 2048w, https:\/\/www.reseau-entreprendre.org\/vendee\/wp-content\/uploads\/sites\/18\/2021\/12\/IMG_1148-210x127.jpg 210w\" sizes=\"auto, (max-width: 1024px) 100vw, 1024px\" \/><\/figure><\/li><li class=\"blocks-gallery-item\"><figure><img loading=\"lazy\" decoding=\"async\" width=\"1024\" height=\"701\" src=\"https:\/\/www.reseau-entreprendre.org\/vendee\/wp-content\/uploads\/sites\/18\/2021\/12\/20180626_194922-1024x701.jpg\" alt=\"\" data-id=\"4278\" data-full-url=\"https:\/\/www.reseau-entreprendre.org\/vendee\/wp-content\/uploads\/sites\/18\/2021\/12\/20180626_194922.jpg\" data-link=\"https:\/\/www.reseau-entreprendre.org\/vendee\/20180626_194922-2\/\" class=\"wp-image-4278\" srcset=\"https:\/\/www.reseau-entreprendre.org\/vendee\/wp-content\/uploads\/sites\/18\/2021\/12\/20180626_194922-1024x701.jpg 1024w, https:\/\/www.reseau-entreprendre.org\/vendee\/wp-content\/uploads\/sites\/18\/2021\/12\/20180626_194922-300x205.jpg 300w, https:\/\/www.reseau-entreprendre.org\/vendee\/wp-content\/uploads\/sites\/18\/2021\/12\/20180626_194922-768x525.jpg 768w, https:\/\/www.reseau-entreprendre.org\/vendee\/wp-content\/uploads\/sites\/18\/2021\/12\/20180626_194922-474x324.jpg 474w, https:\/\/www.reseau-entreprendre.org\/vendee\/wp-content\/uploads\/sites\/18\/2021\/12\/20180626_194922-190x130.jpg 190w, https:\/\/www.reseau-entreprendre.org\/vendee\/wp-content\/uploads\/sites\/18\/2021\/12\/20180626_194922.jpg 1140w\" sizes=\"auto, (max-width: 1024px) 100vw, 1024px\" \/><\/figure><\/li><\/ul><\/figure>\n\n\n\n<div style=\"height:29px\" aria-hidden=\"true\" class=\"wp-block-spacer\"><\/div>\n\n\n\n<h4 class=\"wp-block-heading\"><span style=\"color: #1595bf\">2 &#8211; Se RENCONTRER et \u00c9CHANGER <\/span><\/h4>\n\n\n\n<p>tout au long de l\u2019ann\u00e9e gr\u00e2ce \u00e0 une programmation riche d\u2019\u00e9v\u00e9nements et de rencontres toujours plac\u00e9s sous le signe de la CONVIVIALIT\u00c9.<\/p>\n\n\n\n<p><strong>Trois grandes soir\u00e9es par an o\u00f9 tout notre r\u00e9seau se retrouve avec plaisir et des rendez-vous r\u00e9guliers pr\u00e8s de chez vous pour rencontrer les membres et laur\u00e9ats de votre territoire.<\/strong><strong>&nbsp; <\/strong><\/p>\n\n\n\n<figure class=\"wp-block-gallery columns-3 is-cropped wp-block-gallery-2 is-layout-flex wp-block-gallery-is-layout-flex\"><ul class=\"blocks-gallery-grid\"><li class=\"blocks-gallery-item\"><figure><img loading=\"lazy\" decoding=\"async\" width=\"1024\" height=\"768\" src=\"https:\/\/www.reseau-entreprendre.org\/vendee\/wp-content\/uploads\/sites\/18\/2021\/12\/IMG_1156-1024x768.jpg\" alt=\"\" data-id=\"4285\" data-full-url=\"https:\/\/www.reseau-entreprendre.org\/vendee\/wp-content\/uploads\/sites\/18\/2021\/12\/IMG_1156-scaled.jpg\" data-link=\"https:\/\/www.reseau-entreprendre.org\/vendee\/img_1156-2\/\" class=\"wp-image-4285\" srcset=\"https:\/\/www.reseau-entreprendre.org\/vendee\/wp-content\/uploads\/sites\/18\/2021\/12\/IMG_1156-1024x768.jpg 1024w, https:\/\/www.reseau-entreprendre.org\/vendee\/wp-content\/uploads\/sites\/18\/2021\/12\/IMG_1156-300x225.jpg 300w, https:\/\/www.reseau-entreprendre.org\/vendee\/wp-content\/uploads\/sites\/18\/2021\/12\/IMG_1156-768x576.jpg 768w, https:\/\/www.reseau-entreprendre.org\/vendee\/wp-content\/uploads\/sites\/18\/2021\/12\/IMG_1156-1536x1152.jpg 1536w, https:\/\/www.reseau-entreprendre.org\/vendee\/wp-content\/uploads\/sites\/18\/2021\/12\/IMG_1156-2048x1536.jpg 2048w, https:\/\/www.reseau-entreprendre.org\/vendee\/wp-content\/uploads\/sites\/18\/2021\/12\/IMG_1156-173x130.jpg 173w\" sizes=\"auto, (max-width: 1024px) 100vw, 1024px\" \/><\/figure><\/li><li class=\"blocks-gallery-item\"><figure><img loading=\"lazy\" decoding=\"async\" width=\"1024\" height=\"768\" src=\"https:\/\/www.reseau-entreprendre.org\/vendee\/wp-content\/uploads\/sites\/18\/2021\/12\/20180626_222941-1024x768.jpg\" alt=\"\" data-id=\"4280\" data-full-url=\"https:\/\/www.reseau-entreprendre.org\/vendee\/wp-content\/uploads\/sites\/18\/2021\/12\/20180626_222941.jpg\" data-link=\"https:\/\/www.reseau-entreprendre.org\/vendee\/20180626_222941-2\/\" class=\"wp-image-4280\" srcset=\"https:\/\/www.reseau-entreprendre.org\/vendee\/wp-content\/uploads\/sites\/18\/2021\/12\/20180626_222941-1024x768.jpg 1024w, https:\/\/www.reseau-entreprendre.org\/vendee\/wp-content\/uploads\/sites\/18\/2021\/12\/20180626_222941-300x225.jpg 300w, https:\/\/www.reseau-entreprendre.org\/vendee\/wp-content\/uploads\/sites\/18\/2021\/12\/20180626_222941-768x576.jpg 768w, https:\/\/www.reseau-entreprendre.org\/vendee\/wp-content\/uploads\/sites\/18\/2021\/12\/20180626_222941-173x130.jpg 173w, https:\/\/www.reseau-entreprendre.org\/vendee\/wp-content\/uploads\/sites\/18\/2021\/12\/20180626_222941.jpg 1140w\" sizes=\"auto, (max-width: 1024px) 100vw, 1024px\" \/><\/figure><\/li><li class=\"blocks-gallery-item\"><figure><img loading=\"lazy\" decoding=\"async\" width=\"1024\" height=\"768\" src=\"https:\/\/www.reseau-entreprendre.org\/vendee\/wp-content\/uploads\/sites\/18\/2021\/12\/36316647_2005530472804610_9161176027030880256_o-1024x768.jpg\" alt=\"\" data-id=\"4283\" data-full-url=\"https:\/\/www.reseau-entreprendre.org\/vendee\/wp-content\/uploads\/sites\/18\/2021\/12\/36316647_2005530472804610_9161176027030880256_o.jpg\" data-link=\"https:\/\/www.reseau-entreprendre.org\/vendee\/36316647_2005530472804610_9161176027030880256_o-2\/\" class=\"wp-image-4283\" srcset=\"https:\/\/www.reseau-entreprendre.org\/vendee\/wp-content\/uploads\/sites\/18\/2021\/12\/36316647_2005530472804610_9161176027030880256_o-1024x768.jpg 1024w, https:\/\/www.reseau-entreprendre.org\/vendee\/wp-content\/uploads\/sites\/18\/2021\/12\/36316647_2005530472804610_9161176027030880256_o-300x225.jpg 300w, https:\/\/www.reseau-entreprendre.org\/vendee\/wp-content\/uploads\/sites\/18\/2021\/12\/36316647_2005530472804610_9161176027030880256_o-768x576.jpg 768w, https:\/\/www.reseau-entreprendre.org\/vendee\/wp-content\/uploads\/sites\/18\/2021\/12\/36316647_2005530472804610_9161176027030880256_o-173x130.jpg 173w, https:\/\/www.reseau-entreprendre.org\/vendee\/wp-content\/uploads\/sites\/18\/2021\/12\/36316647_2005530472804610_9161176027030880256_o.jpg 1140w\" sizes=\"auto, (max-width: 1024px) 100vw, 1024px\" \/><\/figure><\/li><\/ul><\/figure>\n\n\n\n<div style=\"height:29px\" aria-hidden=\"true\" class=\"wp-block-spacer\"><\/div>\n\n\n\n<h4 class=\"wp-block-heading\"><span style=\"color: #1595bf\">3 &#8211; PARTAGER et TRANSMETTRE son exp\u00e9rience de dirigeant<\/span><\/h4>\n\n\n\n<p>Chez R\u00e9seau Entreprendre Vend\u00e9e, les occasions de s\u2019impliquer sont nombreuses et vari\u00e9es : Selon vos envies, vos disponibilit\u00e9s et vos besoins\u00a0: <br><br>&#8211; participer au <strong>Comit\u00e9 d\u2019Engagement<\/strong> d\u2019un laur\u00e9at<br>&#8211; devenir<strong> animateur territorial<\/strong><br>&#8211; devenir <strong>accompagnateur <\/strong><br>&#8211; s\u2019engager dans une commission ou groupe de travail, selon votre expertise : <em><strong>In<\/strong><\/em><strong><em>novation, Accompagnement, Lev\u00e9e de Fonds, Croissance, \u00c9v\u00e8nement <\/em><\/strong> etc&#8230; <\/p>\n\n\n\n<figure class=\"wp-block-gallery columns-2 is-cropped wp-block-gallery-3 is-layout-flex wp-block-gallery-is-layout-flex\"><ul class=\"blocks-gallery-grid\"><li class=\"blocks-gallery-item\"><figure><img loading=\"lazy\" decoding=\"async\" width=\"1024\" height=\"461\" src=\"https:\/\/www.reseau-entreprendre.org\/vendee\/wp-content\/uploads\/sites\/18\/2021\/12\/20200925_085011-1024x461.jpg\" alt=\"\" data-id=\"4282\" data-full-url=\"https:\/\/www.reseau-entreprendre.org\/vendee\/wp-content\/uploads\/sites\/18\/2021\/12\/20200925_085011-scaled.jpg\" data-link=\"https:\/\/www.reseau-entreprendre.org\/vendee\/20200925_085011\/\" class=\"wp-image-4282\" srcset=\"https:\/\/www.reseau-entreprendre.org\/vendee\/wp-content\/uploads\/sites\/18\/2021\/12\/20200925_085011-1024x461.jpg 1024w, https:\/\/www.reseau-entreprendre.org\/vendee\/wp-content\/uploads\/sites\/18\/2021\/12\/20200925_085011-300x135.jpg 300w, https:\/\/www.reseau-entreprendre.org\/vendee\/wp-content\/uploads\/sites\/18\/2021\/12\/20200925_085011-768x346.jpg 768w, https:\/\/www.reseau-entreprendre.org\/vendee\/wp-content\/uploads\/sites\/18\/2021\/12\/20200925_085011-1536x691.jpg 1536w, https:\/\/www.reseau-entreprendre.org\/vendee\/wp-content\/uploads\/sites\/18\/2021\/12\/20200925_085011-2048x922.jpg 2048w, https:\/\/www.reseau-entreprendre.org\/vendee\/wp-content\/uploads\/sites\/18\/2021\/12\/20200925_085011-210x95.jpg 210w\" sizes=\"auto, (max-width: 1024px) 100vw, 1024px\" \/><figcaption class=\"blocks-gallery-item__caption\">Travail en commission<\/figcaption><\/figure><\/li><li class=\"blocks-gallery-item\"><figure><img loading=\"lazy\" decoding=\"async\" width=\"1024\" height=\"707\" src=\"https:\/\/www.reseau-entreprendre.org\/vendee\/wp-content\/uploads\/sites\/18\/2021\/12\/Sofareb-Cougnaud-1024x707.jpg\" alt=\"\" data-id=\"4288\" data-full-url=\"https:\/\/www.reseau-entreprendre.org\/vendee\/wp-content\/uploads\/sites\/18\/2021\/12\/Sofareb-Cougnaud-scaled.jpg\" data-link=\"https:\/\/www.reseau-entreprendre.org\/vendee\/sofareb-cougnaud\/\" class=\"wp-image-4288\" srcset=\"https:\/\/www.reseau-entreprendre.org\/vendee\/wp-content\/uploads\/sites\/18\/2021\/12\/Sofareb-Cougnaud-1024x707.jpg 1024w, https:\/\/www.reseau-entreprendre.org\/vendee\/wp-content\/uploads\/sites\/18\/2021\/12\/Sofareb-Cougnaud-300x207.jpg 300w, https:\/\/www.reseau-entreprendre.org\/vendee\/wp-content\/uploads\/sites\/18\/2021\/12\/Sofareb-Cougnaud-768x530.jpg 768w, https:\/\/www.reseau-entreprendre.org\/vendee\/wp-content\/uploads\/sites\/18\/2021\/12\/Sofareb-Cougnaud-1536x1061.jpg 1536w, https:\/\/www.reseau-entreprendre.org\/vendee\/wp-content\/uploads\/sites\/18\/2021\/12\/Sofareb-Cougnaud-2048x1414.jpg 2048w, https:\/\/www.reseau-entreprendre.org\/vendee\/wp-content\/uploads\/sites\/18\/2021\/12\/Sofareb-Cougnaud-188x130.jpg 188w\" sizes=\"auto, (max-width: 1024px) 100vw, 1024px\" \/><figcaption class=\"blocks-gallery-item__caption\">les laur\u00e9ats et leur accompagnateur<\/figcaption><\/figure><\/li><\/ul><\/figure>\n\n\n\n<p><\/p>\n\n\n\n<h4 class=\"wp-block-heading\"><em><strong><span class=\"has-inline-color has-re-yellow-color\">Nouveaut\u00e9s en 2021 <\/span><\/strong><\/em><\/h4>\n\n\n\n<p><\/p>\n\n\n\n<p>&#8211; \u00a0Groupe de travail <strong><em>Passer un Cap<\/em>\u00a0<\/strong>: <br>Donner aux membres et laur\u00e9ats qui en font la demande, les outils leur permettant de sortir d\u2019une situation difficile (baisse de CA, remise en question globale de leur projet, probl\u00e8mes conjoncturels, incidents techniques, d\u00e9c\u00e8s d\u2019un homme cl\u00e9\u2026). \u00c9crire avec lui une strat\u00e9gie de sortie de crise.<\/p>\n\n\n\n<p>&#8211; Commission <strong><em>Impact+<\/em>\u00a0<\/strong>:<\/p>\n\n\n\n<p>Pour soutenir les entreprises laur\u00e9ates qui pratiquent la RSE et cherchent \u00e0 avoir un impact positif sur la soci\u00e9t\u00e9 tout en \u00e9tant \u00e9conomiquement viable. L\u2019objectif est de donner aux laur\u00e9ats des outils leur permettant d\u2019int\u00e9grer ou de d\u00e9velopper un plan d\u2019actions \u00e0 vis\u00e9e sociale et environnementale.<br><br><\/p>\n\n\n","protected":false},"excerpt":{"rendered":"<p>Vous \u00eates dirigeant(e) d\u2019entreprise ? Vous voulez partager, transmettre, recevoir<\/p>\n","protected":false},"author":18,"featured_media":0,"parent":0,"menu_order":0,"comment_status":"closed","ping_status":"closed","template":"","meta":{"_acf_changed":false,"_monsterinsights_skip_tracking":false,"_monsterinsights_sitenote_active":false,"_monsterinsights_sitenote_note":"","_monsterinsights_sitenote_category":0,"footnotes":""},"class_list":["post-15","page","type-page","status-publish","hentry"],"acf":[],"yoast_head":"<!-- This site is optimized with the Yoast SEO plugin v27.4 - https:\/\/yoast.com\/product\/yoast-seo-wordpress\/ -->\n<title>Accompagner| Reseau Entreprendre Vend\u00e9e<\/title>\n<meta name=\"description\" content=\"Vous \u00eates chef d&#039;entreprise et souhaitez accompagner de nouveaux entrepreneurs ? Devenez membre b\u00e9n\u00e9vole de R\u00e9seau Entreprendre Vend\u00e9e !\" \/>\n<meta name=\"robots\" content=\"index, follow, max-snippet:-1, max-image-preview:large, max-video-preview:-1\" \/>\n<link rel=\"canonical\" href=\"https:\/\/www.reseau-entreprendre.org\/vendee\/accompagner\/\" \/>\n<meta property=\"og:locale\" content=\"fr_FR\" \/>\n<meta property=\"og:type\" content=\"article\" \/>\n<meta property=\"og:title\" content=\"Accompagner| Reseau Entreprendre Vend\u00e9e\" \/>\n<meta property=\"og:description\" content=\"Vous \u00eates chef d&#039;entreprise et souhaitez accompagner de nouveaux entrepreneurs ? Devenez membre b\u00e9n\u00e9vole de R\u00e9seau Entreprendre Vend\u00e9e !\" \/>\n<meta property=\"og:url\" content=\"https:\/\/www.reseau-entreprendre.org\/vendee\/accompagner\/\" \/>\n<meta property=\"og:site_name\" content=\"R\u00e9seau Entreprendre Vend\u00e9e\" \/>\n<meta property=\"article:modified_time\" content=\"2021-12-06T14:46:49+00:00\" \/>\n<meta property=\"og:image\" content=\"https:\/\/www.reseau-entreprendre.org\/vendee\/wp-content\/uploads\/sites\/18\/2021\/12\/20200701_200808-1024x768.jpg\" \/>\n<meta name=\"twitter:card\" content=\"summary_large_image\" \/>\n<meta name=\"twitter:label1\" content=\"Dur\u00e9e de lecture estim\u00e9e\" \/>\n\t<meta name=\"twitter:data1\" content=\"3 minutes\" \/>\n<script type=\"application\/ld+json\" class=\"yoast-schema-graph\">{\"@context\":\"https:\\\/\\\/schema.org\",\"@graph\":[{\"@type\":\"WebPage\",\"@id\":\"https:\\\/\\\/www.reseau-entreprendre.org\\\/vendee\\\/accompagner\\\/\",\"url\":\"https:\\\/\\\/www.reseau-entreprendre.org\\\/vendee\\\/accompagner\\\/\",\"name\":\"Accompagner| Reseau Entreprendre Vend\u00e9e\",\"isPartOf\":{\"@id\":\"https:\\\/\\\/www.reseau-entreprendre.org\\\/vendee\\\/#website\"},\"primaryImageOfPage\":{\"@id\":\"https:\\\/\\\/www.reseau-entreprendre.org\\\/vendee\\\/accompagner\\\/#primaryimage\"},\"image\":{\"@id\":\"https:\\\/\\\/www.reseau-entreprendre.org\\\/vendee\\\/accompagner\\\/#primaryimage\"},\"thumbnailUrl\":\"https:\\\/\\\/www.reseau-entreprendre.org\\\/vendee\\\/wp-content\\\/uploads\\\/sites\\\/18\\\/2021\\\/12\\\/20200701_200808-1024x768.jpg\",\"datePublished\":\"2017-04-28T10:33:47+00:00\",\"dateModified\":\"2021-12-06T14:46:49+00:00\",\"description\":\"Vous \u00eates chef d'entreprise et souhaitez accompagner de nouveaux entrepreneurs ? Devenez membre b\u00e9n\u00e9vole de R\u00e9seau Entreprendre Vend\u00e9e !\",\"breadcrumb\":{\"@id\":\"https:\\\/\\\/www.reseau-entreprendre.org\\\/vendee\\\/accompagner\\\/#breadcrumb\"},\"inLanguage\":\"fr-FR\",\"potentialAction\":[{\"@type\":\"ReadAction\",\"target\":[\"https:\\\/\\\/www.reseau-entreprendre.org\\\/vendee\\\/accompagner\\\/\"]}]},{\"@type\":\"ImageObject\",\"inLanguage\":\"fr-FR\",\"@id\":\"https:\\\/\\\/www.reseau-entreprendre.org\\\/vendee\\\/accompagner\\\/#primaryimage\",\"url\":\"https:\\\/\\\/www.reseau-entreprendre.org\\\/vendee\\\/wp-content\\\/uploads\\\/sites\\\/18\\\/2021\\\/12\\\/20200701_200808-scaled.jpg\",\"contentUrl\":\"https:\\\/\\\/www.reseau-entreprendre.org\\\/vendee\\\/wp-content\\\/uploads\\\/sites\\\/18\\\/2021\\\/12\\\/20200701_200808-scaled.jpg\",\"width\":2560,\"height\":1920},{\"@type\":\"BreadcrumbList\",\"@id\":\"https:\\\/\\\/www.reseau-entreprendre.org\\\/vendee\\\/accompagner\\\/#breadcrumb\",\"itemListElement\":[{\"@type\":\"ListItem\",\"position\":1,\"name\":\"Accueil\",\"item\":\"https:\\\/\\\/www.reseau-entreprendre.org\\\/vendee\\\/\"},{\"@type\":\"ListItem\",\"position\":2,\"name\":\"Devenir membre\"}]},{\"@type\":\"WebSite\",\"@id\":\"https:\\\/\\\/www.reseau-entreprendre.org\\\/vendee\\\/#website\",\"url\":\"https:\\\/\\\/www.reseau-entreprendre.org\\\/vendee\\\/\",\"name\":\"R\u00e9seau Entreprendre Vend\u00e9e\",\"description\":\"Un site utilisant Les sites de R\u00e9seau Entreprendre\",\"potentialAction\":[{\"@type\":\"SearchAction\",\"target\":{\"@type\":\"EntryPoint\",\"urlTemplate\":\"https:\\\/\\\/www.reseau-entreprendre.org\\\/vendee\\\/?s={search_term_string}\"},\"query-input\":{\"@type\":\"PropertyValueSpecification\",\"valueRequired\":true,\"valueName\":\"search_term_string\"}}],\"inLanguage\":\"fr-FR\"}]}<\/script>\n<!-- \/ Yoast SEO plugin. -->","yoast_head_json":{"title":"Accompagner| Reseau Entreprendre Vend\u00e9e","description":"Vous \u00eates chef d'entreprise et souhaitez accompagner de nouveaux entrepreneurs ? Devenez membre b\u00e9n\u00e9vole de R\u00e9seau Entreprendre Vend\u00e9e !","robots":{"index":"index","follow":"follow","max-snippet":"max-snippet:-1","max-image-preview":"max-image-preview:large","max-video-preview":"max-video-preview:-1"},"canonical":"https:\/\/www.reseau-entreprendre.org\/vendee\/accompagner\/","og_locale":"fr_FR","og_type":"article","og_title":"Accompagner| Reseau Entreprendre Vend\u00e9e","og_description":"Vous \u00eates chef d'entreprise et souhaitez accompagner de nouveaux entrepreneurs ? Devenez membre b\u00e9n\u00e9vole de R\u00e9seau Entreprendre Vend\u00e9e !","og_url":"https:\/\/www.reseau-entreprendre.org\/vendee\/accompagner\/","og_site_name":"R\u00e9seau Entreprendre Vend\u00e9e","article_modified_time":"2021-12-06T14:46:49+00:00","og_image":[{"url":"https:\/\/www.reseau-entreprendre.org\/vendee\/wp-content\/uploads\/sites\/18\/2021\/12\/20200701_200808-1024x768.jpg","type":"","width":"","height":""}],"twitter_card":"summary_large_image","twitter_misc":{"Dur\u00e9e de lecture estim\u00e9e":"3 minutes"},"schema":{"@context":"https:\/\/schema.org","@graph":[{"@type":"WebPage","@id":"https:\/\/www.reseau-entreprendre.org\/vendee\/accompagner\/","url":"https:\/\/www.reseau-entreprendre.org\/vendee\/accompagner\/","name":"Accompagner| Reseau Entreprendre Vend\u00e9e","isPartOf":{"@id":"https:\/\/www.reseau-entreprendre.org\/vendee\/#website"},"primaryImageOfPage":{"@id":"https:\/\/www.reseau-entreprendre.org\/vendee\/accompagner\/#primaryimage"},"image":{"@id":"https:\/\/www.reseau-entreprendre.org\/vendee\/accompagner\/#primaryimage"},"thumbnailUrl":"https:\/\/www.reseau-entreprendre.org\/vendee\/wp-content\/uploads\/sites\/18\/2021\/12\/20200701_200808-1024x768.jpg","datePublished":"2017-04-28T10:33:47+00:00","dateModified":"2021-12-06T14:46:49+00:00","description":"Vous \u00eates chef d'entreprise et souhaitez accompagner de nouveaux entrepreneurs ? Devenez membre b\u00e9n\u00e9vole de R\u00e9seau Entreprendre Vend\u00e9e !","breadcrumb":{"@id":"https:\/\/www.reseau-entreprendre.org\/vendee\/accompagner\/#breadcrumb"},"inLanguage":"fr-FR","potentialAction":[{"@type":"ReadAction","target":["https:\/\/www.reseau-entreprendre.org\/vendee\/accompagner\/"]}]},{"@type":"ImageObject","inLanguage":"fr-FR","@id":"https:\/\/www.reseau-entreprendre.org\/vendee\/accompagner\/#primaryimage","url":"https:\/\/www.reseau-entreprendre.org\/vendee\/wp-content\/uploads\/sites\/18\/2021\/12\/20200701_200808-scaled.jpg","contentUrl":"https:\/\/www.reseau-entreprendre.org\/vendee\/wp-content\/uploads\/sites\/18\/2021\/12\/20200701_200808-scaled.jpg","width":2560,"height":1920},{"@type":"BreadcrumbList","@id":"https:\/\/www.reseau-entreprendre.org\/vendee\/accompagner\/#breadcrumb","itemListElement":[{"@type":"ListItem","position":1,"name":"Accueil","item":"https:\/\/www.reseau-entreprendre.org\/vendee\/"},{"@type":"ListItem","position":2,"name":"Devenir membre"}]},{"@type":"WebSite","@id":"https:\/\/www.reseau-entreprendre.org\/vendee\/#website","url":"https:\/\/www.reseau-entreprendre.org\/vendee\/","name":"R\u00e9seau Entreprendre Vend\u00e9e","description":"Un site utilisant Les sites de R\u00e9seau Entreprendre","potentialAction":[{"@type":"SearchAction","target":{"@type":"EntryPoint","urlTemplate":"https:\/\/www.reseau-entreprendre.org\/vendee\/?s={search_term_string}"},"query-input":{"@type":"PropertyValueSpecification","valueRequired":true,"valueName":"search_term_string"}}],"inLanguage":"fr-FR"}]}},"_links":{"self":[{"href":"https:\/\/www.reseau-entreprendre.org\/vendee\/wp-json\/wp\/v2\/pages\/15","targetHints":{"allow":["GET"]}}],"collection":[{"href":"https:\/\/www.reseau-entreprendre.org\/vendee\/wp-json\/wp\/v2\/pages"}],"about":[{"href":"https:\/\/www.reseau-entreprendre.org\/vendee\/wp-json\/wp\/v2\/types\/page"}],"author":[{"embeddable":true,"href":"https:\/\/www.reseau-entreprendre.org\/vendee\/wp-json\/wp\/v2\/users\/18"}],"replies":[{"embeddable":true,"href":"https:\/\/www.reseau-entreprendre.org\/vendee\/wp-json\/wp\/v2\/comments?post=15"}],"version-history":[{"count":0,"href":"https:\/\/www.reseau-entreprendre.org\/vendee\/wp-json\/wp\/v2\/pages\/15\/revisions"}],"wp:attachment":[{"href":"https:\/\/www.reseau-entreprendre.org\/vendee\/wp-json\/wp\/v2\/media?parent=15"}],"curies":[{"name":"wp","href":"https:\/\/api.w.org\/{rel}","templated":true}]}}