{"id":1753,"date":"2018-10-19T14:35:18","date_gmt":"2018-10-19T12:35:18","guid":{"rendered":"https:\/\/www.reseau-entreprendre.org\/vendee\/?page_id=1753"},"modified":"2023-03-17T15:40:53","modified_gmt":"2023-03-17T14:40:53","slug":"les-programmes-de-la-croissance","status":"publish","type":"page","link":"https:\/\/www.reseau-entreprendre.org\/vendee\/entreprendre\/les-programmes-de-la-croissance\/","title":{"rendered":"Au d\u00e9marrage : le programme START"},"content":{"rendered":"\n<p>Vous pr\u00e9parez votre projet de cr\u00e9ation d\u2019entreprise en Vend\u00e9e ? Vous souhaitez int\u00e9grer un r\u00e9seau de chefs d\u2019entreprise pour s\u00e9curiser votre projet ? R\u00e9seau Entreprendre Vend\u00e9e propose&nbsp;le programme START :&nbsp;<\/p>\n\n\n\n<div style=\"height:30px\" aria-hidden=\"true\" class=\"wp-block-spacer\"><\/div>\n\n\n\n<ul class=\"wp-block-list\">\n<li>POUR QUOI&nbsp; ? &nbsp;Devenir chef d\u2019entreprise en Vend\u00e9e.<\/li>\n\n\n\n<li>POUR QUI ?\u00a0 Tout cr\u00e9ateur ou repreneur d\u2019entreprise en Vend\u00e9e.<\/li>\n<\/ul>\n\n\n\n<div style=\"height:30px\" aria-hidden=\"true\" class=\"wp-block-spacer\"><\/div>\n\n\n\n<p><span style=\"color:#f34f63\" class=\"tadv-color\">&nbsp;<em>LES CRIT\u00c8RES D\u2019\u00c9LIGIBILIT\u00c9 :<\/em><\/span><em><br><\/em>&#8211; <strong>Apport personnel minimum : <\/strong>15 K\u20ac (10 K\u20ac pour l\u2019innovation*)<br>&#8211;<strong> Emplois : <\/strong>cr\u00e9er au moins 5 emplois \u00e0 3 ans.<\/p>\n\n\n\n<div style=\"height:30px\" aria-hidden=\"true\" class=\"wp-block-spacer\"><\/div>\n\n\n\n<p style=\"text-align: justify\"><span style=\"color: #f34f63\">L&#8217; ACCOMPAGNEMENT DE RESEAU ENTREPRENDRE VENDEE :&nbsp;<\/span><br>&#8211; <strong>Accompagnement individuel :<\/strong> 1 fois\/mois par un chef d\u2019entreprise pendant 2 ans.<br>&#8211; <strong>Accompagnement collectif :<\/strong> en club, une fois par mois pendant 2 ans, avec tous les laur\u00e9ats de la promotion.<br>&#8211; <strong>Pr\u00eat d\u2019Honneur \u00e0 la personne :<\/strong> de 15 \u00e0 50 K\u20ac (jusqu\u2019\u00e0 45 k\u20ac pour un projet<em> Innovation<\/em>) remboursable sur 5 ans, avec un diff\u00e9r\u00e9 d\u2019un an pour les cr\u00e9ations et imm\u00e9diat pour les reprises.<\/p>\n","protected":false},"excerpt":{"rendered":"<p>Vous pr\u00e9parez votre projet de cr\u00e9ation d\u2019entreprise en Vend\u00e9e ?<\/p>\n","protected":false},"author":18,"featured_media":0,"parent":13,"menu_order":1,"comment_status":"closed","ping_status":"closed","template":"","meta":{"_acf_changed":false,"_monsterinsights_skip_tracking":false,"_monsterinsights_sitenote_active":false,"_monsterinsights_sitenote_note":"","_monsterinsights_sitenote_category":0,"footnotes":""},"class_list":["post-1753","page","type-page","status-publish","hentry"],"acf":[],"yoast_head":"<!-- This site is optimized with the Yoast SEO plugin v27.4 - https:\/\/yoast.com\/product\/yoast-seo-wordpress\/ -->\n<title>Accompagner| Reseau Entreprendre Vend\u00e9e<\/title>\n<meta name=\"description\" content=\"Vous \u00eates chef d&#039;entreprise et souhaitez accompagner de nouveaux entrepreneurs ? Devenez membre b\u00e9n\u00e9vole de R\u00e9seau Entreprendre Vend\u00e9e !\" \/>\n<meta name=\"robots\" content=\"index, follow, max-snippet:-1, max-image-preview:large, max-video-preview:-1\" \/>\n<link rel=\"canonical\" href=\"https:\/\/www.reseau-entreprendre.org\/vendee\/entreprendre\/les-programmes-de-la-croissance\/\" \/>\n<meta property=\"og:locale\" content=\"fr_FR\" \/>\n<meta property=\"og:type\" content=\"article\" \/>\n<meta property=\"og:title\" content=\"Accompagner| Reseau Entreprendre Vend\u00e9e\" \/>\n<meta property=\"og:description\" content=\"Vous \u00eates chef d&#039;entreprise et souhaitez accompagner de nouveaux entrepreneurs ? Devenez membre b\u00e9n\u00e9vole de R\u00e9seau Entreprendre Vend\u00e9e !\" \/>\n<meta property=\"og:url\" content=\"https:\/\/www.reseau-entreprendre.org\/vendee\/entreprendre\/les-programmes-de-la-croissance\/\" \/>\n<meta property=\"og:site_name\" content=\"R\u00e9seau Entreprendre Vend\u00e9e\" \/>\n<meta property=\"article:modified_time\" content=\"2023-03-17T14:40:53+00:00\" \/>\n<meta name=\"twitter:card\" content=\"summary_large_image\" \/>\n<meta name=\"twitter:label1\" content=\"Dur\u00e9e de lecture estim\u00e9e\" \/>\n\t<meta name=\"twitter:data1\" content=\"1 minute\" \/>\n<script type=\"application\/ld+json\" class=\"yoast-schema-graph\">{\"@context\":\"https:\\\/\\\/schema.org\",\"@graph\":[{\"@type\":\"WebPage\",\"@id\":\"https:\\\/\\\/www.reseau-entreprendre.org\\\/vendee\\\/entreprendre\\\/les-programmes-de-la-croissance\\\/\",\"url\":\"https:\\\/\\\/www.reseau-entreprendre.org\\\/vendee\\\/entreprendre\\\/les-programmes-de-la-croissance\\\/\",\"name\":\"Accompagner| Reseau Entreprendre Vend\u00e9e\",\"isPartOf\":{\"@id\":\"https:\\\/\\\/www.reseau-entreprendre.org\\\/vendee\\\/#website\"},\"datePublished\":\"2018-10-19T12:35:18+00:00\",\"dateModified\":\"2023-03-17T14:40:53+00:00\",\"description\":\"Vous \u00eates chef d'entreprise et souhaitez accompagner de nouveaux entrepreneurs ? Devenez membre b\u00e9n\u00e9vole de R\u00e9seau Entreprendre Vend\u00e9e !\",\"breadcrumb\":{\"@id\":\"https:\\\/\\\/www.reseau-entreprendre.org\\\/vendee\\\/entreprendre\\\/les-programmes-de-la-croissance\\\/#breadcrumb\"},\"inLanguage\":\"fr-FR\",\"potentialAction\":[{\"@type\":\"ReadAction\",\"target\":[\"https:\\\/\\\/www.reseau-entreprendre.org\\\/vendee\\\/entreprendre\\\/les-programmes-de-la-croissance\\\/\"]}]},{\"@type\":\"BreadcrumbList\",\"@id\":\"https:\\\/\\\/www.reseau-entreprendre.org\\\/vendee\\\/entreprendre\\\/les-programmes-de-la-croissance\\\/#breadcrumb\",\"itemListElement\":[{\"@type\":\"ListItem\",\"position\":1,\"name\":\"Accueil\",\"item\":\"https:\\\/\\\/www.reseau-entreprendre.org\\\/vendee\\\/\"},{\"@type\":\"ListItem\",\"position\":2,\"name\":\"Devenir laur\u00e9at, c&rsquo;est &#8230;\",\"item\":\"https:\\\/\\\/www.reseau-entreprendre.org\\\/vendee\\\/entreprendre\\\/\"},{\"@type\":\"ListItem\",\"position\":3,\"name\":\"Au d\u00e9marrage : le programme START\"}]},{\"@type\":\"WebSite\",\"@id\":\"https:\\\/\\\/www.reseau-entreprendre.org\\\/vendee\\\/#website\",\"url\":\"https:\\\/\\\/www.reseau-entreprendre.org\\\/vendee\\\/\",\"name\":\"R\u00e9seau Entreprendre Vend\u00e9e\",\"description\":\"Un site utilisant Les sites de R\u00e9seau Entreprendre\",\"potentialAction\":[{\"@type\":\"SearchAction\",\"target\":{\"@type\":\"EntryPoint\",\"urlTemplate\":\"https:\\\/\\\/www.reseau-entreprendre.org\\\/vendee\\\/?s={search_term_string}\"},\"query-input\":{\"@type\":\"PropertyValueSpecification\",\"valueRequired\":true,\"valueName\":\"search_term_string\"}}],\"inLanguage\":\"fr-FR\"}]}<\/script>\n<!-- \/ Yoast SEO plugin. -->","yoast_head_json":{"title":"Accompagner| Reseau Entreprendre Vend\u00e9e","description":"Vous \u00eates chef d'entreprise et souhaitez accompagner de nouveaux entrepreneurs ? Devenez membre b\u00e9n\u00e9vole de R\u00e9seau Entreprendre Vend\u00e9e !","robots":{"index":"index","follow":"follow","max-snippet":"max-snippet:-1","max-image-preview":"max-image-preview:large","max-video-preview":"max-video-preview:-1"},"canonical":"https:\/\/www.reseau-entreprendre.org\/vendee\/entreprendre\/les-programmes-de-la-croissance\/","og_locale":"fr_FR","og_type":"article","og_title":"Accompagner| Reseau Entreprendre Vend\u00e9e","og_description":"Vous \u00eates chef d'entreprise et souhaitez accompagner de nouveaux entrepreneurs ? Devenez membre b\u00e9n\u00e9vole de R\u00e9seau Entreprendre Vend\u00e9e !","og_url":"https:\/\/www.reseau-entreprendre.org\/vendee\/entreprendre\/les-programmes-de-la-croissance\/","og_site_name":"R\u00e9seau Entreprendre Vend\u00e9e","article_modified_time":"2023-03-17T14:40:53+00:00","twitter_card":"summary_large_image","twitter_misc":{"Dur\u00e9e de lecture estim\u00e9e":"1 minute"},"schema":{"@context":"https:\/\/schema.org","@graph":[{"@type":"WebPage","@id":"https:\/\/www.reseau-entreprendre.org\/vendee\/entreprendre\/les-programmes-de-la-croissance\/","url":"https:\/\/www.reseau-entreprendre.org\/vendee\/entreprendre\/les-programmes-de-la-croissance\/","name":"Accompagner| Reseau Entreprendre Vend\u00e9e","isPartOf":{"@id":"https:\/\/www.reseau-entreprendre.org\/vendee\/#website"},"datePublished":"2018-10-19T12:35:18+00:00","dateModified":"2023-03-17T14:40:53+00:00","description":"Vous \u00eates chef d'entreprise et souhaitez accompagner de nouveaux entrepreneurs ? Devenez membre b\u00e9n\u00e9vole de R\u00e9seau Entreprendre Vend\u00e9e !","breadcrumb":{"@id":"https:\/\/www.reseau-entreprendre.org\/vendee\/entreprendre\/les-programmes-de-la-croissance\/#breadcrumb"},"inLanguage":"fr-FR","potentialAction":[{"@type":"ReadAction","target":["https:\/\/www.reseau-entreprendre.org\/vendee\/entreprendre\/les-programmes-de-la-croissance\/"]}]},{"@type":"BreadcrumbList","@id":"https:\/\/www.reseau-entreprendre.org\/vendee\/entreprendre\/les-programmes-de-la-croissance\/#breadcrumb","itemListElement":[{"@type":"ListItem","position":1,"name":"Accueil","item":"https:\/\/www.reseau-entreprendre.org\/vendee\/"},{"@type":"ListItem","position":2,"name":"Devenir laur\u00e9at, c&rsquo;est &#8230;","item":"https:\/\/www.reseau-entreprendre.org\/vendee\/entreprendre\/"},{"@type":"ListItem","position":3,"name":"Au d\u00e9marrage : le programme START"}]},{"@type":"WebSite","@id":"https:\/\/www.reseau-entreprendre.org\/vendee\/#website","url":"https:\/\/www.reseau-entreprendre.org\/vendee\/","name":"R\u00e9seau Entreprendre Vend\u00e9e","description":"Un site utilisant Les sites de R\u00e9seau Entreprendre","potentialAction":[{"@type":"SearchAction","target":{"@type":"EntryPoint","urlTemplate":"https:\/\/www.reseau-entreprendre.org\/vendee\/?s={search_term_string}"},"query-input":{"@type":"PropertyValueSpecification","valueRequired":true,"valueName":"search_term_string"}}],"inLanguage":"fr-FR"}]}},"_links":{"self":[{"href":"https:\/\/www.reseau-entreprendre.org\/vendee\/wp-json\/wp\/v2\/pages\/1753","targetHints":{"allow":["GET"]}}],"collection":[{"href":"https:\/\/www.reseau-entreprendre.org\/vendee\/wp-json\/wp\/v2\/pages"}],"about":[{"href":"https:\/\/www.reseau-entreprendre.org\/vendee\/wp-json\/wp\/v2\/types\/page"}],"author":[{"embeddable":true,"href":"https:\/\/www.reseau-entreprendre.org\/vendee\/wp-json\/wp\/v2\/users\/18"}],"replies":[{"embeddable":true,"href":"https:\/\/www.reseau-entreprendre.org\/vendee\/wp-json\/wp\/v2\/comments?post=1753"}],"version-history":[{"count":0,"href":"https:\/\/www.reseau-entreprendre.org\/vendee\/wp-json\/wp\/v2\/pages\/1753\/revisions"}],"up":[{"embeddable":true,"href":"https:\/\/www.reseau-entreprendre.org\/vendee\/wp-json\/wp\/v2\/pages\/13"}],"wp:attachment":[{"href":"https:\/\/www.reseau-entreprendre.org\/vendee\/wp-json\/wp\/v2\/media?parent=1753"}],"curies":[{"name":"wp","href":"https:\/\/api.w.org\/{rel}","templated":true}]}}