{"id":211,"date":"2017-06-13T17:35:06","date_gmt":"2017-06-13T15:35:06","guid":{"rendered":"https:\/\/www.reseau-entreprendre.org\/vendee\/?page_id=211"},"modified":"2025-03-18T11:06:44","modified_gmt":"2025-03-18T10:06:44","slug":"ils-nous-soutiennent","status":"publish","type":"page","link":"https:\/\/www.reseau-entreprendre.org\/vendee\/ils-nous-soutiennent\/","title":{"rendered":"les entreprises m\u00e9c\u00e8nes"},"content":{"rendered":"\n<h5 class=\"wp-block-heading\">Merci \u00e0 nos m\u00e9c\u00e8nes et partenaires bancaires qui soutiennent R\u00e9seau Entreprendre Vend\u00e9e dans la mise en \u0153uvre de ses actions et participent \u00e0 son rayonnement sur le territoire de la Vend\u00e9e.<\/h5>\n\n\n\n<p><\/p>\n\n\n\n<figure class=\"wp-block-gallery has-nested-images columns-default is-cropped wp-block-gallery-1 is-layout-flex wp-block-gallery-is-layout-flex\">\n<figure class=\"wp-block-image size-full is-style-default\"><img loading=\"lazy\" decoding=\"async\" width=\"2095\" height=\"1389\" data-id=\"9391\" src=\"https:\/\/www.reseau-entreprendre.org\/vendee\/wp-content\/uploads\/sites\/18\/2025\/03\/Pages-dextraits-sans-titre.png\" alt=\"\" class=\"wp-image-9391\" srcset=\"https:\/\/www.reseau-entreprendre.org\/vendee\/wp-content\/uploads\/sites\/18\/2025\/03\/Pages-dextraits-sans-titre.png 2095w, https:\/\/www.reseau-entreprendre.org\/vendee\/wp-content\/uploads\/sites\/18\/2025\/03\/Pages-dextraits-sans-titre-300x199.png 300w, https:\/\/www.reseau-entreprendre.org\/vendee\/wp-content\/uploads\/sites\/18\/2025\/03\/Pages-dextraits-sans-titre-1024x679.png 1024w, https:\/\/www.reseau-entreprendre.org\/vendee\/wp-content\/uploads\/sites\/18\/2025\/03\/Pages-dextraits-sans-titre-768x509.png 768w, https:\/\/www.reseau-entreprendre.org\/vendee\/wp-content\/uploads\/sites\/18\/2025\/03\/Pages-dextraits-sans-titre-391x260.png 391w, https:\/\/www.reseau-entreprendre.org\/vendee\/wp-content\/uploads\/sites\/18\/2025\/03\/Pages-dextraits-sans-titre-1536x1018.png 1536w, https:\/\/www.reseau-entreprendre.org\/vendee\/wp-content\/uploads\/sites\/18\/2025\/03\/Pages-dextraits-sans-titre-2048x1358.png 2048w, https:\/\/www.reseau-entreprendre.org\/vendee\/wp-content\/uploads\/sites\/18\/2025\/03\/Pages-dextraits-sans-titre-196x130.png 196w, https:\/\/www.reseau-entreprendre.org\/vendee\/wp-content\/uploads\/sites\/18\/2025\/03\/Pages-dextraits-sans-titre-100x66.png 100w\" sizes=\"auto, (max-width: 2095px) 100vw, 2095px\" \/><\/figure>\n<\/figure>\n\n\n","protected":false},"excerpt":{"rendered":"<p>Merci \u00e0 nos m\u00e9c\u00e8nes et partenaires bancaires qui soutiennent R\u00e9seau<\/p>\n","protected":false},"author":18,"featured_media":0,"parent":0,"menu_order":0,"comment_status":"closed","ping_status":"closed","template":"","meta":{"_acf_changed":false,"_monsterinsights_skip_tracking":false,"_monsterinsights_sitenote_active":false,"_monsterinsights_sitenote_note":"","_monsterinsights_sitenote_category":0,"footnotes":""},"class_list":["post-211","page","type-page","status-publish","hentry"],"acf":[],"yoast_head":"<!-- This site is optimized with the Yoast SEO plugin v27.4 - https:\/\/yoast.com\/product\/yoast-seo-wordpress\/ -->\n<title>les entreprises m\u00e9c\u00e8nes - R\u00e9seau Entreprendre Vend\u00e9e<\/title>\n<meta name=\"robots\" content=\"index, follow, max-snippet:-1, max-image-preview:large, max-video-preview:-1\" \/>\n<link rel=\"canonical\" href=\"https:\/\/www.reseau-entreprendre.org\/vendee\/ils-nous-soutiennent\/\" \/>\n<meta property=\"og:locale\" content=\"fr_FR\" \/>\n<meta property=\"og:type\" content=\"article\" \/>\n<meta property=\"og:title\" content=\"les entreprises m\u00e9c\u00e8nes - R\u00e9seau Entreprendre Vend\u00e9e\" \/>\n<meta property=\"og:description\" content=\"Merci \u00e0 nos m\u00e9c\u00e8nes et partenaires bancaires qui soutiennent R\u00e9seau\" \/>\n<meta property=\"og:url\" content=\"https:\/\/www.reseau-entreprendre.org\/vendee\/ils-nous-soutiennent\/\" \/>\n<meta property=\"og:site_name\" content=\"R\u00e9seau Entreprendre Vend\u00e9e\" \/>\n<meta property=\"article:modified_time\" content=\"2025-03-18T10:06:44+00:00\" \/>\n<meta property=\"og:image\" content=\"https:\/\/www.reseau-entreprendre.org\/vendee\/wp-content\/uploads\/sites\/18\/2025\/03\/Pages-dextraits-sans-titre.png\" \/>\n\t<meta property=\"og:image:width\" content=\"2095\" \/>\n\t<meta property=\"og:image:height\" content=\"1389\" \/>\n\t<meta property=\"og:image:type\" content=\"image\/png\" \/>\n<meta name=\"twitter:card\" content=\"summary_large_image\" \/>\n<meta name=\"twitter:label1\" content=\"Dur\u00e9e de lecture estim\u00e9e\" \/>\n\t<meta name=\"twitter:data1\" content=\"1 minute\" \/>\n<script type=\"application\/ld+json\" class=\"yoast-schema-graph\">{\"@context\":\"https:\\\/\\\/schema.org\",\"@graph\":[{\"@type\":\"WebPage\",\"@id\":\"https:\\\/\\\/www.reseau-entreprendre.org\\\/vendee\\\/ils-nous-soutiennent\\\/\",\"url\":\"https:\\\/\\\/www.reseau-entreprendre.org\\\/vendee\\\/ils-nous-soutiennent\\\/\",\"name\":\"les entreprises m\u00e9c\u00e8nes - R\u00e9seau Entreprendre Vend\u00e9e\",\"isPartOf\":{\"@id\":\"https:\\\/\\\/www.reseau-entreprendre.org\\\/vendee\\\/#website\"},\"primaryImageOfPage\":{\"@id\":\"https:\\\/\\\/www.reseau-entreprendre.org\\\/vendee\\\/ils-nous-soutiennent\\\/#primaryimage\"},\"image\":{\"@id\":\"https:\\\/\\\/www.reseau-entreprendre.org\\\/vendee\\\/ils-nous-soutiennent\\\/#primaryimage\"},\"thumbnailUrl\":\"https:\\\/\\\/www.reseau-entreprendre.org\\\/vendee\\\/wp-content\\\/uploads\\\/sites\\\/18\\\/2025\\\/03\\\/Pages-dextraits-sans-titre.png\",\"datePublished\":\"2017-06-13T15:35:06+00:00\",\"dateModified\":\"2025-03-18T10:06:44+00:00\",\"breadcrumb\":{\"@id\":\"https:\\\/\\\/www.reseau-entreprendre.org\\\/vendee\\\/ils-nous-soutiennent\\\/#breadcrumb\"},\"inLanguage\":\"fr-FR\",\"potentialAction\":[{\"@type\":\"ReadAction\",\"target\":[\"https:\\\/\\\/www.reseau-entreprendre.org\\\/vendee\\\/ils-nous-soutiennent\\\/\"]}]},{\"@type\":\"ImageObject\",\"inLanguage\":\"fr-FR\",\"@id\":\"https:\\\/\\\/www.reseau-entreprendre.org\\\/vendee\\\/ils-nous-soutiennent\\\/#primaryimage\",\"url\":\"https:\\\/\\\/www.reseau-entreprendre.org\\\/vendee\\\/wp-content\\\/uploads\\\/sites\\\/18\\\/2025\\\/03\\\/Pages-dextraits-sans-titre.png\",\"contentUrl\":\"https:\\\/\\\/www.reseau-entreprendre.org\\\/vendee\\\/wp-content\\\/uploads\\\/sites\\\/18\\\/2025\\\/03\\\/Pages-dextraits-sans-titre.png\",\"width\":2095,\"height\":1389},{\"@type\":\"BreadcrumbList\",\"@id\":\"https:\\\/\\\/www.reseau-entreprendre.org\\\/vendee\\\/ils-nous-soutiennent\\\/#breadcrumb\",\"itemListElement\":[{\"@type\":\"ListItem\",\"position\":1,\"name\":\"Accueil\",\"item\":\"https:\\\/\\\/www.reseau-entreprendre.org\\\/vendee\\\/\"},{\"@type\":\"ListItem\",\"position\":2,\"name\":\"les entreprises m\u00e9c\u00e8nes\"}]},{\"@type\":\"WebSite\",\"@id\":\"https:\\\/\\\/www.reseau-entreprendre.org\\\/vendee\\\/#website\",\"url\":\"https:\\\/\\\/www.reseau-entreprendre.org\\\/vendee\\\/\",\"name\":\"R\u00e9seau Entreprendre Vend\u00e9e\",\"description\":\"Un site utilisant Les sites de R\u00e9seau Entreprendre\",\"potentialAction\":[{\"@type\":\"SearchAction\",\"target\":{\"@type\":\"EntryPoint\",\"urlTemplate\":\"https:\\\/\\\/www.reseau-entreprendre.org\\\/vendee\\\/?s={search_term_string}\"},\"query-input\":{\"@type\":\"PropertyValueSpecification\",\"valueRequired\":true,\"valueName\":\"search_term_string\"}}],\"inLanguage\":\"fr-FR\"}]}<\/script>\n<!-- \/ Yoast SEO plugin. -->","yoast_head_json":{"title":"les entreprises m\u00e9c\u00e8nes - R\u00e9seau Entreprendre Vend\u00e9e","robots":{"index":"index","follow":"follow","max-snippet":"max-snippet:-1","max-image-preview":"max-image-preview:large","max-video-preview":"max-video-preview:-1"},"canonical":"https:\/\/www.reseau-entreprendre.org\/vendee\/ils-nous-soutiennent\/","og_locale":"fr_FR","og_type":"article","og_title":"les entreprises m\u00e9c\u00e8nes - R\u00e9seau Entreprendre Vend\u00e9e","og_description":"Merci \u00e0 nos m\u00e9c\u00e8nes et partenaires bancaires qui soutiennent R\u00e9seau","og_url":"https:\/\/www.reseau-entreprendre.org\/vendee\/ils-nous-soutiennent\/","og_site_name":"R\u00e9seau Entreprendre Vend\u00e9e","article_modified_time":"2025-03-18T10:06:44+00:00","og_image":[{"width":2095,"height":1389,"url":"https:\/\/www.reseau-entreprendre.org\/vendee\/wp-content\/uploads\/sites\/18\/2025\/03\/Pages-dextraits-sans-titre.png","type":"image\/png"}],"twitter_card":"summary_large_image","twitter_misc":{"Dur\u00e9e de lecture estim\u00e9e":"1 minute"},"schema":{"@context":"https:\/\/schema.org","@graph":[{"@type":"WebPage","@id":"https:\/\/www.reseau-entreprendre.org\/vendee\/ils-nous-soutiennent\/","url":"https:\/\/www.reseau-entreprendre.org\/vendee\/ils-nous-soutiennent\/","name":"les entreprises m\u00e9c\u00e8nes - R\u00e9seau Entreprendre Vend\u00e9e","isPartOf":{"@id":"https:\/\/www.reseau-entreprendre.org\/vendee\/#website"},"primaryImageOfPage":{"@id":"https:\/\/www.reseau-entreprendre.org\/vendee\/ils-nous-soutiennent\/#primaryimage"},"image":{"@id":"https:\/\/www.reseau-entreprendre.org\/vendee\/ils-nous-soutiennent\/#primaryimage"},"thumbnailUrl":"https:\/\/www.reseau-entreprendre.org\/vendee\/wp-content\/uploads\/sites\/18\/2025\/03\/Pages-dextraits-sans-titre.png","datePublished":"2017-06-13T15:35:06+00:00","dateModified":"2025-03-18T10:06:44+00:00","breadcrumb":{"@id":"https:\/\/www.reseau-entreprendre.org\/vendee\/ils-nous-soutiennent\/#breadcrumb"},"inLanguage":"fr-FR","potentialAction":[{"@type":"ReadAction","target":["https:\/\/www.reseau-entreprendre.org\/vendee\/ils-nous-soutiennent\/"]}]},{"@type":"ImageObject","inLanguage":"fr-FR","@id":"https:\/\/www.reseau-entreprendre.org\/vendee\/ils-nous-soutiennent\/#primaryimage","url":"https:\/\/www.reseau-entreprendre.org\/vendee\/wp-content\/uploads\/sites\/18\/2025\/03\/Pages-dextraits-sans-titre.png","contentUrl":"https:\/\/www.reseau-entreprendre.org\/vendee\/wp-content\/uploads\/sites\/18\/2025\/03\/Pages-dextraits-sans-titre.png","width":2095,"height":1389},{"@type":"BreadcrumbList","@id":"https:\/\/www.reseau-entreprendre.org\/vendee\/ils-nous-soutiennent\/#breadcrumb","itemListElement":[{"@type":"ListItem","position":1,"name":"Accueil","item":"https:\/\/www.reseau-entreprendre.org\/vendee\/"},{"@type":"ListItem","position":2,"name":"les entreprises m\u00e9c\u00e8nes"}]},{"@type":"WebSite","@id":"https:\/\/www.reseau-entreprendre.org\/vendee\/#website","url":"https:\/\/www.reseau-entreprendre.org\/vendee\/","name":"R\u00e9seau Entreprendre Vend\u00e9e","description":"Un site utilisant Les sites de R\u00e9seau Entreprendre","potentialAction":[{"@type":"SearchAction","target":{"@type":"EntryPoint","urlTemplate":"https:\/\/www.reseau-entreprendre.org\/vendee\/?s={search_term_string}"},"query-input":{"@type":"PropertyValueSpecification","valueRequired":true,"valueName":"search_term_string"}}],"inLanguage":"fr-FR"}]}},"_links":{"self":[{"href":"https:\/\/www.reseau-entreprendre.org\/vendee\/wp-json\/wp\/v2\/pages\/211","targetHints":{"allow":["GET"]}}],"collection":[{"href":"https:\/\/www.reseau-entreprendre.org\/vendee\/wp-json\/wp\/v2\/pages"}],"about":[{"href":"https:\/\/www.reseau-entreprendre.org\/vendee\/wp-json\/wp\/v2\/types\/page"}],"author":[{"embeddable":true,"href":"https:\/\/www.reseau-entreprendre.org\/vendee\/wp-json\/wp\/v2\/users\/18"}],"replies":[{"embeddable":true,"href":"https:\/\/www.reseau-entreprendre.org\/vendee\/wp-json\/wp\/v2\/comments?post=211"}],"version-history":[{"count":0,"href":"https:\/\/www.reseau-entreprendre.org\/vendee\/wp-json\/wp\/v2\/pages\/211\/revisions"}],"wp:attachment":[{"href":"https:\/\/www.reseau-entreprendre.org\/vendee\/wp-json\/wp\/v2\/media?parent=211"}],"curies":[{"name":"wp","href":"https:\/\/api.w.org\/{rel}","templated":true}]}}