{"id":3448,"date":"2021-04-01T11:50:43","date_gmt":"2021-04-01T09:50:43","guid":{"rendered":"https:\/\/www.reseau-entreprendre.org\/vendee\/?page_id=3359"},"modified":"2021-04-01T11:50:43","modified_gmt":"2021-04-01T09:50:43","slug":"la-ceremonie-des-jedismerci","status":"publish","type":"page","link":"https:\/\/www.reseau-entreprendre.org\/vendee\/ils-temoignent\/la-ceremonie-des-jedismerci\/","title":{"rendered":"La c\u00e9r\u00e9monie des JeDisMerci"},"content":{"rendered":"<p><img loading=\"lazy\" decoding=\"async\" class=\"alignnone size-full wp-image-3387\" src=\"https:\/\/www.reseau-entreprendre.org\/vendee\/wp-content\/uploads\/sites\/18\/2021\/04\/JeDisMerci-2-1.png\" alt=\"\" width=\"1747\" height=\"568\" \/><\/p>\n<p>&nbsp;<\/p>\n<p style=\"text-align: justify\">Il y a quelques mois, nous avons propos\u00e9 \u00e0 nos membres de participer la c\u00e9r\u00e9monie des <em>JeDisMerci<\/em> de <strong>R\u00e9seau Entreprendre Vend\u00e9e<\/strong> ! Le moment est venu de partager avec vous les nombreux t\u00e9moignages de gratitude que vous avez voulu adresser au sein de l&#8217;association, \u00e0 la personne de votre choix !<\/p>\n<p style=\"text-align: justify\"><strong>Pourquoi\u00a0?<\/strong> Notre association est riche en rencontres, en partages d\u2019exp\u00e9riences, mises en relation, rires, simplicit\u00e9 et de complicit\u00e9. Si les occasions de remercier ceux qui nous ont un jour aid\u00e9 sont nombreuses, celles o\u00f9 l\u2019on prend le temps de faire une pause dans son quotidien pour s\u2019adresser vraiment \u00e0 l\u2019autre avec sinc\u00e9rit\u00e9, sont plus rares.<\/p>\n<p style=\"text-align: justify\"><strong>Le principe\u00a0? <\/strong>Un rendez-vous organis\u00e9 en secret, un alibi pour se croiser, un t\u00e9moignage de reconnaissance&#8230; une cam\u00e9ra<\/p>\n<p style=\"text-align: justify\">Qu\u2019ils soient membres, administrateurs, laur\u00e9ats, accompagnateurs, salari\u00e9s, ou charg\u00e9s d\u2019\u00e9tudes, ils \u0153uvrent quotidiennement pour faire vivres les valeurs de l\u2019association :<\/p>\n<p>&nbsp;<\/p>\n<h4>&#x2728; Macha BRIZAY, Marina DURAND et Betty VERGNAUD remercient Denis LUNEAU<\/h4>\n<p><iframe loading=\"lazy\" title=\"\u2728JeDisMerci\u2728 de R\u00e9seau Entreprendre Vend\u00e9e : Betty, Marina et Macha remercient Denis LUNEAU\" width=\"500\" height=\"281\" src=\"https:\/\/www.youtube.com\/embed\/H8vvAvqyl6s?feature=oembed\" frameborder=\"0\" allow=\"accelerometer; autoplay; clipboard-write; encrypted-media; gyroscope; picture-in-picture; web-share\" referrerpolicy=\"strict-origin-when-cross-origin\" allowfullscreen><\/iframe><\/p>\n<p><span class=\"break-words\"><span dir=\"ltr\">Episode 1&#x1f3ac;<br \/>\nBetty, Marina et Macha, laur\u00e9ates 2017 et 2018, font une arriv\u00e9e surprise chez Denis LUNEAU, expert de l\u2019Innovation chez R\u00e9seau Entreprendre Vend\u00e9e. Et c&#8217;est en chanson qu&#8217;elles le remercient d&#8217;avoir \u00e9t\u00e9 \u00e0 leur c\u00f4t\u00e9, au d\u00e9but de leurs parcours de dirigeantes d&#8217;entreprise !<br \/>\n<a href=\"https:\/\/www.reseau-entreprendre.org\/vendee\/2017\/12\/18\/167e-laureat-betty-vergnaud-marc-lucas-societe-queeny\/\" target=\"_blank\" rel=\"noopener\"><span style=\"color: #ff971d\"><strong>&gt; Betty VERGNAUD &#8211; QUEENY <\/strong><\/span><\/a><br \/>\n<a href=\"https:\/\/www.reseau-entreprendre.org\/vendee\/2017\/07\/05\/161eme-laureat-de-reseau-entreprendre-vendee-marina-durand-cree-lentreprise-mygarden\/\" target=\"_blank\" rel=\"noopener\"><span style=\"color: #ff971d\"><strong>&gt; Marina DURAND &#8211; MYGARDEN <\/strong><\/span><\/a><br \/>\n<a href=\"https:\/\/www.reseau-entreprendre.org\/vendee\/2018\/12\/13\/nouvelle-laureate-macha-brizay-2\/\" target=\"_blank\" rel=\"noopener\"><span style=\"color: #ff971d\"><strong>&gt; Macha BRIZAY &#8211; BRAXIERE ETC <\/strong><\/span><\/a><br \/>\n<span style=\"color: #ff971d\"><strong><span style=\"color: #ff971d\">&gt; Denis LUNEAU &#8211; <\/span><a href=\"https:\/\/asmolding.com\/\"><span style=\"color: #ff971d\">ASMOLDING<\/span> <\/a><\/strong><\/span><\/span><\/span><\/p>\n<p>&nbsp;<\/p>\n<h4>&#x2728;Laure RAUTUREAU, Franck CHAUVEAU et Magali MARTINEAU remercient Christophe COUGNAUD<\/h4>\n<p><iframe loading=\"lazy\" title=\"\u2728JeDisMerci \u2728 de RE Vend\u00e9e : Laure RAUTUREAU et Magali MARTINEAU remercient Christophe COUGNAUD\" width=\"500\" height=\"281\" src=\"https:\/\/www.youtube.com\/embed\/5YYIuAPmHGc?feature=oembed\" frameborder=\"0\" allow=\"accelerometer; autoplay; clipboard-write; encrypted-media; gyroscope; picture-in-picture; web-share\" referrerpolicy=\"strict-origin-when-cross-origin\" allowfullscreen><\/iframe><\/p>\n<p>Episode 2 <span class=\"break-words\"><span dir=\"ltr\">&#x1f3ac;<\/span><\/span><\/p>\n<p>Christophe a accompagn\u00e9 Laure et Franck (laur\u00e9ats 2018) de l&#8217;entreprise SOFAREB pendant 2 ans. Avec Magali MARTINEAU du CREDIT AGRICOLE ATLANTIQUE VENDEE, ils ont voulu le remercier pour son engagement profond \u00e0 leurs c\u00f4t\u00e9s. Comme Christophe, environ 50 chefs d&#8217;entreprises accompagnent b\u00e9n\u00e9volement les laur\u00e9ats de R\u00e9seau Entreprendre Vend\u00e9e dans la r\u00e9ussite de leur projet !<br \/>\n<strong><span style=\"color: #ff971d\">&gt; <a style=\"color: #ff971d\" href=\"https:\/\/www.sofareb.com\/\" target=\"_blank\" rel=\"noopener\">Laure RAUTUREAU et Franck CHAUVEAU &#8211;\u00a0 SOFAREB<\/a><\/span><\/strong><br \/>\n<strong><span style=\"color: #ff971d\">&gt; Magali MARTINEAU, Directrice d&#8217;agence Entreprises &#8211; CREDIT AGRICOLE ATLANTIQUE VENDEE<\/span><\/strong><br \/>\n<strong><span style=\"color: #ff971d\">&gt; <a style=\"color: #ff971d\" href=\"https:\/\/www.cougnaud.com\/\" target=\"_blank\" rel=\"noopener\">Christophe COUGNAUD &#8211; Groupe COUGNAUD<\/a><\/span><\/strong><\/p>\n<h4><\/h4>\n<p>&nbsp;<\/p>\n<h4>&#x2728;Jean-Fran\u00e7ois BOUDAUD remercie Magalie BOURON<\/h4>\n<p><iframe loading=\"lazy\" title=\"Les \u2728JeDisMerci \u2728 de R\u00e9seau Entreprendre Vend\u00e9e : Jean-Fran\u00e7ois BOUDAUD remercie Magalie BOURON\" width=\"500\" height=\"281\" src=\"https:\/\/www.youtube.com\/embed\/MDebKhhb5JQ?feature=oembed\" frameborder=\"0\" allow=\"accelerometer; autoplay; clipboard-write; encrypted-media; gyroscope; picture-in-picture; web-share\" referrerpolicy=\"strict-origin-when-cross-origin\" allowfullscreen><\/iframe><\/p>\n<p>Episode 3 <span class=\"break-words\"><span dir=\"ltr\">&#x1f3ac;<\/span><\/span><\/p>\n<p>En plus d&#8217;\u00eatre Administrateur de l\u2019association, Jean-Fran\u00e7ois BOUDAUD pr\u00e9side la Commission Accompagnement chez R\u00e9seau Entreprendre Vend\u00e9e. Il remercie Magalie BOURON qui est salari\u00e9e de l&#8217;association et s&#8217;occupe de l&#8217;accompagnement des laur\u00e9ats, avant et apr\u00e8s leur Comit\u00e9 d&#8217;Engagement. Elle pensait participer \u00e0 la r\u00e9union mensuelle du suivi des porteurs de projets, mais tout ne s&#8217;est pas pass\u00e9 comme pr\u00e9vu &#8230; &#x1f609;<br \/>\n<strong><span style=\"color: #ff971d\">&gt; Jean-Fran\u00e7ois BOUDAUD, dirigeant de CIMEA PATRIMOINE<\/span><\/strong><br \/>\n<strong><span style=\"color: #ff971d\">&gt; Magalie BOURON, charg\u00e9e d&#8217;accompagnement chez R\u00e9seau Entreprendre Vend\u00e9e.<\/span><\/strong><\/p>\n<p>&nbsp;<\/p>\n<h4>&#x2728; Karine CHAIGNEAUD remercie Thierry PACTEAU<\/h4>\n<p><iframe loading=\"lazy\" title=\"\u2728JeDisMerci \u2728 de R\u00e9seau Entreprendre Vend\u00e9e : Karine CHAIGNEAUD remercie Thierry PACTEAU\" width=\"500\" height=\"281\" src=\"https:\/\/www.youtube.com\/embed\/Fz6c6oQcVtc?feature=oembed\" frameborder=\"0\" allow=\"accelerometer; autoplay; clipboard-write; encrypted-media; gyroscope; picture-in-picture; web-share\" referrerpolicy=\"strict-origin-when-cross-origin\" allowfullscreen><\/iframe><\/p>\n<p>Episode 4 <span class=\"break-words\"><span dir=\"ltr\">&#x1f3ac;<\/span><\/span><\/p>\n<p>Laur\u00e9ate de la promotion 2016, Karine CHAIGNEAUD remercie Thierry PACTEAU qui fut son accompagnateur pendant 2 ans. \u00c9galement \u00e0 ses c\u00f4t\u00e9s, Bruno RAVARD lui apporta un soutien sans faille, tr\u00e8s pr\u00e9cieux dans l&#8217;aventure souvent mouvement\u00e9e de l&#8217;entreprenariat. Retour sur des retrouvailles surprises pleines d&#8217;\u00e9motions !<br \/>\n<strong><span style=\"color: #ff971d\">&gt; Karine CHAIGNEAUD, dirigeante de KAMAC<\/span><\/strong><br \/>\n<strong><span style=\"color: #ff971d\">&gt;Thierry PACTEAU, dirigeant de ESTRELLA<\/span><\/strong><br \/>\n<strong><span style=\"color: #ff971d\">&gt; Bruno RAVARD, dirigeant de BDO<\/span><\/strong><\/p>\n<p>&nbsp;<\/p>\n<h4>&#x2728;Fabrice HOULE remercie Jean-Marc BOUET<\/h4>\n<p><iframe loading=\"lazy\" title=\"\u2728JeDisMerci \u2728 de R\u00e9seau Entreprendre Vend\u00e9e : Fabrice HOULE remercie Jean-Marc BOUET\" width=\"500\" height=\"281\" src=\"https:\/\/www.youtube.com\/embed\/fiwgGcrlqNg?feature=oembed\" frameborder=\"0\" allow=\"accelerometer; autoplay; clipboard-write; encrypted-media; gyroscope; picture-in-picture; web-share\" referrerpolicy=\"strict-origin-when-cross-origin\" allowfullscreen><\/iframe><\/p>\n<p><span class=\"break-words\"><span dir=\"ltr\">Episode 5 &#x1f3ac;<\/span><\/span><\/p>\n<p>Jean-Marc BOUET est charg\u00e9 d&#8217;\u00e9tude chez R\u00e9seau Entreprendre Vend\u00e9e : il accompagne et pr\u00e9pare les porteurs de projets \u00e0 passer en Comit\u00e9 d&#8217;Engagement pour devenir laur\u00e9ats. Fabrice HOULE, laur\u00e9at 2019, tenait \u00e0 le remercier de l&#8217;avoir soutenu et encourag\u00e9 au d\u00e9marrage de son projet. Il a organis\u00e9 un faux rendez-vous pour le surprendre en bas de chez lui &#x1f609;<br \/>\n<strong><span style=\"color: #ff971d\">&gt; Jean-Marc BOUET, charg\u00e9 d&#8217;\u00e9tude R\u00e9seau Entreprendre Vend\u00e9e<\/span><\/strong><br \/>\n<strong><span style=\"color: #ff971d\">&gt; Fabrice HOULE, dirigeant de ZELOK<\/span><\/strong><\/p>\n<p>&nbsp;<\/p>\n<h4><\/h4>\n<h4>&#x2728; St\u00e9phane OLIVIER remercie Franck RAFFIN<\/h4>\n<p><iframe loading=\"lazy\" title=\"\u2728JeDisMerci\u2728 de R\u00e9seau Entreprendre Vend\u00e9e : St\u00e9phane OLIVIER remercie Franck RAFFIN !\" width=\"500\" height=\"281\" src=\"https:\/\/www.youtube.com\/embed\/WHBAeNnWymY?feature=oembed\" frameborder=\"0\" allow=\"accelerometer; autoplay; clipboard-write; encrypted-media; gyroscope; picture-in-picture; web-share\" referrerpolicy=\"strict-origin-when-cross-origin\" allowfullscreen><\/iframe><\/p>\n<p><span class=\"break-words\"><span dir=\"ltr\">Episode 6&#x1f3ac;<\/span><\/span><\/p>\n<p>St\u00e9phane OLIVIER est laur\u00e9at de la promotion 2016. Au lancement de son entreprise STRATENGINE, il a \u00e9t\u00e9 accompagn\u00e9 pendant 2 ans par Franck RAFFIN , membre de R\u00e9seau Entreprendre Vend\u00e9e. Un accompagnateur &#8220;<em>exigeant et tr\u00e8s disponible&#8221;<\/em>, selon St\u00e9phane, qui a voulu lui faire la surprise de ce remerciement !<br \/>\n<strong><span style=\"color: #ff971d\">&gt; St\u00e9phane OLIVIER, dirigeant de STRATENGINE<\/span><\/strong><br \/>\n<strong><span style=\"color: #ff971d\">&gt; Franck RAFFIN, dirigeant de FRANCKLIN SAS<\/span><\/strong><\/p>\n<p>&nbsp;<\/p>\n<h4>&#x2728;Laure RAUTUREAU et Franck CHAUVEAU remercient Thierry GROLLEAU<\/h4>\n<p><iframe loading=\"lazy\" title=\"\u2728JeDisMerci \u2728 de R\u00e9seau Entreprendre Vend\u00e9e : Laure et Franck (SOFAREB) remercient Thierry GROLLEAU\" width=\"500\" height=\"281\" src=\"https:\/\/www.youtube.com\/embed\/vLAmA5XG6qQ?feature=oembed\" frameborder=\"0\" allow=\"accelerometer; autoplay; clipboard-write; encrypted-media; gyroscope; picture-in-picture; web-share\" referrerpolicy=\"strict-origin-when-cross-origin\" allowfullscreen><\/iframe><\/p>\n<p><span class=\"break-words\"><span dir=\"ltr\">Episode 7&#x1f3ac;<\/span><\/span><\/p>\n<p>Laure RAUTUREAU et Franck CHAUVEAU sont fr\u00e8re et s\u0153ur. Ils ont repris l&#8217;entreprise familiale SOFAREB en 2015. A cette occasion, ils deviennent laur\u00e9ats du programme <em>BOOSTER<\/em> d\u00e9di\u00e9 aux entreprises en croissance. La d\u00e9couverte de R\u00e9seau Entreprendre Vend\u00e9e ? c&#8217;est gr\u00e2ce \u00e0 Thierry GROLLEAU, leur conseiller bancaire qui, le premier, leur en a parl\u00e9. Retour sur les pr\u00e9mices d&#8217;une belle aventure qui se poursuit aujourd&#8217;hui !<br \/>\n<span style=\"color: #ff971d\"><strong>&gt; Laure RAUTUREAU et Franck CHAUVEAU, g\u00e9rants de SOFAREB \/ Laur\u00e9ats 2018<\/strong><\/span><br \/>\n<span style=\"color: #ff971d\"><strong>&gt; Thierry GROLLEAU, Charg\u00e9 d&#8217;Affaires Entreprises CR\u00c9DIT AGRICOLE VEND\u00c9E<\/strong><\/span><\/p>\n<p>&nbsp;<\/p>\n<h4>&#x2728; Bruno RAVARD remercie Paul-Henri DUBREUIL<\/h4>\n<p><iframe loading=\"lazy\" title=\"\u2728JeDisMerci \u2728 de R\u00e9seau Entreprendre Vend\u00e9e : Bruno RAVARD remercie Paul-Henri DUBREUIL\" width=\"500\" height=\"281\" src=\"https:\/\/www.youtube.com\/embed\/x975o_XhKvo?feature=oembed\" frameborder=\"0\" allow=\"accelerometer; autoplay; clipboard-write; encrypted-media; gyroscope; picture-in-picture; web-share\" referrerpolicy=\"strict-origin-when-cross-origin\" allowfullscreen><\/iframe><\/p>\n<p><span class=\"break-words\"><span dir=\"ltr\">Episode 8 &#x1f3ac;<\/span><\/span><\/p>\n<p>Pendant de nombreuses ann\u00e9es, Bruno RAVARD fut administrateur de l&#8217;association. Il se souvient de sa rencontre avec R\u00e9seau Entreprendre Vend\u00e9e, gr\u00e2ce \u00e0 Paul-Henri Dubreuil qui en fut Pr\u00e9sident entre 2010 et 2013. &#8220;<em>Une v\u00e9ritable chance [&#8230;] qui m&#8217;a \u00e9norm\u00e9ment apport\u00e9 dans ma vie professionnelle<\/em>&#8221;<br \/>\nAujourd&#8217;hui \u00e0 l&#8217;occasion d&#8217;une visite surprise, Bruno remercie Paul-Henri d&#8217;avoir rendu possible cette rencontre.<br \/>\n<span style=\"color: #ff971d\"><strong>&gt; Bruno RAVARD, dirigeant de BDO Les Sables d&#8217;Olonne<\/strong><\/span><br \/>\n<span style=\"color: #ff971d\"><strong>&gt; Paul-Henri DUBREUIL, Pr\u00e9sident Directeur G\u00e9n\u00e9ral du Groupe DUBREUIL<\/strong><\/span><\/p>\n<p>&nbsp;<\/p>\n<h4>&#x2728; Jeannine GABORIT remercie Olivier BILLION<\/h4>\n<p><iframe loading=\"lazy\" title=\"\u2728JeDisMerci \u2728 de R\u00e9seau Entreprendre Vend\u00e9e : Jeannine GABORIT remercie Olivier BILLION\" width=\"500\" height=\"281\" src=\"https:\/\/www.youtube.com\/embed\/tMOaXZVyoR4?feature=oembed\" frameborder=\"0\" allow=\"accelerometer; autoplay; clipboard-write; encrypted-media; gyroscope; picture-in-picture; web-share\" referrerpolicy=\"strict-origin-when-cross-origin\" allowfullscreen><\/iframe><\/p>\n<p><span class=\"break-words\"><span dir=\"ltr\">Episode 9 &#x1f3ac;<\/span><\/span><\/p>\n<p>Jeannine GABORIT, membre de R\u00e9seau Entreprendre Vend\u00e9e, remercie Olivier BILLION pour son engagement dans l&#8217;association dont il fut Directeur entre 2010 et 2013. Une exp\u00e9rience marqu\u00e9e par <em>&#8220;de belles rencontres, plein de bonheur et beaucoup d&#8217;accomplissement<\/em>. &#8221;<br \/>\nUn passage surprise dans son bureau, l&#8217;occasion pour Jeannine de saluer l&#8217;humilit\u00e9 et de la simplicit\u00e9 de celui qui a beaucoup \u0153uvr\u00e9 pour faire grandir l&#8217;association.<br \/>\n<strong><span style=\"color: #ff971d\">&gt; Jeannine GABORIT, dirigeante de CAP RH<\/span><\/strong><br \/>\n<strong><span style=\"color: #ff971d\">&gt; Olivier BILLION, Directeur Marketing &#8211; P\u00f4le Distribution du Groupe DUBREUIL<\/span><\/strong><\/p>\n<h4><\/h4>\n<h4>&#x2728; Claire PEAULT remercie Fabienne LAMOTHE<\/h4>\n<p><iframe loading=\"lazy\" title=\"\u2728JeDisMerci \u2728 de R\u00e9seau Entreprendre Vend\u00e9e : Claire PEAULT remercie Fabienne LAMOTHE\" width=\"500\" height=\"281\" src=\"https:\/\/www.youtube.com\/embed\/TXJKTxU8GYQ?feature=oembed\" frameborder=\"0\" allow=\"accelerometer; autoplay; clipboard-write; encrypted-media; gyroscope; picture-in-picture; web-share\" referrerpolicy=\"strict-origin-when-cross-origin\" allowfullscreen><\/iframe><\/p>\n<p><span class=\"break-words\"><span dir=\"ltr\">Episode 10 &#x1f3ac;<\/span><\/span><\/p>\n<p>Claire et Fabienne ont longtemps travaill\u00e9 ensemble. Apr\u00e8s avoir beaucoup partag\u00e9, elles ont chacune pris de nouveaux chemins mais restent tr\u00e8s li\u00e9es par leur exp\u00e9rience commune. Aujourd&#8217;hui,\u00a0 gr\u00e2ce \u00e0 R\u00e9seau Entreprendre Vend\u00e9e, elles se retrouvent pour un joli duo laur\u00e9ate\/directrice ! Visite surprise au restaurant <strong>\u00d4 BELL &#8216;ENDROIT, <\/strong>cr\u00e9\u00e9 par Fabienne et sa s\u0153ur Sonia.<br \/>\n<strong><span style=\"color: #ff971d\">&gt; Claire PEAULT directrice de R\u00e9seau Entreprendre Vend\u00e9e<\/span><\/strong><br \/>\n<strong><span style=\"color: #ff971d\">&gt; Fabienne LAMOTHE, cog\u00e9rante du restaurant \u00d4 BELL ENDROIT et laur\u00e9ate 2018<br \/>\n<\/span><\/strong><\/p>\n","protected":false},"excerpt":{"rendered":"<p>&nbsp; Il y a quelques mois, nous avons propos\u00e9 \u00e0<\/p>\n","protected":false},"author":124,"featured_media":0,"parent":92,"menu_order":1,"comment_status":"closed","ping_status":"closed","template":"template-custom.php","meta":{"_acf_changed":false,"_monsterinsights_skip_tracking":false,"_monsterinsights_sitenote_active":false,"_monsterinsights_sitenote_note":"","_monsterinsights_sitenote_category":0,"footnotes":""},"class_list":["post-3448","page","type-page","status-publish","hentry"],"acf":[],"yoast_head":"<!-- This site is optimized with the Yoast SEO plugin v27.5 - https:\/\/yoast.com\/product\/yoast-seo-wordpress\/ -->\n<title>La c\u00e9r\u00e9monie des JeDisMerci - R\u00e9seau Entreprendre Vend\u00e9e<\/title>\n<meta name=\"description\" content=\"D\u00e9couvrez les t\u00e9moignages des membres et laur\u00e9ats\" \/>\n<meta name=\"robots\" content=\"index, follow, max-snippet:-1, max-image-preview:large, max-video-preview:-1\" \/>\n<link rel=\"canonical\" href=\"https:\/\/www.reseau-entreprendre.org\/vendee\/ils-temoignent\/la-ceremonie-des-jedismerci\/\" \/>\n<meta property=\"og:locale\" content=\"fr_FR\" \/>\n<meta property=\"og:type\" content=\"article\" \/>\n<meta property=\"og:title\" content=\"La c\u00e9r\u00e9monie des JeDisMerci - R\u00e9seau Entreprendre Vend\u00e9e\" \/>\n<meta property=\"og:description\" content=\"D\u00e9couvrez les t\u00e9moignages des membres et laur\u00e9ats\" \/>\n<meta property=\"og:url\" content=\"https:\/\/www.reseau-entreprendre.org\/vendee\/ils-temoignent\/la-ceremonie-des-jedismerci\/\" \/>\n<meta property=\"og:site_name\" content=\"R\u00e9seau Entreprendre Vend\u00e9e\" \/>\n<meta property=\"og:image\" content=\"https:\/\/www.reseau-entreprendre.org\/vendee\/wp-content\/uploads\/sites\/18\/2021\/04\/JeDisMerci-2-1.png\" \/>\n<meta name=\"twitter:card\" content=\"summary_large_image\" \/>\n<meta name=\"twitter:label1\" content=\"Dur\u00e9e de lecture estim\u00e9e\" \/>\n\t<meta name=\"twitter:data1\" content=\"5 minutes\" \/>\n<script type=\"application\/ld+json\" class=\"yoast-schema-graph\">{\"@context\":\"https:\\\/\\\/schema.org\",\"@graph\":[{\"@type\":\"WebPage\",\"@id\":\"https:\\\/\\\/www.reseau-entreprendre.org\\\/vendee\\\/ils-temoignent\\\/la-ceremonie-des-jedismerci\\\/\",\"url\":\"https:\\\/\\\/www.reseau-entreprendre.org\\\/vendee\\\/ils-temoignent\\\/la-ceremonie-des-jedismerci\\\/\",\"name\":\"La c\u00e9r\u00e9monie des JeDisMerci - R\u00e9seau Entreprendre Vend\u00e9e\",\"isPartOf\":{\"@id\":\"https:\\\/\\\/www.reseau-entreprendre.org\\\/vendee\\\/#website\"},\"primaryImageOfPage\":{\"@id\":\"https:\\\/\\\/www.reseau-entreprendre.org\\\/vendee\\\/ils-temoignent\\\/la-ceremonie-des-jedismerci\\\/#primaryimage\"},\"image\":{\"@id\":\"https:\\\/\\\/www.reseau-entreprendre.org\\\/vendee\\\/ils-temoignent\\\/la-ceremonie-des-jedismerci\\\/#primaryimage\"},\"thumbnailUrl\":\"https:\\\/\\\/www.reseau-entreprendre.org\\\/vendee\\\/wp-content\\\/uploads\\\/sites\\\/18\\\/2021\\\/04\\\/JeDisMerci-2-1.png\",\"datePublished\":\"2021-04-01T09:50:43+00:00\",\"description\":\"D\u00e9couvrez les t\u00e9moignages des membres et laur\u00e9ats\",\"breadcrumb\":{\"@id\":\"https:\\\/\\\/www.reseau-entreprendre.org\\\/vendee\\\/ils-temoignent\\\/la-ceremonie-des-jedismerci\\\/#breadcrumb\"},\"inLanguage\":\"fr-FR\",\"potentialAction\":[{\"@type\":\"ReadAction\",\"target\":[\"https:\\\/\\\/www.reseau-entreprendre.org\\\/vendee\\\/ils-temoignent\\\/la-ceremonie-des-jedismerci\\\/\"]}]},{\"@type\":\"ImageObject\",\"inLanguage\":\"fr-FR\",\"@id\":\"https:\\\/\\\/www.reseau-entreprendre.org\\\/vendee\\\/ils-temoignent\\\/la-ceremonie-des-jedismerci\\\/#primaryimage\",\"url\":\"https:\\\/\\\/www.reseau-entreprendre.org\\\/vendee\\\/wp-content\\\/uploads\\\/sites\\\/18\\\/2021\\\/04\\\/JeDisMerci-2-1.png\",\"contentUrl\":\"https:\\\/\\\/www.reseau-entreprendre.org\\\/vendee\\\/wp-content\\\/uploads\\\/sites\\\/18\\\/2021\\\/04\\\/JeDisMerci-2-1.png\",\"width\":1747,\"height\":568},{\"@type\":\"BreadcrumbList\",\"@id\":\"https:\\\/\\\/www.reseau-entreprendre.org\\\/vendee\\\/ils-temoignent\\\/la-ceremonie-des-jedismerci\\\/#breadcrumb\",\"itemListElement\":[{\"@type\":\"ListItem\",\"position\":1,\"name\":\"Accueil\",\"item\":\"https:\\\/\\\/www.reseau-entreprendre.org\\\/vendee\\\/\"},{\"@type\":\"ListItem\",\"position\":2,\"name\":\"Ils t\u00e9moignent\",\"item\":\"https:\\\/\\\/www.reseau-entreprendre.org\\\/vendee\\\/ils-temoignent\\\/\"},{\"@type\":\"ListItem\",\"position\":3,\"name\":\"La c\u00e9r\u00e9monie des JeDisMerci\"}]},{\"@type\":\"WebSite\",\"@id\":\"https:\\\/\\\/www.reseau-entreprendre.org\\\/vendee\\\/#website\",\"url\":\"https:\\\/\\\/www.reseau-entreprendre.org\\\/vendee\\\/\",\"name\":\"R\u00e9seau Entreprendre Vend\u00e9e\",\"description\":\"Un site utilisant Les sites de R\u00e9seau Entreprendre\",\"potentialAction\":[{\"@type\":\"SearchAction\",\"target\":{\"@type\":\"EntryPoint\",\"urlTemplate\":\"https:\\\/\\\/www.reseau-entreprendre.org\\\/vendee\\\/?s={search_term_string}\"},\"query-input\":{\"@type\":\"PropertyValueSpecification\",\"valueRequired\":true,\"valueName\":\"search_term_string\"}}],\"inLanguage\":\"fr-FR\"}]}<\/script>\n<!-- \/ Yoast SEO plugin. -->","yoast_head_json":{"title":"La c\u00e9r\u00e9monie des JeDisMerci - R\u00e9seau Entreprendre Vend\u00e9e","description":"D\u00e9couvrez les t\u00e9moignages des membres et laur\u00e9ats","robots":{"index":"index","follow":"follow","max-snippet":"max-snippet:-1","max-image-preview":"max-image-preview:large","max-video-preview":"max-video-preview:-1"},"canonical":"https:\/\/www.reseau-entreprendre.org\/vendee\/ils-temoignent\/la-ceremonie-des-jedismerci\/","og_locale":"fr_FR","og_type":"article","og_title":"La c\u00e9r\u00e9monie des JeDisMerci - R\u00e9seau Entreprendre Vend\u00e9e","og_description":"D\u00e9couvrez les t\u00e9moignages des membres et laur\u00e9ats","og_url":"https:\/\/www.reseau-entreprendre.org\/vendee\/ils-temoignent\/la-ceremonie-des-jedismerci\/","og_site_name":"R\u00e9seau Entreprendre Vend\u00e9e","og_image":[{"url":"https:\/\/www.reseau-entreprendre.org\/vendee\/wp-content\/uploads\/sites\/18\/2021\/04\/JeDisMerci-2-1.png","type":"","width":"","height":""}],"twitter_card":"summary_large_image","twitter_misc":{"Dur\u00e9e de lecture estim\u00e9e":"5 minutes"},"schema":{"@context":"https:\/\/schema.org","@graph":[{"@type":"WebPage","@id":"https:\/\/www.reseau-entreprendre.org\/vendee\/ils-temoignent\/la-ceremonie-des-jedismerci\/","url":"https:\/\/www.reseau-entreprendre.org\/vendee\/ils-temoignent\/la-ceremonie-des-jedismerci\/","name":"La c\u00e9r\u00e9monie des JeDisMerci - R\u00e9seau Entreprendre Vend\u00e9e","isPartOf":{"@id":"https:\/\/www.reseau-entreprendre.org\/vendee\/#website"},"primaryImageOfPage":{"@id":"https:\/\/www.reseau-entreprendre.org\/vendee\/ils-temoignent\/la-ceremonie-des-jedismerci\/#primaryimage"},"image":{"@id":"https:\/\/www.reseau-entreprendre.org\/vendee\/ils-temoignent\/la-ceremonie-des-jedismerci\/#primaryimage"},"thumbnailUrl":"https:\/\/www.reseau-entreprendre.org\/vendee\/wp-content\/uploads\/sites\/18\/2021\/04\/JeDisMerci-2-1.png","datePublished":"2021-04-01T09:50:43+00:00","description":"D\u00e9couvrez les t\u00e9moignages des membres et laur\u00e9ats","breadcrumb":{"@id":"https:\/\/www.reseau-entreprendre.org\/vendee\/ils-temoignent\/la-ceremonie-des-jedismerci\/#breadcrumb"},"inLanguage":"fr-FR","potentialAction":[{"@type":"ReadAction","target":["https:\/\/www.reseau-entreprendre.org\/vendee\/ils-temoignent\/la-ceremonie-des-jedismerci\/"]}]},{"@type":"ImageObject","inLanguage":"fr-FR","@id":"https:\/\/www.reseau-entreprendre.org\/vendee\/ils-temoignent\/la-ceremonie-des-jedismerci\/#primaryimage","url":"https:\/\/www.reseau-entreprendre.org\/vendee\/wp-content\/uploads\/sites\/18\/2021\/04\/JeDisMerci-2-1.png","contentUrl":"https:\/\/www.reseau-entreprendre.org\/vendee\/wp-content\/uploads\/sites\/18\/2021\/04\/JeDisMerci-2-1.png","width":1747,"height":568},{"@type":"BreadcrumbList","@id":"https:\/\/www.reseau-entreprendre.org\/vendee\/ils-temoignent\/la-ceremonie-des-jedismerci\/#breadcrumb","itemListElement":[{"@type":"ListItem","position":1,"name":"Accueil","item":"https:\/\/www.reseau-entreprendre.org\/vendee\/"},{"@type":"ListItem","position":2,"name":"Ils t\u00e9moignent","item":"https:\/\/www.reseau-entreprendre.org\/vendee\/ils-temoignent\/"},{"@type":"ListItem","position":3,"name":"La c\u00e9r\u00e9monie des JeDisMerci"}]},{"@type":"WebSite","@id":"https:\/\/www.reseau-entreprendre.org\/vendee\/#website","url":"https:\/\/www.reseau-entreprendre.org\/vendee\/","name":"R\u00e9seau Entreprendre Vend\u00e9e","description":"Un site utilisant Les sites de R\u00e9seau Entreprendre","potentialAction":[{"@type":"SearchAction","target":{"@type":"EntryPoint","urlTemplate":"https:\/\/www.reseau-entreprendre.org\/vendee\/?s={search_term_string}"},"query-input":{"@type":"PropertyValueSpecification","valueRequired":true,"valueName":"search_term_string"}}],"inLanguage":"fr-FR"}]}},"_links":{"self":[{"href":"https:\/\/www.reseau-entreprendre.org\/vendee\/wp-json\/wp\/v2\/pages\/3448","targetHints":{"allow":["GET"]}}],"collection":[{"href":"https:\/\/www.reseau-entreprendre.org\/vendee\/wp-json\/wp\/v2\/pages"}],"about":[{"href":"https:\/\/www.reseau-entreprendre.org\/vendee\/wp-json\/wp\/v2\/types\/page"}],"author":[{"embeddable":true,"href":"https:\/\/www.reseau-entreprendre.org\/vendee\/wp-json\/wp\/v2\/users\/124"}],"replies":[{"embeddable":true,"href":"https:\/\/www.reseau-entreprendre.org\/vendee\/wp-json\/wp\/v2\/comments?post=3448"}],"version-history":[{"count":0,"href":"https:\/\/www.reseau-entreprendre.org\/vendee\/wp-json\/wp\/v2\/pages\/3448\/revisions"}],"up":[{"embeddable":true,"href":"https:\/\/www.reseau-entreprendre.org\/vendee\/wp-json\/wp\/v2\/pages\/92"}],"wp:attachment":[{"href":"https:\/\/www.reseau-entreprendre.org\/vendee\/wp-json\/wp\/v2\/media?parent=3448"}],"curies":[{"name":"wp","href":"https:\/\/api.w.org\/{rel}","templated":true}]}}