{"id":4603,"date":"2021-12-30T11:18:49","date_gmt":"2021-12-30T10:18:49","guid":{"rendered":"https:\/\/www.reseau-entreprendre.org\/vendee\/?page_id=4603"},"modified":"2021-12-30T11:21:08","modified_gmt":"2021-12-30T10:21:08","slug":"les-laureats-temoignent-sur-laccompagnement","status":"publish","type":"page","link":"https:\/\/www.reseau-entreprendre.org\/vendee\/les-laureats-temoignent-sur-laccompagnement\/","title":{"rendered":"Les laur\u00e9ats parlent de l&#8217;accompagnement"},"content":{"rendered":"\n<figure class=\"wp-block-image size-large is-style-default\"><img loading=\"lazy\" decoding=\"async\" width=\"1024\" height=\"591\" src=\"https:\/\/www.reseau-entreprendre.org\/vendee\/wp-content\/uploads\/sites\/18\/2021\/12\/obell-endroit-1024x591.png\" alt=\"\" class=\"wp-image-4604\" srcset=\"https:\/\/www.reseau-entreprendre.org\/vendee\/wp-content\/uploads\/sites\/18\/2021\/12\/obell-endroit-1024x591.png 1024w, https:\/\/www.reseau-entreprendre.org\/vendee\/wp-content\/uploads\/sites\/18\/2021\/12\/obell-endroit-300x173.png 300w, https:\/\/www.reseau-entreprendre.org\/vendee\/wp-content\/uploads\/sites\/18\/2021\/12\/obell-endroit-768x444.png 768w, https:\/\/www.reseau-entreprendre.org\/vendee\/wp-content\/uploads\/sites\/18\/2021\/12\/obell-endroit-210x121.png 210w, https:\/\/www.reseau-entreprendre.org\/vendee\/wp-content\/uploads\/sites\/18\/2021\/12\/obell-endroit.png 1200w\" sizes=\"auto, (max-width: 1024px) 100vw, 1024px\" \/><figcaption>Fabienne Lamothe, Sonia Morin, Laur\u00e9ates 2018, et Sylvain Ripoche, leur accompagnateur.<\/figcaption><\/figure>\n\n\n\n<h2 class=\"has-re-blue-color has-text-color wp-block-heading\"><strong>Regards crois\u00e9s sur l\u2019accompagnement<\/strong><\/h2>\n\n\n<p style=\"text-align: justify\">Sonia et Fabienne sont s\u0153urs. En 2018, elles ont d\u00e9cid\u00e9 de changer de vie et se lancent dans un projet fou : ouvrir \u00e0 La Roche-sur-Yon, un restaurant qui n\u2019emploie que des personnes porteuses de Trisomie 21, \u00e0 l\u2019image de leur petit fr\u00e8re Valentin.<strong> \u00d4 BELL\u2019ENDROIT<\/strong> \u00e9tait n\u00e9. R\u00e9seau Entreprendre\u00ae Vend\u00e9e et Sylvain Ripoche, g\u00e9rant du restaurant<strong> CIVLISATIONS<\/strong>&nbsp;les ont accompagn\u00e9es dans le d\u00e9marrage de l\u2019activit\u00e9.<\/p>\n\n\n<div class=\"wp-block-columns is-layout-flex wp-container-core-columns-is-layout-9d6595d7 wp-block-columns-is-layout-flex\">\n<div class=\"wp-block-column is-layout-flow wp-block-column-is-layout-flow\" style=\"flex-basis:100%\">\n<p class=\"has-normal-font-size\"><strong>Les Laur\u00e9ates : Sonia Morin et Fabienne Lamothe, co-g\u00e9rantes du restaurant \u00d4 Bell\u2019Endroit : <\/strong><\/p>\n\n\n\n<ul class=\"wp-block-list\"><li><span class=\"has-inline-color has-re-yellow-color\">Quel a \u00e9t\u00e9 le moment le plus fort de ces deux ans d\u2019accompagnement ?<\/span><br>Il n\u2019y a pas vraiment d\u2019\u00e9v\u00e9nement fort en tant que tel mais ce qui aura marqu\u00e9 ces 2 ans, c\u2019est probablement la situation in\u00e9dite de crise sanitaire travers\u00e9e par notre m\u00e9tier !!<br><br><\/li><li><span class=\"has-inline-color has-re-yellow-color\">Comment d\u00e9finiriez-vous l\u2019accompagnement v\u00e9cu avec Sylvain ?<\/span><br>On a ressenti cet accompagnant comme \u00ab s\u00e9curisant \u00bb\u2026 Ne venant pas du m\u00e9tier de la restauration ni l\u2019une ni l\u2019autre, c\u2019\u00e9tait important de savoir qu\u2019un professionnel \u00e9tait \u00e0 nos c\u00f4t\u00e9s, disponible. Sylvain a eu un regard et des conseils concrets, partageant son exp\u00e9rience assez librement. Il nous interroge sur nos chiffres et met en \u00e9vidence les points \u00e0 regarder, comment am\u00e9liorer ou conforter notre marge\u2026<br><br><\/li><li><span class=\"has-inline-color has-re-yellow-color\">Qu\u2019est-ce que \u00e7a vous a plus apport\u00e9 ? <\/span><br>L\u2019exp\u00e9rience dont nous manquions ! Le partage et l\u2019\u00e9change \u00e0 tous niveaux : c\u00f4t\u00e9 gestion et management pour nous. Et \u00e9change de savoir-faire pour notre Cheffe de cuisine. D\u00e8s que la situation sera r\u00e9tablie, il est pr\u00e9vu que R\u00e9becca puisse partager du temps ave le Chef de Civilisations.<br><br><\/li><li><span class=\"has-inline-color has-re-yellow-color\">Un conseil que vous n\u2019oublierez jamais ?<br><\/span>Toujours mettre en avant le ressenti client, ses attentes pour avancer ou prendre nos d\u00e9cisions.<br><br><\/li><li><span class=\"has-inline-color has-re-yellow-color\">Quel conseil donnez-vous \u00e0 ceux qui se lancent dans l\u2019entreprenariat ?<\/span><br>Plut\u00f4t qu\u2019un conseil, nous aimerions partager 1 citation qui nous porte depuis le d\u00e9but : \u00ab<em> Ils ne savaient pas que c\u2019\u00e9tait impossible, alors ils l\u2019ont fait<\/em> \u00bb Mark Twain<br><\/li><\/ul>\n<\/div>\n<\/div>\n\n\n\n<h6 class=\"has-normal-font-size wp-block-heading\"><strong>L\u2019accompagnateur : Sylvain Ripoche, laur\u00e9at 2017 et g\u00e9rant du restaurant Civilisations aux Herbiers :<\/strong><br><br><\/h6>\n\n\n\n<ul class=\"wp-block-list\"><li><span class=\"has-inline-color has-re-blue-color\">Tu \u00e9tais laur\u00e9at en 2017, pourquoi as-tu accept\u00e9 d\u2019accompagner Fabienne et Sonia l\u2019ann\u00e9e suivante ?<\/span><br>J\u2019ai appr\u00e9ci\u00e9 d\u2019\u00eatre accompagn\u00e9 lors de ma cr\u00e9ation d\u2019entreprise et donc il \u00e9tait \u00e9vident pour moi de continuer l\u2019aventure et le partenariat R\u00e9seau Entreprendre. Concernant Fabienne et Sonia, j\u2019avais d\u00e9j\u00e0 eu un contact avec elles en amont du d\u00e9marrage de l\u2019accompagnement et j\u2019avais bien accroch\u00e9 sur l\u2019id\u00e9e et le sens de ce restaurant.<br><br><\/li><li><span class=\"has-inline-color has-re-blue-color\">C\u2019est quoi pour toi, \u00eatre accompagnateur chez R\u00e9seau Entreprendre\u00ae Vend\u00e9e ?<\/span><br>\u00catre accompagnateur, c\u2019est \u00e9couter, c\u2019est valoriser et encourager ce qui se met en place et qui ne porte pas toujours ses fruits imm\u00e9diatement, c\u2019est permettre aux cr\u00e9ateurs d\u2019entreprise de prendre du recul, ce qui n\u2019est pas toujours simple sur les premiers mois, avec quelqu\u2019un de neutre qui reste bienveillant.<br><br><\/li><li><span class=\"has-inline-color has-re-blue-color\">Qu\u2019est-ce qui t\u2019a le plus marqu\u00e9 en \u00e9tant accompagnateur ?<\/span><br>L\u2019importance donn\u00e9 \u00e0 ces rendez-vous, la qualit\u00e9 des \u00e9changes, de l\u2019\u00e9coute et ensuite la mise en place d\u2019actions d\u00e9finies ensemble pour aller plus vite, gagner du temps \u00eatre plus rentable. Un accompagnateur qui \u00e9coute apprend autant qu\u2019il donne lors de ces \u00e9changes.<br><br><\/li><li><span class=\"has-inline-color has-re-blue-color\">Qu\u2019est-ce que \u00e7a t\u2019a apport\u00e9 d\u2019accompagner Fabienne et Sonia ?<\/span><br>Accompagner, c\u2019est avant tout partager et cela m\u2019a souvent permis en \u00e9changeant lors de ces rendez-vous de trouver ensemble des opportunit\u00e9s pour nos entreprises respectives et l\u00e0 on est vraiment dans une relation gagnant\/ gagnant m\u00eame si nos entreprises sont tr\u00e8s diff\u00e9rentes en termes de fonctionnement.<\/li><\/ul>\n","protected":false},"excerpt":{"rendered":"<p>Regards crois\u00e9s sur l\u2019accompagnement Sonia et Fabienne sont s\u0153urs. En<\/p>\n","protected":false},"author":18,"featured_media":0,"parent":0,"menu_order":0,"comment_status":"closed","ping_status":"closed","template":"","meta":{"_acf_changed":false,"_monsterinsights_skip_tracking":false,"_monsterinsights_sitenote_active":false,"_monsterinsights_sitenote_note":"","_monsterinsights_sitenote_category":0,"footnotes":""},"class_list":["post-4603","page","type-page","status-publish","hentry"],"acf":[],"yoast_head":"<!-- This site is optimized with the Yoast SEO plugin v27.4 - https:\/\/yoast.com\/product\/yoast-seo-wordpress\/ -->\n<title>Les laur\u00e9ats parlent de l&#039;accompagnement - R\u00e9seau Entreprendre Vend\u00e9e<\/title>\n<meta name=\"robots\" content=\"index, follow, max-snippet:-1, max-image-preview:large, max-video-preview:-1\" \/>\n<link rel=\"canonical\" href=\"https:\/\/www.reseau-entreprendre.org\/vendee\/les-laureats-temoignent-sur-laccompagnement\/\" \/>\n<meta property=\"og:locale\" content=\"fr_FR\" \/>\n<meta property=\"og:type\" content=\"article\" \/>\n<meta property=\"og:title\" content=\"Les laur\u00e9ats parlent de l&#039;accompagnement - R\u00e9seau Entreprendre Vend\u00e9e\" \/>\n<meta property=\"og:description\" content=\"Regards crois\u00e9s sur l\u2019accompagnement Sonia et Fabienne sont s\u0153urs. En\" \/>\n<meta property=\"og:url\" content=\"https:\/\/www.reseau-entreprendre.org\/vendee\/les-laureats-temoignent-sur-laccompagnement\/\" \/>\n<meta property=\"og:site_name\" content=\"R\u00e9seau Entreprendre Vend\u00e9e\" \/>\n<meta property=\"article:modified_time\" content=\"2021-12-30T10:21:08+00:00\" \/>\n<meta property=\"og:image\" content=\"https:\/\/www.reseau-entreprendre.org\/vendee\/wp-content\/uploads\/sites\/18\/2021\/12\/obell-endroit-1024x591.png\" \/>\n<meta name=\"twitter:card\" content=\"summary_large_image\" \/>\n<meta name=\"twitter:label1\" content=\"Dur\u00e9e de lecture estim\u00e9e\" \/>\n\t<meta name=\"twitter:data1\" content=\"3 minutes\" \/>\n<script type=\"application\/ld+json\" class=\"yoast-schema-graph\">{\"@context\":\"https:\\\/\\\/schema.org\",\"@graph\":[{\"@type\":\"WebPage\",\"@id\":\"https:\\\/\\\/www.reseau-entreprendre.org\\\/vendee\\\/les-laureats-temoignent-sur-laccompagnement\\\/\",\"url\":\"https:\\\/\\\/www.reseau-entreprendre.org\\\/vendee\\\/les-laureats-temoignent-sur-laccompagnement\\\/\",\"name\":\"Les laur\u00e9ats parlent de l'accompagnement - R\u00e9seau Entreprendre Vend\u00e9e\",\"isPartOf\":{\"@id\":\"https:\\\/\\\/www.reseau-entreprendre.org\\\/vendee\\\/#website\"},\"primaryImageOfPage\":{\"@id\":\"https:\\\/\\\/www.reseau-entreprendre.org\\\/vendee\\\/les-laureats-temoignent-sur-laccompagnement\\\/#primaryimage\"},\"image\":{\"@id\":\"https:\\\/\\\/www.reseau-entreprendre.org\\\/vendee\\\/les-laureats-temoignent-sur-laccompagnement\\\/#primaryimage\"},\"thumbnailUrl\":\"https:\\\/\\\/www.reseau-entreprendre.org\\\/vendee\\\/wp-content\\\/uploads\\\/sites\\\/18\\\/2021\\\/12\\\/obell-endroit-1024x591.png\",\"datePublished\":\"2021-12-30T10:18:49+00:00\",\"dateModified\":\"2021-12-30T10:21:08+00:00\",\"breadcrumb\":{\"@id\":\"https:\\\/\\\/www.reseau-entreprendre.org\\\/vendee\\\/les-laureats-temoignent-sur-laccompagnement\\\/#breadcrumb\"},\"inLanguage\":\"fr-FR\",\"potentialAction\":[{\"@type\":\"ReadAction\",\"target\":[\"https:\\\/\\\/www.reseau-entreprendre.org\\\/vendee\\\/les-laureats-temoignent-sur-laccompagnement\\\/\"]}]},{\"@type\":\"ImageObject\",\"inLanguage\":\"fr-FR\",\"@id\":\"https:\\\/\\\/www.reseau-entreprendre.org\\\/vendee\\\/les-laureats-temoignent-sur-laccompagnement\\\/#primaryimage\",\"url\":\"https:\\\/\\\/www.reseau-entreprendre.org\\\/vendee\\\/wp-content\\\/uploads\\\/sites\\\/18\\\/2021\\\/12\\\/obell-endroit.png\",\"contentUrl\":\"https:\\\/\\\/www.reseau-entreprendre.org\\\/vendee\\\/wp-content\\\/uploads\\\/sites\\\/18\\\/2021\\\/12\\\/obell-endroit.png\",\"width\":1200,\"height\":693},{\"@type\":\"BreadcrumbList\",\"@id\":\"https:\\\/\\\/www.reseau-entreprendre.org\\\/vendee\\\/les-laureats-temoignent-sur-laccompagnement\\\/#breadcrumb\",\"itemListElement\":[{\"@type\":\"ListItem\",\"position\":1,\"name\":\"Accueil\",\"item\":\"https:\\\/\\\/www.reseau-entreprendre.org\\\/vendee\\\/\"},{\"@type\":\"ListItem\",\"position\":2,\"name\":\"Les laur\u00e9ats parlent de l&rsquo;accompagnement\"}]},{\"@type\":\"WebSite\",\"@id\":\"https:\\\/\\\/www.reseau-entreprendre.org\\\/vendee\\\/#website\",\"url\":\"https:\\\/\\\/www.reseau-entreprendre.org\\\/vendee\\\/\",\"name\":\"R\u00e9seau Entreprendre Vend\u00e9e\",\"description\":\"Un site utilisant Les sites de R\u00e9seau Entreprendre\",\"potentialAction\":[{\"@type\":\"SearchAction\",\"target\":{\"@type\":\"EntryPoint\",\"urlTemplate\":\"https:\\\/\\\/www.reseau-entreprendre.org\\\/vendee\\\/?s={search_term_string}\"},\"query-input\":{\"@type\":\"PropertyValueSpecification\",\"valueRequired\":true,\"valueName\":\"search_term_string\"}}],\"inLanguage\":\"fr-FR\"}]}<\/script>\n<!-- \/ Yoast SEO plugin. -->","yoast_head_json":{"title":"Les laur\u00e9ats parlent de l'accompagnement - R\u00e9seau Entreprendre Vend\u00e9e","robots":{"index":"index","follow":"follow","max-snippet":"max-snippet:-1","max-image-preview":"max-image-preview:large","max-video-preview":"max-video-preview:-1"},"canonical":"https:\/\/www.reseau-entreprendre.org\/vendee\/les-laureats-temoignent-sur-laccompagnement\/","og_locale":"fr_FR","og_type":"article","og_title":"Les laur\u00e9ats parlent de l'accompagnement - R\u00e9seau Entreprendre Vend\u00e9e","og_description":"Regards crois\u00e9s sur l\u2019accompagnement Sonia et Fabienne sont s\u0153urs. En","og_url":"https:\/\/www.reseau-entreprendre.org\/vendee\/les-laureats-temoignent-sur-laccompagnement\/","og_site_name":"R\u00e9seau Entreprendre Vend\u00e9e","article_modified_time":"2021-12-30T10:21:08+00:00","og_image":[{"url":"https:\/\/www.reseau-entreprendre.org\/vendee\/wp-content\/uploads\/sites\/18\/2021\/12\/obell-endroit-1024x591.png","type":"","width":"","height":""}],"twitter_card":"summary_large_image","twitter_misc":{"Dur\u00e9e de lecture estim\u00e9e":"3 minutes"},"schema":{"@context":"https:\/\/schema.org","@graph":[{"@type":"WebPage","@id":"https:\/\/www.reseau-entreprendre.org\/vendee\/les-laureats-temoignent-sur-laccompagnement\/","url":"https:\/\/www.reseau-entreprendre.org\/vendee\/les-laureats-temoignent-sur-laccompagnement\/","name":"Les laur\u00e9ats parlent de l'accompagnement - R\u00e9seau Entreprendre Vend\u00e9e","isPartOf":{"@id":"https:\/\/www.reseau-entreprendre.org\/vendee\/#website"},"primaryImageOfPage":{"@id":"https:\/\/www.reseau-entreprendre.org\/vendee\/les-laureats-temoignent-sur-laccompagnement\/#primaryimage"},"image":{"@id":"https:\/\/www.reseau-entreprendre.org\/vendee\/les-laureats-temoignent-sur-laccompagnement\/#primaryimage"},"thumbnailUrl":"https:\/\/www.reseau-entreprendre.org\/vendee\/wp-content\/uploads\/sites\/18\/2021\/12\/obell-endroit-1024x591.png","datePublished":"2021-12-30T10:18:49+00:00","dateModified":"2021-12-30T10:21:08+00:00","breadcrumb":{"@id":"https:\/\/www.reseau-entreprendre.org\/vendee\/les-laureats-temoignent-sur-laccompagnement\/#breadcrumb"},"inLanguage":"fr-FR","potentialAction":[{"@type":"ReadAction","target":["https:\/\/www.reseau-entreprendre.org\/vendee\/les-laureats-temoignent-sur-laccompagnement\/"]}]},{"@type":"ImageObject","inLanguage":"fr-FR","@id":"https:\/\/www.reseau-entreprendre.org\/vendee\/les-laureats-temoignent-sur-laccompagnement\/#primaryimage","url":"https:\/\/www.reseau-entreprendre.org\/vendee\/wp-content\/uploads\/sites\/18\/2021\/12\/obell-endroit.png","contentUrl":"https:\/\/www.reseau-entreprendre.org\/vendee\/wp-content\/uploads\/sites\/18\/2021\/12\/obell-endroit.png","width":1200,"height":693},{"@type":"BreadcrumbList","@id":"https:\/\/www.reseau-entreprendre.org\/vendee\/les-laureats-temoignent-sur-laccompagnement\/#breadcrumb","itemListElement":[{"@type":"ListItem","position":1,"name":"Accueil","item":"https:\/\/www.reseau-entreprendre.org\/vendee\/"},{"@type":"ListItem","position":2,"name":"Les laur\u00e9ats parlent de l&rsquo;accompagnement"}]},{"@type":"WebSite","@id":"https:\/\/www.reseau-entreprendre.org\/vendee\/#website","url":"https:\/\/www.reseau-entreprendre.org\/vendee\/","name":"R\u00e9seau Entreprendre Vend\u00e9e","description":"Un site utilisant Les sites de R\u00e9seau Entreprendre","potentialAction":[{"@type":"SearchAction","target":{"@type":"EntryPoint","urlTemplate":"https:\/\/www.reseau-entreprendre.org\/vendee\/?s={search_term_string}"},"query-input":{"@type":"PropertyValueSpecification","valueRequired":true,"valueName":"search_term_string"}}],"inLanguage":"fr-FR"}]}},"_links":{"self":[{"href":"https:\/\/www.reseau-entreprendre.org\/vendee\/wp-json\/wp\/v2\/pages\/4603","targetHints":{"allow":["GET"]}}],"collection":[{"href":"https:\/\/www.reseau-entreprendre.org\/vendee\/wp-json\/wp\/v2\/pages"}],"about":[{"href":"https:\/\/www.reseau-entreprendre.org\/vendee\/wp-json\/wp\/v2\/types\/page"}],"author":[{"embeddable":true,"href":"https:\/\/www.reseau-entreprendre.org\/vendee\/wp-json\/wp\/v2\/users\/18"}],"replies":[{"embeddable":true,"href":"https:\/\/www.reseau-entreprendre.org\/vendee\/wp-json\/wp\/v2\/comments?post=4603"}],"version-history":[{"count":0,"href":"https:\/\/www.reseau-entreprendre.org\/vendee\/wp-json\/wp\/v2\/pages\/4603\/revisions"}],"wp:attachment":[{"href":"https:\/\/www.reseau-entreprendre.org\/vendee\/wp-json\/wp\/v2\/media?parent=4603"}],"curies":[{"name":"wp","href":"https:\/\/api.w.org\/{rel}","templated":true}]}}