{"id":6343,"date":"2023-06-02T15:08:59","date_gmt":"2023-06-02T13:08:59","guid":{"rendered":"https:\/\/www.reseau-entreprendre.org\/vendee\/?page_id=6343"},"modified":"2023-07-27T11:40:33","modified_gmt":"2023-07-27T09:40:33","slug":"une-ag-sous-les-pins-01-06-23-les-photos","status":"publish","type":"page","link":"https:\/\/www.reseau-entreprendre.org\/vendee\/une-ag-sous-les-pins-01-06-23-les-photos\/","title":{"rendered":"Une AG sous les Pins 01\/06\/23 : les photos"},"content":{"rendered":"\n<figure class=\"wp-block-image size-large\"><img loading=\"lazy\" decoding=\"async\" width=\"1024\" height=\"410\" src=\"https:\/\/www.reseau-entreprendre.org\/vendee\/wp-content\/uploads\/sites\/18\/2023\/06\/VISUEL-HORIZONTAL1-1024x410.jpg\" alt=\"\" class=\"wp-image-6344\" srcset=\"https:\/\/www.reseau-entreprendre.org\/vendee\/wp-content\/uploads\/sites\/18\/2023\/06\/VISUEL-HORIZONTAL1-1024x410.jpg 1024w, https:\/\/www.reseau-entreprendre.org\/vendee\/wp-content\/uploads\/sites\/18\/2023\/06\/VISUEL-HORIZONTAL1-300x120.jpg 300w, https:\/\/www.reseau-entreprendre.org\/vendee\/wp-content\/uploads\/sites\/18\/2023\/06\/VISUEL-HORIZONTAL1-768x307.jpg 768w, https:\/\/www.reseau-entreprendre.org\/vendee\/wp-content\/uploads\/sites\/18\/2023\/06\/VISUEL-HORIZONTAL1-1536x614.jpg 1536w, https:\/\/www.reseau-entreprendre.org\/vendee\/wp-content\/uploads\/sites\/18\/2023\/06\/VISUEL-HORIZONTAL1-2048x819.jpg 2048w, https:\/\/www.reseau-entreprendre.org\/vendee\/wp-content\/uploads\/sites\/18\/2023\/06\/VISUEL-HORIZONTAL1-210x84.jpg 210w\" sizes=\"auto, (max-width: 1024px) 100vw, 1024px\" \/><\/figure>\n\n\n\n<div class=\"wp-block-columns is-layout-flex wp-container-core-columns-is-layout-9d6595d7 wp-block-columns-is-layout-flex\">\n<div class=\"wp-block-column is-layout-flow wp-block-column-is-layout-flow\">\n<p>Jeudi 1er juin s&#8217;est tenue l&#8217;Assembl\u00e9e G\u00e9n\u00e9rale annuelle de <strong>R\u00e9seau Entreprendre Vend\u00e9e<\/strong> !<\/p>\n\n\n\n<p>A cette occasion, l&#8217;association a organis\u00e9 une journ\u00e9e d&#8217;activit\u00e9s de plein air \u00e0 Saint-Jean-de-Monts, pour ses membres et laur\u00e9ats.<\/p>\n\n\n\n<p>Que ce soit sur <strong>le green du Golf, <\/strong>face \u00e0 la mer, ou \u00e0 l&#8217;ombre des pins <strong><a href=\"https:\/\/exploraparc.com\/\" target=\"_blank\" rel=\"noreferrer noopener\">d&#8217;Explora Parc,<\/a><\/strong> tous se sont retrouv\u00e9s pour partager un bel apr\u00e8s-midi ensoleill\u00e9, comme un avant-go\u00fbt de vacances. <\/p>\n\n\n\n<p class=\"has-re-blue-color has-text-color\"><\/p>\n<\/div>\n\n\n\n<div class=\"wp-block-column is-layout-flow wp-block-column-is-layout-flow\">\n<figure class=\"wp-block-image size-large is-style-default\"><img loading=\"lazy\" decoding=\"async\" width=\"1024\" height=\"651\" src=\"https:\/\/www.reseau-entreprendre.org\/vendee\/wp-content\/uploads\/sites\/18\/2023\/06\/AG-RE-Vendee-1024x651.jpg\" alt=\"\" class=\"wp-image-6820\" srcset=\"https:\/\/www.reseau-entreprendre.org\/vendee\/wp-content\/uploads\/sites\/18\/2023\/06\/AG-RE-Vendee-1024x651.jpg 1024w, https:\/\/www.reseau-entreprendre.org\/vendee\/wp-content\/uploads\/sites\/18\/2023\/06\/AG-RE-Vendee-300x191.jpg 300w, https:\/\/www.reseau-entreprendre.org\/vendee\/wp-content\/uploads\/sites\/18\/2023\/06\/AG-RE-Vendee-768x488.jpg 768w, https:\/\/www.reseau-entreprendre.org\/vendee\/wp-content\/uploads\/sites\/18\/2023\/06\/AG-RE-Vendee-1536x976.jpg 1536w, https:\/\/www.reseau-entreprendre.org\/vendee\/wp-content\/uploads\/sites\/18\/2023\/06\/AG-RE-Vendee-2048x1301.jpg 2048w, https:\/\/www.reseau-entreprendre.org\/vendee\/wp-content\/uploads\/sites\/18\/2023\/06\/AG-RE-Vendee-205x130.jpg 205w\" sizes=\"auto, (max-width: 1024px) 100vw, 1024px\" \/><\/figure>\n<\/div>\n<\/div>\n\n\n\n<p class=\"has-re-blue-color has-text-color\">La fin de journ\u00e9e sonnait l&#8217;heure du rassemblement \u00e0 <strong>Explora Parc<\/strong>, pour le lancement d&#8217;une AG chaleureuse et anim\u00e9e, \u00e0 l&#8217;image des membres et laur\u00e9ats venus nombreux. <\/p>\n\n\n\n<p>Comme chaque ann\u00e9e, la soir\u00e9e s&#8217;est joyeusement poursuivie par la traditionnelle <strong><em>Grillade Party<\/em><\/strong> , toujours tant attendue !<\/p>\n\n\n\n<p class=\"has-light-green-cyan-to-vivid-green-cyan-gradient-background has-background\"><strong>REMERCIEMENTS <\/strong><br>R\u00e9seau Entreprendre Vend\u00e9e remercie particuli\u00e8rement <a href=\"https:\/\/www.cic.fr\/fr\/index.html\" target=\"_blank\" rel=\"noreferrer noopener\"><strong>le CIC,<\/strong><\/a> partenaire de la soir\u00e9e, I<a href=\"https:\/\/illicoboco.fr\/\" target=\"_blank\" rel=\"noreferrer noopener\"><strong>LLICOBOCO \u2013 LA FABRIC A BOCO<\/strong><\/a><strong> S\u00e9bastien BRAY, laur\u00e9at 2020 <\/strong>pour la r\u00e9alisation des d\u00e9licieuses grillades et la <a href=\"http:\/\/www.menuiserie-gendreau.fr\/\" target=\"_blank\" rel=\"noreferrer noopener\"><strong>Menuiserie Gendreau<\/strong><\/a> <strong>Pascale Bourdet, <\/strong>pour la fabrication du Troph\u00e9e <em>Impact <\/em>remis au<strong> laur\u00e9at 2022 Nicolas Simonnet <\/strong><a href=\"https:\/\/robin-technologies.com\/\" target=\"_blank\" rel=\"noreferrer noopener\"><strong>Robin Technologie<\/strong><\/a><a target=\"_blank\" rel=\"noreferrer noopener\"><strong>s, <\/strong><\/a>pour l&#8217;ensemble de sa d\u00e9marche RSE.&nbsp;<br>&#x2728;Merci chaleureux \u00e0 <strong>Fabien Rousseau<\/strong>,<strong> laur\u00e9at 2018 <\/strong>et sa formidable \u00e9quipe d\u2019 <a href=\"https:\/\/exploraparc.com\/\" target=\"_blank\" rel=\"noreferrer noopener\"><strong>Explora Parc<\/strong><\/a><strong>,<\/strong> qui nous ont royalement accueillis !<\/p>\n\n\n\n<p class=\"has-text-align-left has-medium-font-size\">Photos : Emmanuel Boisliveau                              <strong>     <mark class=\"has-inline-color has-re-red-color\">CLIQUEZ SUR L&#8217;IMAGE POUR VOIR TOUTES LES PHOTOS<\/mark><\/strong><\/p>\n\n\n\n<figure class=\"wp-block-image size-full\"><a href=\"https:\/\/www.flickr.com\/photos\/194433610@N06\/sets\/72177720308772369\" target=\"_blank\" rel=\"noreferrer noopener\"><img loading=\"lazy\" decoding=\"async\" width=\"1512\" height=\"778\" src=\"https:\/\/www.reseau-entreprendre.org\/vendee\/wp-content\/uploads\/sites\/18\/2023\/06\/Image-1.png\" alt=\"\" class=\"wp-image-6797\" \/><\/a><\/figure>\n","protected":false},"excerpt":{"rendered":"<p>Jeudi 1er juin s&#8217;est tenue l&#8217;Assembl\u00e9e G\u00e9n\u00e9rale annuelle de R\u00e9seau<\/p>\n","protected":false},"author":18,"featured_media":0,"parent":0,"menu_order":0,"comment_status":"closed","ping_status":"closed","template":"","meta":{"_acf_changed":false,"_monsterinsights_skip_tracking":false,"_monsterinsights_sitenote_active":false,"_monsterinsights_sitenote_note":"","_monsterinsights_sitenote_category":0,"footnotes":""},"class_list":["post-6343","page","type-page","status-publish","hentry"],"acf":[],"yoast_head":"<!-- This site is optimized with the Yoast SEO plugin v27.3 - https:\/\/yoast.com\/product\/yoast-seo-wordpress\/ -->\n<title>Une AG sous les Pins 01\/06\/23 : les photos - R\u00e9seau Entreprendre Vend\u00e9e<\/title>\n<meta name=\"robots\" content=\"index, follow, max-snippet:-1, max-image-preview:large, max-video-preview:-1\" \/>\n<link rel=\"canonical\" href=\"https:\/\/www.reseau-entreprendre.org\/vendee\/une-ag-sous-les-pins-01-06-23-les-photos\/\" \/>\n<meta property=\"og:locale\" content=\"fr_FR\" \/>\n<meta property=\"og:type\" content=\"article\" \/>\n<meta property=\"og:title\" content=\"Une AG sous les Pins 01\/06\/23 : les photos - R\u00e9seau Entreprendre Vend\u00e9e\" \/>\n<meta property=\"og:description\" content=\"Jeudi 1er juin s&#8217;est tenue l&#8217;Assembl\u00e9e G\u00e9n\u00e9rale annuelle de R\u00e9seau\" \/>\n<meta property=\"og:url\" content=\"https:\/\/www.reseau-entreprendre.org\/vendee\/une-ag-sous-les-pins-01-06-23-les-photos\/\" \/>\n<meta property=\"og:site_name\" content=\"R\u00e9seau Entreprendre Vend\u00e9e\" \/>\n<meta property=\"article:modified_time\" content=\"2023-07-27T09:40:33+00:00\" \/>\n<meta property=\"og:image\" content=\"https:\/\/www.reseau-entreprendre.org\/vendee\/wp-content\/uploads\/sites\/18\/2023\/06\/VISUEL-HORIZONTAL1-1024x410.jpg\" \/>\n<meta name=\"twitter:card\" content=\"summary_large_image\" \/>\n<meta name=\"twitter:label1\" content=\"Dur\u00e9e de lecture estim\u00e9e\" \/>\n\t<meta name=\"twitter:data1\" content=\"2 minutes\" \/>\n<script type=\"application\/ld+json\" class=\"yoast-schema-graph\">{\"@context\":\"https:\\\/\\\/schema.org\",\"@graph\":[{\"@type\":\"WebPage\",\"@id\":\"https:\\\/\\\/www.reseau-entreprendre.org\\\/vendee\\\/une-ag-sous-les-pins-01-06-23-les-photos\\\/\",\"url\":\"https:\\\/\\\/www.reseau-entreprendre.org\\\/vendee\\\/une-ag-sous-les-pins-01-06-23-les-photos\\\/\",\"name\":\"Une AG sous les Pins 01\\\/06\\\/23 : les photos - R\u00e9seau Entreprendre Vend\u00e9e\",\"isPartOf\":{\"@id\":\"https:\\\/\\\/www.reseau-entreprendre.org\\\/vendee\\\/#website\"},\"primaryImageOfPage\":{\"@id\":\"https:\\\/\\\/www.reseau-entreprendre.org\\\/vendee\\\/une-ag-sous-les-pins-01-06-23-les-photos\\\/#primaryimage\"},\"image\":{\"@id\":\"https:\\\/\\\/www.reseau-entreprendre.org\\\/vendee\\\/une-ag-sous-les-pins-01-06-23-les-photos\\\/#primaryimage\"},\"thumbnailUrl\":\"https:\\\/\\\/www.reseau-entreprendre.org\\\/vendee\\\/wp-content\\\/uploads\\\/sites\\\/18\\\/2023\\\/06\\\/VISUEL-HORIZONTAL1-1024x410.jpg\",\"datePublished\":\"2023-06-02T13:08:59+00:00\",\"dateModified\":\"2023-07-27T09:40:33+00:00\",\"breadcrumb\":{\"@id\":\"https:\\\/\\\/www.reseau-entreprendre.org\\\/vendee\\\/une-ag-sous-les-pins-01-06-23-les-photos\\\/#breadcrumb\"},\"inLanguage\":\"fr-FR\",\"potentialAction\":[{\"@type\":\"ReadAction\",\"target\":[\"https:\\\/\\\/www.reseau-entreprendre.org\\\/vendee\\\/une-ag-sous-les-pins-01-06-23-les-photos\\\/\"]}]},{\"@type\":\"ImageObject\",\"inLanguage\":\"fr-FR\",\"@id\":\"https:\\\/\\\/www.reseau-entreprendre.org\\\/vendee\\\/une-ag-sous-les-pins-01-06-23-les-photos\\\/#primaryimage\",\"url\":\"https:\\\/\\\/www.reseau-entreprendre.org\\\/vendee\\\/wp-content\\\/uploads\\\/sites\\\/18\\\/2023\\\/06\\\/VISUEL-HORIZONTAL1-scaled.jpg\",\"contentUrl\":\"https:\\\/\\\/www.reseau-entreprendre.org\\\/vendee\\\/wp-content\\\/uploads\\\/sites\\\/18\\\/2023\\\/06\\\/VISUEL-HORIZONTAL1-scaled.jpg\",\"width\":2560,\"height\":1024},{\"@type\":\"BreadcrumbList\",\"@id\":\"https:\\\/\\\/www.reseau-entreprendre.org\\\/vendee\\\/une-ag-sous-les-pins-01-06-23-les-photos\\\/#breadcrumb\",\"itemListElement\":[{\"@type\":\"ListItem\",\"position\":1,\"name\":\"Accueil\",\"item\":\"https:\\\/\\\/www.reseau-entreprendre.org\\\/vendee\\\/\"},{\"@type\":\"ListItem\",\"position\":2,\"name\":\"Une AG sous les Pins 01\\\/06\\\/23 : les photos\"}]},{\"@type\":\"WebSite\",\"@id\":\"https:\\\/\\\/www.reseau-entreprendre.org\\\/vendee\\\/#website\",\"url\":\"https:\\\/\\\/www.reseau-entreprendre.org\\\/vendee\\\/\",\"name\":\"R\u00e9seau Entreprendre Vend\u00e9e\",\"description\":\"Un site utilisant Les sites de R\u00e9seau Entreprendre\",\"potentialAction\":[{\"@type\":\"SearchAction\",\"target\":{\"@type\":\"EntryPoint\",\"urlTemplate\":\"https:\\\/\\\/www.reseau-entreprendre.org\\\/vendee\\\/?s={search_term_string}\"},\"query-input\":{\"@type\":\"PropertyValueSpecification\",\"valueRequired\":true,\"valueName\":\"search_term_string\"}}],\"inLanguage\":\"fr-FR\"}]}<\/script>\n<!-- \/ Yoast SEO plugin. -->","yoast_head_json":{"title":"Une AG sous les Pins 01\/06\/23 : les photos - R\u00e9seau Entreprendre Vend\u00e9e","robots":{"index":"index","follow":"follow","max-snippet":"max-snippet:-1","max-image-preview":"max-image-preview:large","max-video-preview":"max-video-preview:-1"},"canonical":"https:\/\/www.reseau-entreprendre.org\/vendee\/une-ag-sous-les-pins-01-06-23-les-photos\/","og_locale":"fr_FR","og_type":"article","og_title":"Une AG sous les Pins 01\/06\/23 : les photos - R\u00e9seau Entreprendre Vend\u00e9e","og_description":"Jeudi 1er juin s&#8217;est tenue l&#8217;Assembl\u00e9e G\u00e9n\u00e9rale annuelle de R\u00e9seau","og_url":"https:\/\/www.reseau-entreprendre.org\/vendee\/une-ag-sous-les-pins-01-06-23-les-photos\/","og_site_name":"R\u00e9seau Entreprendre Vend\u00e9e","article_modified_time":"2023-07-27T09:40:33+00:00","og_image":[{"url":"https:\/\/www.reseau-entreprendre.org\/vendee\/wp-content\/uploads\/sites\/18\/2023\/06\/VISUEL-HORIZONTAL1-1024x410.jpg","type":"","width":"","height":""}],"twitter_card":"summary_large_image","twitter_misc":{"Dur\u00e9e de lecture estim\u00e9e":"2 minutes"},"schema":{"@context":"https:\/\/schema.org","@graph":[{"@type":"WebPage","@id":"https:\/\/www.reseau-entreprendre.org\/vendee\/une-ag-sous-les-pins-01-06-23-les-photos\/","url":"https:\/\/www.reseau-entreprendre.org\/vendee\/une-ag-sous-les-pins-01-06-23-les-photos\/","name":"Une AG sous les Pins 01\/06\/23 : les photos - R\u00e9seau Entreprendre Vend\u00e9e","isPartOf":{"@id":"https:\/\/www.reseau-entreprendre.org\/vendee\/#website"},"primaryImageOfPage":{"@id":"https:\/\/www.reseau-entreprendre.org\/vendee\/une-ag-sous-les-pins-01-06-23-les-photos\/#primaryimage"},"image":{"@id":"https:\/\/www.reseau-entreprendre.org\/vendee\/une-ag-sous-les-pins-01-06-23-les-photos\/#primaryimage"},"thumbnailUrl":"https:\/\/www.reseau-entreprendre.org\/vendee\/wp-content\/uploads\/sites\/18\/2023\/06\/VISUEL-HORIZONTAL1-1024x410.jpg","datePublished":"2023-06-02T13:08:59+00:00","dateModified":"2023-07-27T09:40:33+00:00","breadcrumb":{"@id":"https:\/\/www.reseau-entreprendre.org\/vendee\/une-ag-sous-les-pins-01-06-23-les-photos\/#breadcrumb"},"inLanguage":"fr-FR","potentialAction":[{"@type":"ReadAction","target":["https:\/\/www.reseau-entreprendre.org\/vendee\/une-ag-sous-les-pins-01-06-23-les-photos\/"]}]},{"@type":"ImageObject","inLanguage":"fr-FR","@id":"https:\/\/www.reseau-entreprendre.org\/vendee\/une-ag-sous-les-pins-01-06-23-les-photos\/#primaryimage","url":"https:\/\/www.reseau-entreprendre.org\/vendee\/wp-content\/uploads\/sites\/18\/2023\/06\/VISUEL-HORIZONTAL1-scaled.jpg","contentUrl":"https:\/\/www.reseau-entreprendre.org\/vendee\/wp-content\/uploads\/sites\/18\/2023\/06\/VISUEL-HORIZONTAL1-scaled.jpg","width":2560,"height":1024},{"@type":"BreadcrumbList","@id":"https:\/\/www.reseau-entreprendre.org\/vendee\/une-ag-sous-les-pins-01-06-23-les-photos\/#breadcrumb","itemListElement":[{"@type":"ListItem","position":1,"name":"Accueil","item":"https:\/\/www.reseau-entreprendre.org\/vendee\/"},{"@type":"ListItem","position":2,"name":"Une AG sous les Pins 01\/06\/23 : les photos"}]},{"@type":"WebSite","@id":"https:\/\/www.reseau-entreprendre.org\/vendee\/#website","url":"https:\/\/www.reseau-entreprendre.org\/vendee\/","name":"R\u00e9seau Entreprendre Vend\u00e9e","description":"Un site utilisant Les sites de R\u00e9seau Entreprendre","potentialAction":[{"@type":"SearchAction","target":{"@type":"EntryPoint","urlTemplate":"https:\/\/www.reseau-entreprendre.org\/vendee\/?s={search_term_string}"},"query-input":{"@type":"PropertyValueSpecification","valueRequired":true,"valueName":"search_term_string"}}],"inLanguage":"fr-FR"}]}},"_links":{"self":[{"href":"https:\/\/www.reseau-entreprendre.org\/vendee\/wp-json\/wp\/v2\/pages\/6343","targetHints":{"allow":["GET"]}}],"collection":[{"href":"https:\/\/www.reseau-entreprendre.org\/vendee\/wp-json\/wp\/v2\/pages"}],"about":[{"href":"https:\/\/www.reseau-entreprendre.org\/vendee\/wp-json\/wp\/v2\/types\/page"}],"author":[{"embeddable":true,"href":"https:\/\/www.reseau-entreprendre.org\/vendee\/wp-json\/wp\/v2\/users\/18"}],"replies":[{"embeddable":true,"href":"https:\/\/www.reseau-entreprendre.org\/vendee\/wp-json\/wp\/v2\/comments?post=6343"}],"version-history":[{"count":0,"href":"https:\/\/www.reseau-entreprendre.org\/vendee\/wp-json\/wp\/v2\/pages\/6343\/revisions"}],"wp:attachment":[{"href":"https:\/\/www.reseau-entreprendre.org\/vendee\/wp-json\/wp\/v2\/media?parent=6343"}],"curies":[{"name":"wp","href":"https:\/\/api.w.org\/{rel}","templated":true}]}}