{"id":13,"date":"2017-04-28T12:33:34","date_gmt":"2017-04-28T10:33:34","guid":{"rendered":"https:\/\/www.reseau-entreprendre.org\/wallonie\/?page_id=13"},"modified":"2025-02-24T11:54:34","modified_gmt":"2025-02-24T10:54:34","slug":"entreprendre","status":"publish","type":"page","link":"https:\/\/www.reseau-entreprendre.org\/wallonie\/entreprendre\/","title":{"rendered":"Entreprendre"},"content":{"rendered":"\n<h2 class=\"wp-block-heading\">Entreprendre<\/h2>\n\n\n\n<p>L\u2019accompagnement d\u2019entrepreneurs par des entrepreneurs : l&#8217;engagement de nos membres\u00a0 est aliment\u00e9 par leur passion de l\u2019entrepreneuriat et leur envie de la transmettre \u00e0 d&#8217;autres entrepreneurs dans un esprit de citoyennet\u00e9 \u00e9conomique. Ainsi, les membres donnent b\u00e9n\u00e9volement de leur temps pour participer \u00e0 nos diff\u00e9rents comit\u00e9s, accompagner des laur\u00e9ats, \u2026 Cet engagement repr\u00e9sente chaque ann\u00e9e plus de 4800 heures de b\u00e9n\u00e9volat par an. Plus encore, nos membres contribuent au financement de notre ASBL \u00e0 travers une cotisation annuelle (allant de 800\u20ac \u00e0 1070\u20ac exon\u00e9r\u00e9es de tva).<\/p>\n\n\n\n<h3 class=\"wp-block-heading\">Crit\u00e8res et proc\u00e9dure de s\u00e9lection<\/h3>\n\n\n\n<p><strong>Trois crit\u00e8res sont \u00e0 remplir pour poser sa candidature pour devenir laur\u00e9at de R\u00e9seau Entreprendre Wallonie&nbsp;:<\/strong><\/p>\n\n\n\n<ol class=\"wp-block-list\">\n<li>La maturit\u00e9 du projet&nbsp;: notre accompagnement intervient aupr\u00e8s des entrepreneurs qui ont lanc\u00e9 leur entreprise<\/li>\n\n\n\n<li>Le potentiel de cr\u00e9ation et de maintien d\u2019emplois&nbsp;: notre objectif est de soutenir la cr\u00e9ation d\u2019emplois, cette volont\u00e9 doit donc \u00eatre pr\u00e9sente<\/li>\n\n\n\n<li>L&#8217;entrepreneur : le souhait du chef d&#8217;entreprise de p\u00e9renniser son activit\u00e9 et son ouverture \u00e0 l&#8217;accompagnement<\/li>\n<\/ol>\n\n\n\n<h3 class=\"wp-block-heading\">Proc\u00e9dure du recrutement laur\u00e9at<\/h3>\n\n\n\n<p>Les responsables rencontrent chaque ann\u00e9e de nombreux entrepreneurs, ils \u00e9valuent l\u2019objet de la demande et le degr\u00e9 de maturit\u00e9 du projet. Les entrepreneurs remplissant les crit\u00e8res sont invit\u00e9s \u00e0 remplir le dossier de pr\u00e9sentation qui sera \u00e9tudi\u00e9 par le responsable et ensuite pr\u00e9sent\u00e9 au Comit\u00e9 d&#8217;engagement (compos\u00e9 des membres de l&#8217;association). A l\u2019issu de comit\u00e9, le candidat devenu laur\u00e9at se verra proposer un accompagnateur adapt\u00e9 \u00e0 son profil. Le bin\u00f4me ainsi constitu\u00e9 se rencontrera en moyenne deux heures par mois pendant 2 ans.<\/p>\n\n\n\n<p>Les candidats qui ne seraient pas retenus ou les entrepreneurs ne r\u00e9pondant pas \u00e0 nos crit\u00e8res de s\u00e9lection, sont syst\u00e9matique r\u00e9orient\u00e9s en fonction de leurs besoins vers nos partenaires et ce afin de leur permettre de d\u00e9velopper leur entreprise en vue d\u2019un accompagnement ult\u00e9rieur \u00e9ventuel.<\/p>\n\n\n\n<h3 class=\"wp-block-heading\">Notre offre<\/h3>\n\n\n\n<p><strong><span style=\"color: #268597\">Nous proposons \u00e0 nos laur\u00e9ats&nbsp;:<\/span><\/strong><\/p>\n\n\n\n<p><strong>Une aide personnalis\u00e9e et r\u00e9guli\u00e8re<\/strong>&nbsp;: un entrepreneur exp\u00e9riment\u00e9, membre du r\u00e9seau, les aide \u00e0 prendre du recul et les accompagne pendant 2 ans dans leur apprentissage du m\u00e9tier complexe de chef d\u2019entreprise.<\/p>\n\n\n\n<p><strong>Une dynamique collective et conviviale \u00e0 travers les \u00e9v\u00e9nements organis\u00e9s pour eux&nbsp;: Club des laur\u00e9ats<\/strong> (un rendez-vous de formation et d\u2019\u00e9changes avec d\u2019autres nouveaux entrepreneurs, en toute convivialit\u00e9 et confidentialit\u00e9), <strong>le lunch de l\u2019accompagnement<\/strong> (rencontre avec d\u2019autres bin\u00f4mes accompagnateur-laur\u00e9at) , <strong>le Boostcamp<\/strong> (journ\u00e9e de formations organis\u00e9e avec nos partenaires), <strong>visites d\u2019entreprise<\/strong>, <strong>F\u00eate des laur\u00e9ats<\/strong> (\u00e9v\u00e9nement national rassemblant 400 convives) .<\/p>\n\n\n\n<p><strong>Une mise en r\u00e9seau<\/strong> d\u2019entrepreneurs partageant les m\u00eames valeurs et l\u2019esprit de solidarit\u00e9 entrepreneuriale \u00e0 travers des rencontres locales, nationales et internationales mais aussi gr\u00e2ce \u00e0 notre r\u00e9seau social priv\u00e9, Workplace.<\/p>\n\n\n\n<p>Chaque ann\u00e9e, R\u00e9seau Entreprendre Wallonie s\u00e9lectionne entre 50 et 70 laur\u00e9ats qui b\u00e9n\u00e9ficieront de notre accompagnement et qui int\u00e9greront un r\u00e9seau international d\u2019entrepreneurs en vue de devenir, au terme de leur parcours &#8220;membres d&#8217;avenir&#8221; de r\u00e9seau puis, par la suite, accompagnateurs. C\u2019est dans cette d\u00e9marche de solidarit\u00e9 entrepreneuriale que s\u2019exprime la valeur de r\u00e9ciprocit\u00e9 ch\u00e8re \u00e0 R\u00e9seau Entreprendre.<\/p>\n\n\n\n<p>Depuis sa fondation en 2004, R\u00e9seau entreprendre Wallonie a pu accompagner des entreprises qui ont connu un d\u00e9veloppement important&nbsp;! Aujourd\u2019hui membres de notre association, ils en sont les meilleurs ambassadeurs. Nous pensons notamment \u00e0 Cilyx Engineering, Universem, Eezee IT, \u2026<\/p>\n","protected":false},"excerpt":{"rendered":"<p>Entreprendre L\u2019accompagnement d\u2019entrepreneurs par des entrepreneurs : l&#8217;engagement de nos<\/p>\n","protected":false},"author":11,"featured_media":0,"parent":0,"menu_order":0,"comment_status":"closed","ping_status":"closed","template":"","meta":{"_acf_changed":false,"_monsterinsights_skip_tracking":false,"_monsterinsights_sitenote_active":false,"_monsterinsights_sitenote_note":"","_monsterinsights_sitenote_category":0,"footnotes":""},"class_list":["post-13","page","type-page","status-publish","hentry"],"acf":[],"yoast_head":"<!-- This site is optimized with the Yoast SEO plugin v27.4 - https:\/\/yoast.com\/product\/yoast-seo-wordpress\/ -->\n<title>Entreprendre | Reseau Entreprendre Wallonie<\/title>\n<meta name=\"description\" content=\"Vous avez un projet de cr\u00e9ation d&#039;entreprise ? R\u00e9seau Entreprendre Wallonie vous accompagne gratuitement et dans la dur\u00e9e\" \/>\n<meta name=\"robots\" content=\"index, follow, max-snippet:-1, max-image-preview:large, max-video-preview:-1\" \/>\n<link rel=\"canonical\" href=\"https:\/\/www.reseau-entreprendre.org\/wallonie\/entreprendre\/\" \/>\n<meta property=\"og:locale\" content=\"fr_FR\" \/>\n<meta property=\"og:type\" content=\"article\" \/>\n<meta property=\"og:title\" content=\"Entreprendre | Reseau Entreprendre Wallonie\" \/>\n<meta property=\"og:description\" content=\"Vous avez un projet de cr\u00e9ation d&#039;entreprise ? R\u00e9seau Entreprendre Wallonie vous accompagne gratuitement et dans la dur\u00e9e\" \/>\n<meta property=\"og:url\" content=\"https:\/\/www.reseau-entreprendre.org\/wallonie\/entreprendre\/\" \/>\n<meta property=\"og:site_name\" content=\"R\u00e9seau Entreprendre Wallonie\" \/>\n<meta property=\"article:modified_time\" content=\"2025-02-24T10:54:34+00:00\" \/>\n<meta name=\"twitter:card\" content=\"summary_large_image\" \/>\n<meta name=\"twitter:label1\" content=\"Dur\u00e9e de lecture estim\u00e9e\" \/>\n\t<meta name=\"twitter:data1\" content=\"3 minutes\" \/>\n<script type=\"application\/ld+json\" class=\"yoast-schema-graph\">{\"@context\":\"https:\\\/\\\/schema.org\",\"@graph\":[{\"@type\":\"WebPage\",\"@id\":\"https:\\\/\\\/www.reseau-entreprendre.org\\\/wallonie\\\/entreprendre\\\/\",\"url\":\"https:\\\/\\\/www.reseau-entreprendre.org\\\/wallonie\\\/entreprendre\\\/\",\"name\":\"Entreprendre | Reseau Entreprendre Wallonie\",\"isPartOf\":{\"@id\":\"https:\\\/\\\/www.reseau-entreprendre.org\\\/wallonie\\\/#website\"},\"datePublished\":\"2017-04-28T10:33:34+00:00\",\"dateModified\":\"2025-02-24T10:54:34+00:00\",\"description\":\"Vous avez un projet de cr\u00e9ation d'entreprise ? R\u00e9seau Entreprendre Wallonie vous accompagne gratuitement et dans la dur\u00e9e\",\"breadcrumb\":{\"@id\":\"https:\\\/\\\/www.reseau-entreprendre.org\\\/wallonie\\\/entreprendre\\\/#breadcrumb\"},\"inLanguage\":\"fr-FR\",\"potentialAction\":[{\"@type\":\"ReadAction\",\"target\":[\"https:\\\/\\\/www.reseau-entreprendre.org\\\/wallonie\\\/entreprendre\\\/\"]}]},{\"@type\":\"BreadcrumbList\",\"@id\":\"https:\\\/\\\/www.reseau-entreprendre.org\\\/wallonie\\\/entreprendre\\\/#breadcrumb\",\"itemListElement\":[{\"@type\":\"ListItem\",\"position\":1,\"name\":\"Accueil\",\"item\":\"https:\\\/\\\/www.reseau-entreprendre.org\\\/wallonie\\\/\"},{\"@type\":\"ListItem\",\"position\":2,\"name\":\"Entreprendre\"}]},{\"@type\":\"WebSite\",\"@id\":\"https:\\\/\\\/www.reseau-entreprendre.org\\\/wallonie\\\/#website\",\"url\":\"https:\\\/\\\/www.reseau-entreprendre.org\\\/wallonie\\\/\",\"name\":\"R\u00e9seau Entreprendre Wallonie\",\"description\":\"Un site utilisant Les sites de R\u00e9seau Entreprendre\",\"potentialAction\":[{\"@type\":\"SearchAction\",\"target\":{\"@type\":\"EntryPoint\",\"urlTemplate\":\"https:\\\/\\\/www.reseau-entreprendre.org\\\/wallonie\\\/?s={search_term_string}\"},\"query-input\":{\"@type\":\"PropertyValueSpecification\",\"valueRequired\":true,\"valueName\":\"search_term_string\"}}],\"inLanguage\":\"fr-FR\"}]}<\/script>\n<!-- \/ Yoast SEO plugin. -->","yoast_head_json":{"title":"Entreprendre | Reseau Entreprendre Wallonie","description":"Vous avez un projet de cr\u00e9ation d'entreprise ? R\u00e9seau Entreprendre Wallonie vous accompagne gratuitement et dans la dur\u00e9e","robots":{"index":"index","follow":"follow","max-snippet":"max-snippet:-1","max-image-preview":"max-image-preview:large","max-video-preview":"max-video-preview:-1"},"canonical":"https:\/\/www.reseau-entreprendre.org\/wallonie\/entreprendre\/","og_locale":"fr_FR","og_type":"article","og_title":"Entreprendre | Reseau Entreprendre Wallonie","og_description":"Vous avez un projet de cr\u00e9ation d'entreprise ? R\u00e9seau Entreprendre Wallonie vous accompagne gratuitement et dans la dur\u00e9e","og_url":"https:\/\/www.reseau-entreprendre.org\/wallonie\/entreprendre\/","og_site_name":"R\u00e9seau Entreprendre Wallonie","article_modified_time":"2025-02-24T10:54:34+00:00","twitter_card":"summary_large_image","twitter_misc":{"Dur\u00e9e de lecture estim\u00e9e":"3 minutes"},"schema":{"@context":"https:\/\/schema.org","@graph":[{"@type":"WebPage","@id":"https:\/\/www.reseau-entreprendre.org\/wallonie\/entreprendre\/","url":"https:\/\/www.reseau-entreprendre.org\/wallonie\/entreprendre\/","name":"Entreprendre | Reseau Entreprendre Wallonie","isPartOf":{"@id":"https:\/\/www.reseau-entreprendre.org\/wallonie\/#website"},"datePublished":"2017-04-28T10:33:34+00:00","dateModified":"2025-02-24T10:54:34+00:00","description":"Vous avez un projet de cr\u00e9ation d'entreprise ? R\u00e9seau Entreprendre Wallonie vous accompagne gratuitement et dans la dur\u00e9e","breadcrumb":{"@id":"https:\/\/www.reseau-entreprendre.org\/wallonie\/entreprendre\/#breadcrumb"},"inLanguage":"fr-FR","potentialAction":[{"@type":"ReadAction","target":["https:\/\/www.reseau-entreprendre.org\/wallonie\/entreprendre\/"]}]},{"@type":"BreadcrumbList","@id":"https:\/\/www.reseau-entreprendre.org\/wallonie\/entreprendre\/#breadcrumb","itemListElement":[{"@type":"ListItem","position":1,"name":"Accueil","item":"https:\/\/www.reseau-entreprendre.org\/wallonie\/"},{"@type":"ListItem","position":2,"name":"Entreprendre"}]},{"@type":"WebSite","@id":"https:\/\/www.reseau-entreprendre.org\/wallonie\/#website","url":"https:\/\/www.reseau-entreprendre.org\/wallonie\/","name":"R\u00e9seau Entreprendre Wallonie","description":"Un site utilisant Les sites de R\u00e9seau Entreprendre","potentialAction":[{"@type":"SearchAction","target":{"@type":"EntryPoint","urlTemplate":"https:\/\/www.reseau-entreprendre.org\/wallonie\/?s={search_term_string}"},"query-input":{"@type":"PropertyValueSpecification","valueRequired":true,"valueName":"search_term_string"}}],"inLanguage":"fr-FR"}]}},"_links":{"self":[{"href":"https:\/\/www.reseau-entreprendre.org\/wallonie\/wp-json\/wp\/v2\/pages\/13","targetHints":{"allow":["GET"]}}],"collection":[{"href":"https:\/\/www.reseau-entreprendre.org\/wallonie\/wp-json\/wp\/v2\/pages"}],"about":[{"href":"https:\/\/www.reseau-entreprendre.org\/wallonie\/wp-json\/wp\/v2\/types\/page"}],"author":[{"embeddable":true,"href":"https:\/\/www.reseau-entreprendre.org\/wallonie\/wp-json\/wp\/v2\/users\/11"}],"replies":[{"embeddable":true,"href":"https:\/\/www.reseau-entreprendre.org\/wallonie\/wp-json\/wp\/v2\/comments?post=13"}],"version-history":[{"count":0,"href":"https:\/\/www.reseau-entreprendre.org\/wallonie\/wp-json\/wp\/v2\/pages\/13\/revisions"}],"wp:attachment":[{"href":"https:\/\/www.reseau-entreprendre.org\/wallonie\/wp-json\/wp\/v2\/media?parent=13"}],"curies":[{"name":"wp","href":"https:\/\/api.w.org\/{rel}","templated":true}]}}