{"id":15,"date":"2017-04-28T12:33:47","date_gmt":"2017-04-28T10:33:47","guid":{"rendered":"https:\/\/www.reseau-entreprendre.org\/wallonie\/?page_id=15"},"modified":"2025-09-02T16:41:44","modified_gmt":"2025-09-02T14:41:44","slug":"accompagner","status":"publish","type":"page","link":"https:\/\/www.reseau-entreprendre.org\/wallonie\/accompagner\/","title":{"rendered":"Accompagner"},"content":{"rendered":"\n<h2 class=\"wp-block-heading\">Accompagner<\/h2>\n\n\n\n<p><\/p>\n\n\n\n<p><strong>Les motivations de nos membres&nbsp;?<\/strong><\/p>\n\n\n\n<ul class=\"wp-block-list\">\n<li><span style=\"color: #268597\"><strong>Transmettre leur passion<\/strong><\/span><\/li>\n\n\n\n<li><span style=\"color: #268597\"><strong>Partager leur exp\u00e9rience entrepreneuriale<\/strong><\/span><\/li>\n\n\n\n<li><span style=\"color: #268597\"><strong>Profiter de la richesse des \u00e9changes<\/strong><\/span><\/li>\n\n\n\n<li><span style=\"color: #268597\"><strong>Contribuer au d\u00e9veloppement socio-\u00e9conomique de leur r\u00e9gion<\/strong><\/span><\/li>\n\n\n\n<li><span style=\"color: #268597\"><strong>Faire partie d\u2019un r\u00e9seau d\u2019entrepreneurs engag\u00e9s<\/strong><\/span><\/li>\n<\/ul>\n\n\n\n<p><strong>En rejoignant R\u00e9seau Entreprendre Wallonie, les membres ont la garantie d\u2019int\u00e9grer un r\u00e9seau international d\u2019entrepreneur qui porte des valeurs fortes et indissociables.<\/strong><\/p>\n\n\n\n<ol class=\"wp-block-list\">\n<li><span style=\"color: #d70635\">La personne<\/span> \u2013 L\u2019important c\u2019est la personne. <strong>Les membres accompagnateurs soutiennent avant tout une personne&nbsp;! <\/strong>Ils l\u2019aideront \u00e0 briser la \u00ab solitude \u00bb du chef d\u2019entreprise, \u00e0 se poser les bonnes questions, \u00e0 tester ses id\u00e9es et \u00e0 gagner du temps dans la r\u00e9solution de ses probl\u00e8mes.<\/li>\n\n\n\n<li><span style=\"color: #d70635\">La gratuit\u00e9<\/span> \u2013 Elle garantit l\u2019ind\u00e9pendance dans l\u2019accompagnement. Les membres interviennent \u00e0 titre <strong>GRATUIT<\/strong> et s\u2019interdisent de prendre des participations dans les entreprises laur\u00e9ates. Ils cofinancent \u00e9galement l\u2019Association par une cotisation annuelle (allant de 800\u20ac \u00e0 1070\u20ac).<\/li>\n\n\n\n<li><span style=\"color: #d70635\">La r\u00e9ciprocit\u00e9<\/span>&nbsp;&#8211; <strong>Les Accompagnateurs<\/strong> ne donnent pas mais&nbsp;\u00e9changent avec les Laur\u00e9ats. <strong>Le Bin\u00f4me<\/strong> Accompagnateur-Laur\u00e9at s\u2019enrichit mutuellement.<\/li>\n<\/ol>\n\n\n\n<p>Afin de r\u00e9pondre \u00e0 la disponibilit\u00e9 de nos membres, l\u2019engagement pour R\u00e9seau Entreprendre Wallonie est \u00e0 g\u00e9om\u00e9trie variable. C&#8217;est bien les membres qui d\u00e9finissent \u00e0 quelle hauteur ils peuvent s&#8217;engager \u00e0 nos c\u00f4t\u00e9s. Il est ainsi possible de devenir\u00a0:<\/p>\n\n\n\n<ul class=\"wp-block-list\">\n<li><strong>Membre &#8211; accompagnateur<\/strong> et consacrer 2 h\/mois \u00e0 l\u2019accompagnement d\u2019un cr\u00e9ateur\/repreneur de PME<\/li>\n\n\n\n<li><strong>Membre de comit\u00e9<\/strong> (Comit\u00e9 de s\u00e9lection -Comit\u00e9 de pilotage- Comit\u00e9 de suivi)<\/li>\n\n\n\n<li><strong>Membre effectif<\/strong>, et participer aux \u00e9v\u00e8nements r\u00e9unissant les membres et\/ou laur\u00e9ats de R\u00e9seau Entreprendre<\/li>\n\n\n\n<li><strong>Membre-expert<\/strong>&nbsp;et intervenir ponctuellement pour \u00e9tayer la validation d\u2019un projet, \u00e9clairer un laur\u00e9at en cours d\u2019accompagnement, intervenir ou t\u00e9moigner en club de laur\u00e9ats (1 \u00e0 2 heures par intervention)<\/li>\n\n\n\n<li><strong>Membre partenaire<\/strong> et associer son image au dynamisme de R\u00e9seau Entreprendre.<\/li>\n<\/ul>\n\n\n\n<p>Notre association a besoin d&#8217;accueillir de nouveaux membres pour pouvoir proposer un accompagnement \u00e0 ses laur\u00e9ats et pour se d\u00e9velopper. N&#8217;h\u00e9sitez donc pas \u00e0 nous rejoindre en tant que membre pour mettre votre expertise au service de l&#8217;entrepreneuriat ! Pour nous rejoindre, envoyez un mail \u00e0 wallonie@reseau-entreprendre.org.<\/p>\n\n\n\n<p>Pourquoi devenir membre&nbsp;?<\/p>\n\n\n\n<ul class=\"wp-block-list\">\n<li>Pour int\u00e9grer un <strong>r\u00e9seau<\/strong> de chefs d\u2019entreprise et de dirigeants engag\u00e9s<\/li>\n\n\n\n<li>Pour participer activement au <strong>d\u00e9veloppement \u00e9conomique<\/strong> de votre r\u00e9gion et soutenir la cr\u00e9ation et le maintien d\u2019emplois<\/li>\n\n\n\n<li>Pour donner du sens \u00e0 votre exp\u00e9rience et <strong>transmettre<\/strong> l\u2019esprit d\u2019entreprendre<\/li>\n\n\n\n<li>Pour b\u00e9n\u00e9ficier de <strong>la richesse des \u00e9changes<\/strong><\/li>\n\n\n\n<li>Pour <strong>Entreprendre<\/strong> au niveau local, national et international<\/li>\n<\/ul>\n","protected":false},"excerpt":{"rendered":"<p>Accompagner Les motivations de nos membres&nbsp;? En rejoignant R\u00e9seau Entreprendre<\/p>\n","protected":false},"author":11,"featured_media":0,"parent":0,"menu_order":0,"comment_status":"closed","ping_status":"closed","template":"","meta":{"_acf_changed":false,"_monsterinsights_skip_tracking":false,"_monsterinsights_sitenote_active":false,"_monsterinsights_sitenote_note":"","_monsterinsights_sitenote_category":0,"footnotes":""},"class_list":["post-15","page","type-page","status-publish","hentry"],"acf":[],"yoast_head":"<!-- This site is optimized with the Yoast SEO plugin v27.4 - https:\/\/yoast.com\/product\/yoast-seo-wordpress\/ -->\n<title>Accompagner| Reseau Entreprendre Wallonie<\/title>\n<meta name=\"description\" content=\"Vous \u00eates chef d&#039;entreprise et souhaitez accompagner de nouveaux entrepreneurs ? Devenez membre b\u00e9n\u00e9vole de R\u00e9seau Entreprendre Wallonie !\" \/>\n<meta name=\"robots\" content=\"index, follow, max-snippet:-1, max-image-preview:large, max-video-preview:-1\" \/>\n<link rel=\"canonical\" href=\"https:\/\/www.reseau-entreprendre.org\/wallonie\/accompagner\/\" \/>\n<meta property=\"og:locale\" content=\"fr_FR\" \/>\n<meta property=\"og:type\" content=\"article\" \/>\n<meta property=\"og:title\" content=\"Accompagner| Reseau Entreprendre Wallonie\" \/>\n<meta property=\"og:description\" content=\"Vous \u00eates chef d&#039;entreprise et souhaitez accompagner de nouveaux entrepreneurs ? Devenez membre b\u00e9n\u00e9vole de R\u00e9seau Entreprendre Wallonie !\" \/>\n<meta property=\"og:url\" content=\"https:\/\/www.reseau-entreprendre.org\/wallonie\/accompagner\/\" \/>\n<meta property=\"og:site_name\" content=\"R\u00e9seau Entreprendre Wallonie\" \/>\n<meta property=\"article:modified_time\" content=\"2025-09-02T14:41:44+00:00\" \/>\n<meta name=\"twitter:card\" content=\"summary_large_image\" \/>\n<meta name=\"twitter:label1\" content=\"Dur\u00e9e de lecture estim\u00e9e\" \/>\n\t<meta name=\"twitter:data1\" content=\"2 minutes\" \/>\n<script type=\"application\/ld+json\" class=\"yoast-schema-graph\">{\"@context\":\"https:\\\/\\\/schema.org\",\"@graph\":[{\"@type\":\"WebPage\",\"@id\":\"https:\\\/\\\/www.reseau-entreprendre.org\\\/wallonie\\\/accompagner\\\/\",\"url\":\"https:\\\/\\\/www.reseau-entreprendre.org\\\/wallonie\\\/accompagner\\\/\",\"name\":\"Accompagner| Reseau Entreprendre Wallonie\",\"isPartOf\":{\"@id\":\"https:\\\/\\\/www.reseau-entreprendre.org\\\/wallonie\\\/#website\"},\"datePublished\":\"2017-04-28T10:33:47+00:00\",\"dateModified\":\"2025-09-02T14:41:44+00:00\",\"description\":\"Vous \u00eates chef d'entreprise et souhaitez accompagner de nouveaux entrepreneurs ? Devenez membre b\u00e9n\u00e9vole de R\u00e9seau Entreprendre Wallonie !\",\"breadcrumb\":{\"@id\":\"https:\\\/\\\/www.reseau-entreprendre.org\\\/wallonie\\\/accompagner\\\/#breadcrumb\"},\"inLanguage\":\"fr-FR\",\"potentialAction\":[{\"@type\":\"ReadAction\",\"target\":[\"https:\\\/\\\/www.reseau-entreprendre.org\\\/wallonie\\\/accompagner\\\/\"]}]},{\"@type\":\"BreadcrumbList\",\"@id\":\"https:\\\/\\\/www.reseau-entreprendre.org\\\/wallonie\\\/accompagner\\\/#breadcrumb\",\"itemListElement\":[{\"@type\":\"ListItem\",\"position\":1,\"name\":\"Accueil\",\"item\":\"https:\\\/\\\/www.reseau-entreprendre.org\\\/wallonie\\\/\"},{\"@type\":\"ListItem\",\"position\":2,\"name\":\"Accompagner\"}]},{\"@type\":\"WebSite\",\"@id\":\"https:\\\/\\\/www.reseau-entreprendre.org\\\/wallonie\\\/#website\",\"url\":\"https:\\\/\\\/www.reseau-entreprendre.org\\\/wallonie\\\/\",\"name\":\"R\u00e9seau Entreprendre Wallonie\",\"description\":\"Un site utilisant Les sites de R\u00e9seau Entreprendre\",\"potentialAction\":[{\"@type\":\"SearchAction\",\"target\":{\"@type\":\"EntryPoint\",\"urlTemplate\":\"https:\\\/\\\/www.reseau-entreprendre.org\\\/wallonie\\\/?s={search_term_string}\"},\"query-input\":{\"@type\":\"PropertyValueSpecification\",\"valueRequired\":true,\"valueName\":\"search_term_string\"}}],\"inLanguage\":\"fr-FR\"}]}<\/script>\n<!-- \/ Yoast SEO plugin. -->","yoast_head_json":{"title":"Accompagner| Reseau Entreprendre Wallonie","description":"Vous \u00eates chef d'entreprise et souhaitez accompagner de nouveaux entrepreneurs ? Devenez membre b\u00e9n\u00e9vole de R\u00e9seau Entreprendre Wallonie !","robots":{"index":"index","follow":"follow","max-snippet":"max-snippet:-1","max-image-preview":"max-image-preview:large","max-video-preview":"max-video-preview:-1"},"canonical":"https:\/\/www.reseau-entreprendre.org\/wallonie\/accompagner\/","og_locale":"fr_FR","og_type":"article","og_title":"Accompagner| Reseau Entreprendre Wallonie","og_description":"Vous \u00eates chef d'entreprise et souhaitez accompagner de nouveaux entrepreneurs ? Devenez membre b\u00e9n\u00e9vole de R\u00e9seau Entreprendre Wallonie !","og_url":"https:\/\/www.reseau-entreprendre.org\/wallonie\/accompagner\/","og_site_name":"R\u00e9seau Entreprendre Wallonie","article_modified_time":"2025-09-02T14:41:44+00:00","twitter_card":"summary_large_image","twitter_misc":{"Dur\u00e9e de lecture estim\u00e9e":"2 minutes"},"schema":{"@context":"https:\/\/schema.org","@graph":[{"@type":"WebPage","@id":"https:\/\/www.reseau-entreprendre.org\/wallonie\/accompagner\/","url":"https:\/\/www.reseau-entreprendre.org\/wallonie\/accompagner\/","name":"Accompagner| Reseau Entreprendre Wallonie","isPartOf":{"@id":"https:\/\/www.reseau-entreprendre.org\/wallonie\/#website"},"datePublished":"2017-04-28T10:33:47+00:00","dateModified":"2025-09-02T14:41:44+00:00","description":"Vous \u00eates chef d'entreprise et souhaitez accompagner de nouveaux entrepreneurs ? Devenez membre b\u00e9n\u00e9vole de R\u00e9seau Entreprendre Wallonie !","breadcrumb":{"@id":"https:\/\/www.reseau-entreprendre.org\/wallonie\/accompagner\/#breadcrumb"},"inLanguage":"fr-FR","potentialAction":[{"@type":"ReadAction","target":["https:\/\/www.reseau-entreprendre.org\/wallonie\/accompagner\/"]}]},{"@type":"BreadcrumbList","@id":"https:\/\/www.reseau-entreprendre.org\/wallonie\/accompagner\/#breadcrumb","itemListElement":[{"@type":"ListItem","position":1,"name":"Accueil","item":"https:\/\/www.reseau-entreprendre.org\/wallonie\/"},{"@type":"ListItem","position":2,"name":"Accompagner"}]},{"@type":"WebSite","@id":"https:\/\/www.reseau-entreprendre.org\/wallonie\/#website","url":"https:\/\/www.reseau-entreprendre.org\/wallonie\/","name":"R\u00e9seau Entreprendre Wallonie","description":"Un site utilisant Les sites de R\u00e9seau Entreprendre","potentialAction":[{"@type":"SearchAction","target":{"@type":"EntryPoint","urlTemplate":"https:\/\/www.reseau-entreprendre.org\/wallonie\/?s={search_term_string}"},"query-input":{"@type":"PropertyValueSpecification","valueRequired":true,"valueName":"search_term_string"}}],"inLanguage":"fr-FR"}]}},"_links":{"self":[{"href":"https:\/\/www.reseau-entreprendre.org\/wallonie\/wp-json\/wp\/v2\/pages\/15","targetHints":{"allow":["GET"]}}],"collection":[{"href":"https:\/\/www.reseau-entreprendre.org\/wallonie\/wp-json\/wp\/v2\/pages"}],"about":[{"href":"https:\/\/www.reseau-entreprendre.org\/wallonie\/wp-json\/wp\/v2\/types\/page"}],"author":[{"embeddable":true,"href":"https:\/\/www.reseau-entreprendre.org\/wallonie\/wp-json\/wp\/v2\/users\/11"}],"replies":[{"embeddable":true,"href":"https:\/\/www.reseau-entreprendre.org\/wallonie\/wp-json\/wp\/v2\/comments?post=15"}],"version-history":[{"count":0,"href":"https:\/\/www.reseau-entreprendre.org\/wallonie\/wp-json\/wp\/v2\/pages\/15\/revisions"}],"wp:attachment":[{"href":"https:\/\/www.reseau-entreprendre.org\/wallonie\/wp-json\/wp\/v2\/media?parent=15"}],"curies":[{"name":"wp","href":"https:\/\/api.w.org\/{rel}","templated":true}]}}