{"id":211,"date":"2017-06-13T17:35:06","date_gmt":"2017-06-13T15:35:06","guid":{"rendered":"https:\/\/www.reseau-entreprendre.org\/wallonie\/?page_id=211"},"modified":"2025-03-12T09:53:13","modified_gmt":"2025-03-12T08:53:13","slug":"ils-nous-soutiennent","status":"publish","type":"page","link":"https:\/\/www.reseau-entreprendre.org\/wallonie\/ils-nous-soutiennent\/","title":{"rendered":"Ils nous soutiennent"},"content":{"rendered":"\n<h2 class=\"wp-block-heading\">Merci \u00e0 nos partenaires pour leur soutien !<\/h2>\n\n\n\n<p>R\u00e9seau Entreprendre b\u00e9n\u00e9ficie du soutien de partenaires fid\u00e8les, d\u00e9sireux de promouvoir l\u2019entrepreneuriat, de faciliter l\u2019acte de cr\u00e9ation ou de reprise et de contribuer au d\u00e9veloppement \u00e9conomique de la Wallonie.<\/p>\n\n\n\n<p>Nous avons la chance de compter parmi nos partenaires:<\/p>\n\n\n\n<div class=\"wp-block-columns is-layout-flex wp-container-core-columns-is-layout-9d6595d7 wp-block-columns-is-layout-flex\">\n<div class=\"wp-block-column is-layout-flow wp-block-column-is-layout-flow\">\n<figure class=\"wp-block-image size-full is-resized\"><img loading=\"lazy\" decoding=\"async\" width=\"900\" height=\"120\" src=\"https:\/\/www.reseau-entreprendre.org\/wallonie\/wp-content\/uploads\/sites\/11\/2025\/03\/Wallon.png\" alt=\"\" class=\"wp-image-4198\" style=\"width:1125px;height:auto\" srcset=\"https:\/\/www.reseau-entreprendre.org\/wallonie\/wp-content\/uploads\/sites\/11\/2025\/03\/Wallon.png 900w, https:\/\/www.reseau-entreprendre.org\/wallonie\/wp-content\/uploads\/sites\/11\/2025\/03\/Wallon-300x40.png 300w, https:\/\/www.reseau-entreprendre.org\/wallonie\/wp-content\/uploads\/sites\/11\/2025\/03\/Wallon-768x102.png 768w, https:\/\/www.reseau-entreprendre.org\/wallonie\/wp-content\/uploads\/sites\/11\/2025\/03\/Wallon-210x28.png 210w, https:\/\/www.reseau-entreprendre.org\/wallonie\/wp-content\/uploads\/sites\/11\/2025\/03\/Wallon-100x13.png 100w\" sizes=\"auto, (max-width: 900px) 100vw, 900px\" \/><\/figure>\n<\/div>\n<\/div>\n\n\n\n<p><\/p>\n","protected":false},"excerpt":{"rendered":"<p>Merci \u00e0 nos partenaires pour leur soutien ! R\u00e9seau Entreprendre<\/p>\n","protected":false},"author":11,"featured_media":481,"parent":0,"menu_order":0,"comment_status":"closed","ping_status":"closed","template":"","meta":{"_acf_changed":false,"_monsterinsights_skip_tracking":false,"_monsterinsights_sitenote_active":false,"_monsterinsights_sitenote_note":"","_monsterinsights_sitenote_category":0,"footnotes":""},"class_list":["post-211","page","type-page","status-publish","has-post-thumbnail","hentry"],"acf":[],"yoast_head":"<!-- This site is optimized with the Yoast SEO plugin v27.2 - https:\/\/yoast.com\/product\/yoast-seo-wordpress\/ -->\n<title>Ils nous soutiennent - R\u00e9seau Entreprendre Wallonie<\/title>\n<meta name=\"robots\" content=\"index, follow, max-snippet:-1, max-image-preview:large, max-video-preview:-1\" \/>\n<link rel=\"canonical\" href=\"https:\/\/www.reseau-entreprendre.org\/wallonie\/ils-nous-soutiennent\/\" \/>\n<meta property=\"og:locale\" content=\"fr_FR\" \/>\n<meta property=\"og:type\" content=\"article\" \/>\n<meta property=\"og:title\" content=\"Ils nous soutiennent - R\u00e9seau Entreprendre Wallonie\" \/>\n<meta property=\"og:description\" content=\"Merci \u00e0 nos partenaires pour leur soutien ! R\u00e9seau Entreprendre\" \/>\n<meta property=\"og:url\" content=\"https:\/\/www.reseau-entreprendre.org\/wallonie\/ils-nous-soutiennent\/\" \/>\n<meta property=\"og:site_name\" content=\"R\u00e9seau Entreprendre Wallonie\" \/>\n<meta property=\"article:modified_time\" content=\"2025-03-12T08:53:13+00:00\" \/>\n<meta property=\"og:image\" content=\"https:\/\/www.reseau-entreprendre.org\/wallonie\/wp-content\/uploads\/sites\/11\/2017\/06\/shutterstock_170323958-e1504257725185.jpg\" \/>\n\t<meta property=\"og:image:width\" content=\"3372\" \/>\n\t<meta property=\"og:image:height\" content=\"2248\" \/>\n\t<meta property=\"og:image:type\" content=\"image\/jpeg\" \/>\n<meta name=\"twitter:card\" content=\"summary_large_image\" \/>\n<meta name=\"twitter:label1\" content=\"Dur\u00e9e de lecture estim\u00e9e\" \/>\n\t<meta name=\"twitter:data1\" content=\"1 minute\" \/>\n<script type=\"application\/ld+json\" class=\"yoast-schema-graph\">{\"@context\":\"https:\/\/schema.org\",\"@graph\":[{\"@type\":\"WebPage\",\"@id\":\"https:\/\/www.reseau-entreprendre.org\/wallonie\/ils-nous-soutiennent\/\",\"url\":\"https:\/\/www.reseau-entreprendre.org\/wallonie\/ils-nous-soutiennent\/\",\"name\":\"Ils nous soutiennent - R\u00e9seau Entreprendre Wallonie\",\"isPartOf\":{\"@id\":\"https:\/\/www.reseau-entreprendre.org\/wallonie\/#website\"},\"primaryImageOfPage\":{\"@id\":\"https:\/\/www.reseau-entreprendre.org\/wallonie\/ils-nous-soutiennent\/#primaryimage\"},\"image\":{\"@id\":\"https:\/\/www.reseau-entreprendre.org\/wallonie\/ils-nous-soutiennent\/#primaryimage\"},\"thumbnailUrl\":\"https:\/\/www.reseau-entreprendre.org\/wallonie\/wp-content\/uploads\/sites\/11\/2017\/06\/shutterstock_170323958-e1504257725185.jpg\",\"datePublished\":\"2017-06-13T15:35:06+00:00\",\"dateModified\":\"2025-03-12T08:53:13+00:00\",\"breadcrumb\":{\"@id\":\"https:\/\/www.reseau-entreprendre.org\/wallonie\/ils-nous-soutiennent\/#breadcrumb\"},\"inLanguage\":\"fr-FR\",\"potentialAction\":[{\"@type\":\"ReadAction\",\"target\":[\"https:\/\/www.reseau-entreprendre.org\/wallonie\/ils-nous-soutiennent\/\"]}]},{\"@type\":\"ImageObject\",\"inLanguage\":\"fr-FR\",\"@id\":\"https:\/\/www.reseau-entreprendre.org\/wallonie\/ils-nous-soutiennent\/#primaryimage\",\"url\":\"https:\/\/www.reseau-entreprendre.org\/wallonie\/wp-content\/uploads\/sites\/11\/2017\/06\/shutterstock_170323958-e1504257725185.jpg\",\"contentUrl\":\"https:\/\/www.reseau-entreprendre.org\/wallonie\/wp-content\/uploads\/sites\/11\/2017\/06\/shutterstock_170323958-e1504257725185.jpg\",\"width\":3372,\"height\":2248},{\"@type\":\"BreadcrumbList\",\"@id\":\"https:\/\/www.reseau-entreprendre.org\/wallonie\/ils-nous-soutiennent\/#breadcrumb\",\"itemListElement\":[{\"@type\":\"ListItem\",\"position\":1,\"name\":\"Accueil\",\"item\":\"https:\/\/www.reseau-entreprendre.org\/wallonie\/\"},{\"@type\":\"ListItem\",\"position\":2,\"name\":\"Ils nous soutiennent\"}]},{\"@type\":\"WebSite\",\"@id\":\"https:\/\/www.reseau-entreprendre.org\/wallonie\/#website\",\"url\":\"https:\/\/www.reseau-entreprendre.org\/wallonie\/\",\"name\":\"R\u00e9seau Entreprendre Wallonie\",\"description\":\"Un site utilisant Les sites de R\u00e9seau Entreprendre\",\"potentialAction\":[{\"@type\":\"SearchAction\",\"target\":{\"@type\":\"EntryPoint\",\"urlTemplate\":\"https:\/\/www.reseau-entreprendre.org\/wallonie\/?s={search_term_string}\"},\"query-input\":{\"@type\":\"PropertyValueSpecification\",\"valueRequired\":true,\"valueName\":\"search_term_string\"}}],\"inLanguage\":\"fr-FR\"}]}<\/script>\n<!-- \/ Yoast SEO plugin. -->","yoast_head_json":{"title":"Ils nous soutiennent - R\u00e9seau Entreprendre Wallonie","robots":{"index":"index","follow":"follow","max-snippet":"max-snippet:-1","max-image-preview":"max-image-preview:large","max-video-preview":"max-video-preview:-1"},"canonical":"https:\/\/www.reseau-entreprendre.org\/wallonie\/ils-nous-soutiennent\/","og_locale":"fr_FR","og_type":"article","og_title":"Ils nous soutiennent - R\u00e9seau Entreprendre Wallonie","og_description":"Merci \u00e0 nos partenaires pour leur soutien ! R\u00e9seau Entreprendre","og_url":"https:\/\/www.reseau-entreprendre.org\/wallonie\/ils-nous-soutiennent\/","og_site_name":"R\u00e9seau Entreprendre Wallonie","article_modified_time":"2025-03-12T08:53:13+00:00","og_image":[{"width":3372,"height":2248,"url":"https:\/\/www.reseau-entreprendre.org\/wallonie\/wp-content\/uploads\/sites\/11\/2017\/06\/shutterstock_170323958-e1504257725185.jpg","type":"image\/jpeg"}],"twitter_card":"summary_large_image","twitter_misc":{"Dur\u00e9e de lecture estim\u00e9e":"1 minute"},"schema":{"@context":"https:\/\/schema.org","@graph":[{"@type":"WebPage","@id":"https:\/\/www.reseau-entreprendre.org\/wallonie\/ils-nous-soutiennent\/","url":"https:\/\/www.reseau-entreprendre.org\/wallonie\/ils-nous-soutiennent\/","name":"Ils nous soutiennent - R\u00e9seau Entreprendre Wallonie","isPartOf":{"@id":"https:\/\/www.reseau-entreprendre.org\/wallonie\/#website"},"primaryImageOfPage":{"@id":"https:\/\/www.reseau-entreprendre.org\/wallonie\/ils-nous-soutiennent\/#primaryimage"},"image":{"@id":"https:\/\/www.reseau-entreprendre.org\/wallonie\/ils-nous-soutiennent\/#primaryimage"},"thumbnailUrl":"https:\/\/www.reseau-entreprendre.org\/wallonie\/wp-content\/uploads\/sites\/11\/2017\/06\/shutterstock_170323958-e1504257725185.jpg","datePublished":"2017-06-13T15:35:06+00:00","dateModified":"2025-03-12T08:53:13+00:00","breadcrumb":{"@id":"https:\/\/www.reseau-entreprendre.org\/wallonie\/ils-nous-soutiennent\/#breadcrumb"},"inLanguage":"fr-FR","potentialAction":[{"@type":"ReadAction","target":["https:\/\/www.reseau-entreprendre.org\/wallonie\/ils-nous-soutiennent\/"]}]},{"@type":"ImageObject","inLanguage":"fr-FR","@id":"https:\/\/www.reseau-entreprendre.org\/wallonie\/ils-nous-soutiennent\/#primaryimage","url":"https:\/\/www.reseau-entreprendre.org\/wallonie\/wp-content\/uploads\/sites\/11\/2017\/06\/shutterstock_170323958-e1504257725185.jpg","contentUrl":"https:\/\/www.reseau-entreprendre.org\/wallonie\/wp-content\/uploads\/sites\/11\/2017\/06\/shutterstock_170323958-e1504257725185.jpg","width":3372,"height":2248},{"@type":"BreadcrumbList","@id":"https:\/\/www.reseau-entreprendre.org\/wallonie\/ils-nous-soutiennent\/#breadcrumb","itemListElement":[{"@type":"ListItem","position":1,"name":"Accueil","item":"https:\/\/www.reseau-entreprendre.org\/wallonie\/"},{"@type":"ListItem","position":2,"name":"Ils nous soutiennent"}]},{"@type":"WebSite","@id":"https:\/\/www.reseau-entreprendre.org\/wallonie\/#website","url":"https:\/\/www.reseau-entreprendre.org\/wallonie\/","name":"R\u00e9seau Entreprendre Wallonie","description":"Un site utilisant Les sites de R\u00e9seau Entreprendre","potentialAction":[{"@type":"SearchAction","target":{"@type":"EntryPoint","urlTemplate":"https:\/\/www.reseau-entreprendre.org\/wallonie\/?s={search_term_string}"},"query-input":{"@type":"PropertyValueSpecification","valueRequired":true,"valueName":"search_term_string"}}],"inLanguage":"fr-FR"}]}},"_links":{"self":[{"href":"https:\/\/www.reseau-entreprendre.org\/wallonie\/wp-json\/wp\/v2\/pages\/211","targetHints":{"allow":["GET"]}}],"collection":[{"href":"https:\/\/www.reseau-entreprendre.org\/wallonie\/wp-json\/wp\/v2\/pages"}],"about":[{"href":"https:\/\/www.reseau-entreprendre.org\/wallonie\/wp-json\/wp\/v2\/types\/page"}],"author":[{"embeddable":true,"href":"https:\/\/www.reseau-entreprendre.org\/wallonie\/wp-json\/wp\/v2\/users\/11"}],"replies":[{"embeddable":true,"href":"https:\/\/www.reseau-entreprendre.org\/wallonie\/wp-json\/wp\/v2\/comments?post=211"}],"version-history":[{"count":0,"href":"https:\/\/www.reseau-entreprendre.org\/wallonie\/wp-json\/wp\/v2\/pages\/211\/revisions"}],"wp:featuredmedia":[{"embeddable":true,"href":"https:\/\/www.reseau-entreprendre.org\/wallonie\/wp-json\/wp\/v2\/media\/481"}],"wp:attachment":[{"href":"https:\/\/www.reseau-entreprendre.org\/wallonie\/wp-json\/wp\/v2\/media?parent=211"}],"curies":[{"name":"wp","href":"https:\/\/api.w.org\/{rel}","templated":true}]}}