{"id":2939,"date":"2023-08-16T17:12:43","date_gmt":"2023-08-16T15:12:43","guid":{"rendered":"https:\/\/www.reseau-entreprendre.org\/wallonie\/?page_id=2939"},"modified":"2023-08-16T17:12:44","modified_gmt":"2023-08-16T15:12:44","slug":"politique-vie-privee-traitement-des-donnes-personnelles","status":"publish","type":"page","link":"https:\/\/www.reseau-entreprendre.org\/wallonie\/politique-vie-privee-traitement-des-donnes-personnelles\/","title":{"rendered":"Politique vie priv\u00e9e &amp; traitement des donn\u00e9s personnelles"},"content":{"rendered":"\n<p>La pr\u00e9sente politique de confidentialit\u00e9 (\u00ab&nbsp;<em>privacy policy&nbsp;<\/em>\u00bb) d\u00e9finit et informe les clients (\u00e9ventuels et r\u00e9els) et toute personne concern\u00e9e, ci-apr\u00e8s les \u00ab&nbsp;personnes concern\u00e9es&nbsp;\u00bb de la mani\u00e8re dont l\u2019ASBL R\u00e9seau Entreprendre Wallonie, ci-apr\u00e8s le \u00ab&nbsp;<a>R\u00e9seau Entreprendre&nbsp;<\/a>\u00bb utilise et prot\u00e8ge les informations qui lui sont transmises et, plus particuli\u00e8rement mais sans \u00eatre exclusif, lorsque la personne concern\u00e9e utilise le pr\u00e9sent site accessible via le lien suivant&nbsp;: <a><\/a><a href=\"https:\/\/www..................................be\/\">https:\/\/www.reseau-entreprendre.org\/wallonie\/<\/a>, ci-apr\u00e8s le \u00ab site \u00bb, &nbsp;ou lorsque la personne concern\u00e9e fait appelle ou recourt aux services propos\u00e9s par le R\u00e9seau Entreprendre.<\/p>\n\n\n\n<p>La pr\u00e9sente politique de confidentialit\u00e9 est susceptible d\u2019\u00eatre modifi\u00e9e ou compl\u00e9t\u00e9e \u00e0 tout moment par le <em>R\u00e9seau Entreprendre<\/em>, notamment en vue de se conformer \u00e0 toute \u00e9volution l\u00e9gislative, r\u00e8glementaire, jurisprudentielle ou technologique. Dans un tel cas, la date de sa mise \u00e0 jour sera clairement identifi\u00e9e en t\u00eate de la pr\u00e9sente politique. Ces modifications engagent la personne concern\u00e9e d\u00e8s sa mise en ligne. La personne concern\u00e9e est, par cons\u00e9quent, invit\u00e9e \u00e0 consulter r\u00e9guli\u00e8rement la pr\u00e9sente politique de confidentialit\u00e9, ainsi que les r\u00e8gles en mati\u00e8re d\u2019utilisation des cookies afin de prendre connaissance de ses \u00e9ventuelles modifications.<\/p>\n\n\n\n<h2 class=\"wp-block-heading has-large-font-size\">DONN\u00c9ES PERSONNELLES<\/h2>\n\n\n\n<p>D\u2019une mani\u00e8re g\u00e9n\u00e9rale, il est possible de visiter le site sans communiquer aucune information personnelle. En toute hypoth\u00e8se, la personne concern\u00e9e n\u2019est, d\u2019aucune mani\u00e8re, tenue de transmettre ses informations au <em>R\u00e9seau Entreprendre<\/em>.<\/p>\n\n\n\n<p>Cependant, dans certaines situations d\u2019absence de transmission des informations, il est possible que la personne concern\u00e9e ne puisse pas b\u00e9n\u00e9ficier des services demand\u00e9s. En effet, afin de faire b\u00e9n\u00e9ficiez la personne concern\u00e9e des services propos\u00e9s par <a>le <em>R\u00e9seau Entreprendre<\/em><\/a>, ce dernier peut \u00eatre amen\u00e9, dans certains cas, \u00e0 vous demander de renseigner votre (vos) nom(s), pr\u00e9nom(s), adresses (e-mail et postale), ci-apr\u00e8s les \u00ab&nbsp;informations personnelles \u00bb. En transmettant ces informations, la personne concern\u00e9e accepte express\u00e9ment qu\u2019elles soient trait\u00e9es par le <em>R\u00e9seau Entreprendre<\/em>, aux fins indiqu\u00e9es au point 2 repris ci-apr\u00e8s ainsi qu\u2019aux fins rappel\u00e9es au moment de chaque demande.<\/p>\n\n\n\n<p>Conform\u00e9ment au R\u00e8glement G\u00e9n\u00e9ral sur la Protection des Donn\u00e9es (RGPD) du 14 avril 2016, le <em>R\u00e9seau Entreprendre <\/em>vous informe des points suivants :<\/p>\n\n\n\n<h2 class=\"wp-block-heading has-medium-font-size\">1.&nbsp;&nbsp;&nbsp;&nbsp; Identit\u00e9 du responsable du traitement<\/h2>\n\n\n\n<p>Le responsable du traitement est<\/p>\n\n\n\n<p>ASBL<em> R\u00e9seau Entreprendre Wallonie<\/em>, Rue Lambert-Lombard 3 \u2013 4000 Li\u00e8ge<\/p>\n\n\n\n<p>T\u00e9l. + 32 (0) 492 66 11 02<\/p>\n\n\n\n<p>E-mail. <a href=\"mailto:thomasdinerwallonie@reseau-entreprendre.orge\">wallonie@reseau-entreprendre.org<\/a><\/p>\n\n\n\n<p>Le responsable de traitement veille \u00e0 l\u2019exactitude et \u00e0 la pertinence des donn\u00e9es personnelles recueillies et trait\u00e9es. Outre ce qui pr\u00e9c\u00e8de, il veille \u00e0 ce qu\u2019elles soient conformes \u00e0 la r\u00e9glementation applicable et \u00e0 la pr\u00e9sente politique de confidentialit\u00e9.<\/p>\n\n\n\n<h2 class=\"wp-block-heading has-medium-font-size\">2.&nbsp;&nbsp;&nbsp;&nbsp; Donn\u00e9es collect\u00e9es<\/h2>\n\n\n\n<p><em>Le R\u00e9seau Entreprendre <\/em>collecte les donn\u00e9es personnelles suivantes&nbsp;:<\/p>\n\n\n\n<ul class=\"wp-block-list\">\n<li>langue d\u2019usage, nom, pr\u00e9nom, adresse postale, adresse e-mail, num\u00e9ro(s) de t\u00e9l\u00e9phone fixe et\/ou portable, num\u00e9ro d\u2019entreprise&nbsp;;<\/li>\n\n\n\n<li>chiffre d\u2019affaires, donn\u00e9e statistique, donn\u00e9es reprises dans le dossier de pr\u00e9sentation de membre&nbsp;;<\/li>\n\n\n\n<li>navigateur internet utilis\u00e9, mode de navigation utilis\u00e9 (PC ou mobile).<\/li>\n<\/ul>\n\n\n\n<p>Dans certaines situations, le compte bancaire peut \u00eatre collect\u00e9 pour les personnes concern\u00e9es professionnels.<\/p>\n\n\n\n<h2 class=\"wp-block-heading has-medium-font-size\">3.&nbsp;&nbsp;&nbsp;&nbsp; Finalit\u00e9s du traitement<\/h2>\n\n\n\n<p><em>Le R\u00e9seau Entreprendre <\/em>est susceptible de traiter les informations personnelles transmises en vue des objectifs suivants&nbsp;:<\/p>\n\n\n\n<ul class=\"wp-block-list\">\n<li>envoi de la newsletter \u00e9lectroniques \u00e0 la personne concern\u00e9e du <em>R\u00e9seau Entreprendre<\/em>;<\/li>\n<\/ul>\n\n\n\n<ul class=\"wp-block-list\">\n<li>fournir les informations ou les services demand\u00e9s par la personne concern\u00e9e (par pr\u00e9sence sur les sites d\u2019exploitation, par e-mail, par t\u00e9l\u00e9phone ou par courrier postal) et adapt\u00e9s \u00e0 celui-ci, et plus particuli\u00e8rement&nbsp;:<\/li>\n\n\n\n<li>le traitement et le suivi des demandes de prix et\/ou d\u2019informations effectu\u00e9es aupr\u00e8s du <em>R\u00e9seau Entreprendre<\/em>;<\/li>\n\n\n\n<li>la pr\u00e9sentation des services propos\u00e9s et fournis par le <em>R\u00e9seau Entreprendre<\/em>;<\/li>\n\n\n\n<li>les statistiques de visites du site web du <em>R\u00e9seau Entreprendre<\/em>;<\/li>\n<\/ul>\n\n\n\n<ul class=\"wp-block-list\">\n<li>recueillir des informations permettant au <em>R\u00e9seau Entreprendre <\/em>d\u2019am\u00e9liorer le site, les produits et services (notamment par le biais de cookies)&nbsp;;<\/li>\n<\/ul>\n\n\n\n<ul class=\"wp-block-list\">\n<li>\u00e0 Google Analytics, par l\u2019interm\u00e9diaire de cookies, dans le disclaimer consultable sur le site Internet du <em>R\u00e9seau Entreprendre <\/em>via le lien suivant&nbsp;: <a href=\"https:\/\/www.reseau-entreprendre.org\/wallonie\/disclaimer\/\">Disclaimer &#8211; R\u00e9seau Entreprendre Wallonie (reseau-entreprendre.org)<\/a><\/li>\n<\/ul>\n\n\n\n<ul class=\"wp-block-list\">\n<li>permettre \u00e0 la personne concern\u00e9e d\u2019acc\u00e9der aux services du <em>R\u00e9seau Entreprendre <\/em>dans les meilleures conditions possibles&nbsp;;<\/li>\n<\/ul>\n\n\n\n<ul class=\"wp-block-list\">\n<li>permettre \u00e0 la personne concern\u00e9e d\u2019acc\u00e9der aux infrastructures du <em>R\u00e9seau Entreprendre <\/em>dans les meilleures conditions possibles&nbsp;;<\/li>\n<\/ul>\n\n\n\n<ul class=\"wp-block-list\">\n<li>g\u00e9rer les contrats conclus entre la personne concern\u00e9e et le <em>R\u00e9seau Entreprendre <\/em>au regard de ses obligations l\u00e9gales et contractuelles.<\/li>\n<\/ul>\n\n\n\n<h2 class=\"wp-block-heading has-medium-font-size\">4.&nbsp;&nbsp;&nbsp;&nbsp; Destinataires<\/h2>\n\n\n\n<p>Seul(e) le <em>R\u00e9seau Entreprendre <\/em>est destinataire des informations personnelles communiqu\u00e9es.<\/p>\n\n\n\n<p>Celles-ci, que ce soit sous forme individuelle ou anonymis\u00e9e, ne sont en aucun cas transmises \u00e0 un tiers, \u00e0 l\u2019exception des sous-traitants, prestataires de services externes ou partenaires auxquels le <em>R\u00e9seau Entreprendre <\/em>fait appel dans le cadre de ses obligations l\u00e9gales ou contractuelles ou dans le cadre de la r\u00e9alisation de son objet social et ce, en vue d\u2019assurer un service complet et ad\u00e9quat \u00e0 la personne concern\u00e9e.<\/p>\n\n\n\n<p><strong>Ni le <em>R\u00e9seau Entreprendre<\/em>, ni l\u2019un de ses sous-traitants, prestataires de services externes ou partenaires, ne proc\u00e8dent \u00e0 la commercialisation des donn\u00e9es personnelles des personnes concern\u00e9es du site et du <em>R\u00e9seau Entreprendre<\/em>.<\/strong><\/p>\n\n\n\n<h2 class=\"wp-block-heading has-medium-font-size\">5.&nbsp;&nbsp;&nbsp;&nbsp; Dur\u00e9e de conservation<\/h2>\n\n\n\n<p>Les informations personnelles sont conserv\u00e9es par le <em>R\u00e9seau Entreprendre <\/em>uniquement pour le temps correspondant aux finalit\u00e9s de la collecte telles que reprises ci-avant. En tout \u00e9tat de cause, sauf autre d\u00e9lai de conservation impos\u00e9 par une obligation l\u00e9gale ou contractuelle, la conservation des donn\u00e9es n\u2019exc\u00e9dera pas 10 ans.<\/p>\n\n\n\n<h2 class=\"wp-block-heading has-medium-font-size\">6.&nbsp;&nbsp;&nbsp;&nbsp; Emplacement de stockage des donn\u00e9es<\/h2>\n\n\n\n<p>L\u2019entreprise conserve les donn\u00e9es sur support informatique et, principalement, sur un serveur interne de l\u2019entrepriseainsi que dans le cloud <strong><em>Azure<\/em><\/strong> dont les politiques de vie priv\u00e9e sont consultables via les liens&nbsp;:<\/p>\n\n\n\n<ul class=\"wp-block-list\">\n<li>Cloud\n<ul class=\"wp-block-list\">\n<li><a href=\"https:\/\/azure.microsoft.com\/fr-fr\/\">Azure<\/a>&nbsp;: <a href=\"https:\/\/privacy.microsoft.com\/fr-fr\/privacystatement\">https:\/\/privacy.microsoft.com\/fr-fr\/privacystatement<\/a><\/li>\n<\/ul>\n<\/li>\n<\/ul>\n\n\n\n<p>L\u2019entreprise met tout en \u0153uvre pour garantir la s\u00e9curit\u00e9 des donn\u00e9es par la mise en place des mesures techniques et organisationnelles conformes aux standards applicables pour ce type de donn\u00e9es et d\u2019entreprise.&nbsp;<\/p>\n\n\n\n<h2 class=\"wp-block-heading has-medium-font-size\">7.&nbsp;&nbsp;&nbsp;&nbsp; Droits de la personne concern\u00e9e<\/h2>\n\n\n\n<p>La personne concern\u00e9e b\u00e9n\u00e9ficie des droits suivants, conform\u00e9ment au r\u00e8glement europ\u00e9en pr\u00e9cit\u00e9&nbsp;:<\/p>\n\n\n\n<h3 class=\"wp-block-heading has-medium-font-size\">\u00b7&nbsp;&nbsp;&nbsp;&nbsp;&nbsp;&nbsp; Droit d\u2019acc\u00e8s et de communication des donn\u00e9es<\/h3>\n\n\n\n<p>La personne concern\u00e9e a le droit d\u2019acc\u00e9der et de consulter les donn\u00e9es personnelles qui la concernent, conserv\u00e9es par le <em>R\u00e9seau Entreprendre<\/em>. La personne concern\u00e9e peut \u00e9galement prendre connaissance de la mani\u00e8re dont le <em>R\u00e9seau Entreprendre <\/em>les a obtenues ainsi que les personnes \u00e0 qui elles sont communiqu\u00e9es. La personne concern\u00e9e peut \u00e9galement demander une copie de ces donn\u00e9es personnelles en cours de traitement<\/p>\n\n\n\n<p>Compte tenu de l\u2019obligation de s\u00e9curit\u00e9 et de confidentialit\u00e9 dans le traitement des donn\u00e9es \u00e0 caract\u00e8re personnel qui incombe au <em>R\u00e9seau Entreprendre<\/em>, la demande d\u2019acc\u00e8s et de consultation des donn\u00e9es formul\u00e9es par la personne concern\u00e9e sera trait\u00e9e sous r\u00e9serve d\u2019apporter la preuve de son identit\u00e9, notamment par la production d\u2019une copie \u00e9lectronique ou papier (accompagn\u00e9e d\u2019une signature) de sa carte d\u2019identit\u00e9 au cours de la p\u00e9riode de validit\u00e9 de celle-ci. La demande est, dans tous le cas, gratuite pour la personne concern\u00e9e.<\/p>\n\n\n\n<p><em>Le R\u00e9seau Entreprendre <\/em>peut cependant s\u2019opposer aux demandes manifestement abusives ou infond\u00e9 (par leur nombre ou leur caract\u00e8re r\u00e9p\u00e9titif ou syst\u00e9matique, par exemple).<\/p>\n\n\n\n<h3 class=\"wp-block-heading has-medium-font-size\">\u00b7&nbsp;&nbsp;&nbsp;&nbsp;&nbsp;&nbsp; Droit de rectification des donn\u00e9es<\/h3>\n\n\n\n<p>Le r\u00e8glement europ\u00e9en permet \u00e0 la personne concern\u00e9e de demander la rectification, la mise \u00e0 jour ou encore l\u2019effacement des donn\u00e9es qui le concernent et qui peuvent s\u2019av\u00e9rer inexactes, erron\u00e9es, incompl\u00e8tes ou obsol\u00e8tes.<\/p>\n\n\n\n<h3 class=\"wp-block-heading has-medium-font-size\">\u00b7&nbsp;&nbsp;&nbsp;&nbsp;&nbsp;&nbsp; Droit d\u2019opposition<\/h3>\n\n\n\n<p>La personne concern\u00e9e a le droit de s\u2019opposer au traitement des donn\u00e9es dans les deux situations suivantes&nbsp;: &nbsp;<\/p>\n\n\n\n<ul class=\"wp-block-list\">\n<li>lorsque l\u2019exercice de ce droit est fond\u00e9 sur des motifs l\u00e9gitimes&nbsp; ou<\/li>\n\n\n\n<li>lorsque l\u2019exercice de ce droit vise \u00e0 faire obstacle \u00e0 ce que les donn\u00e9es recueillies soient utilis\u00e9es \u00e0 des fins de prospection commerciale.<\/li>\n<\/ul>\n\n\n\n<h3 class=\"wp-block-heading has-medium-font-size\">\u00b7&nbsp;&nbsp;&nbsp;&nbsp;&nbsp;&nbsp; Droit \u00e0 l\u2019effacement<\/h3>\n\n\n\n<p>La personne concern\u00e9e a le droit de demander et d\u2019obtenir l\u2019effacement des donn\u00e9es qui le concernent d\u00e9tenues par le <em>R\u00e9seau Entreprendre<\/em>.<\/p>\n\n\n\n<p><em>Le R\u00e9seau Entreprendre <\/em>acc\u00e9dera \u00e0 la demande de la personne concern\u00e9e si&nbsp;:<\/p>\n\n\n\n<ul class=\"wp-block-list\">\n<li>les donn\u00e9es \u00e0 caract\u00e8re personnel ne sont plus n\u00e9cessaires au regard des finalit\u00e9s pour lesquelles elles ont \u00e9t\u00e9 collect\u00e9es&nbsp;;<\/li>\n\n\n\n<li>le traitement des donn\u00e9es reposait exclusivement sur le consentement de la personne concern\u00e9e et que celui-ci retire son consentement&nbsp;;<\/li>\n\n\n\n<li>la personne concern\u00e9e s\u2019oppose, pour des raisons fond\u00e9es, au traitement.<\/li>\n<\/ul>\n\n\n\n<p>En tout \u00e9tat de cause, la demande d\u2019effacement peut \u00eatre refus\u00e9e par le <em>R\u00e9seau Entreprendre <\/em>si la demande est n\u00e9cessaire pour l\u2019exercice ou la d\u00e9fense de droits en justice ou pour le respect d\u2019une obligation l\u00e9gale ou contractuelle dans le chef du <em>R\u00e9seau Entreprendre<\/em>.<\/p>\n\n\n\n<h3 class=\"wp-block-heading has-medium-font-size\">\u00b7&nbsp;&nbsp;&nbsp;&nbsp;&nbsp;&nbsp; Droit \u00e0 la portabilit\u00e9 des donn\u00e9es<\/h3>\n\n\n\n<p>La personne concern\u00e9e peut demander que ses donn\u00e9es personnelles soient transmises \u00e0 un responsable de traitement identique au <em>R\u00e9seau Entreprendre<\/em>. La personne concern\u00e9e peut, d\u00e8s lors, demander au <em>R\u00e9seau Entreprendre <\/em>que les donn\u00e9es lui soient transmises dans un format structur\u00e9, couramment utilis\u00e9 et lisible de mani\u00e8re informatique.<\/p>\n\n\n\n<h3 class=\"wp-block-heading has-medium-font-size\">\u00b7&nbsp;&nbsp;&nbsp;&nbsp;&nbsp;&nbsp; Modalit\u00e9s d\u2019exercice des droits<\/h3>\n\n\n\n<p>Les droits pr\u00e9cit\u00e9s peuvent \u00eatre exerc\u00e9s par envoi d\u2019un courrier postal \u00e0 l\u2019adresse du <em>R\u00e9seau Entreprendre <\/em>ou par transmission d\u2019un courrier \u00e9lectronique \u00e0 l\u2019adresse suivante&nbsp;: <a href=\"mailto:thomasdinerwallonie@reseau-entreprendre.orge\">wallonie@reseau-entreprendre.org<\/a>.<\/p>\n\n\n\n<h2 class=\"wp-block-heading has-medium-font-size\">8.&nbsp;&nbsp;&nbsp;&nbsp; D\u00e9lais de r\u00e9ponse<\/h2>\n\n\n\n<p><em>Le R\u00e9seau Entreprendre <\/em>acc\u00e9dera \u00e0 la demande de la personne concern\u00e9e par r\u00e9ponse formul\u00e9e sur base d\u2019un mode identique \u00e0 celui utilis\u00e9 pour l\u2019exercice de son droit par la personne concern\u00e9e.<\/p>\n\n\n\n<p><em>Le R\u00e9seau Entreprendre <\/em>s\u2019engage \u00e0 r\u00e9pondre \u00e0 toute demande d\u2019acc\u00e8s, de rectification ou d\u2019opposition, d\u2019effacement ou toute autre demande compl\u00e9mentaire d\u2019informations dans un d\u00e9lai raisonnable et en tout \u00e9tat de cause, dans un d\u00e9lai maximum d\u20191 mois \u00e0 compter de la r\u00e9ception de votre demande.<\/p>\n\n\n\n<p>En fonction de la complexit\u00e9 de la demande, le d\u00e9lai de r\u00e9ponse peut \u00eatre port\u00e9 \u00e0 3 mois et ce, conform\u00e9ment au r\u00e8glement europ\u00e9en applicable.<\/p>\n\n\n\n<h2 class=\"wp-block-heading has-medium-font-size\">9.&nbsp;&nbsp;&nbsp;&nbsp; Personnes habilit\u00e9es \u00e0 consulter les donn\u00e9es \u00e0 caract\u00e8re personnel<\/h2>\n\n\n\n<p>Seuls les membres du personnel du <em>R\u00e9seau Entreprendre <\/em>sont autoris\u00e9s \u00e0 consulter les donn\u00e9es \u00e0 caract\u00e8re personnel et ce, \u00e0 l\u2019exception de l\u2019application du point 4 qui pr\u00e9c\u00e8de. Ces personnes ont raisonnablement besoin des donn\u00e9es en raison des t\u00e2ches et missions qui leur sont confi\u00e9es ou des n\u00e9cessit\u00e9s li\u00e9es \u00e0 l\u2019activit\u00e9 du <em>R\u00e9seau Entreprendre<\/em>.<\/p>\n\n\n\n<h2 class=\"wp-block-heading has-medium-font-size\">10. Prestataires habilit\u00e9s et transfert vers un pays tiers de l\u2019Union Europ\u00e9enne<\/h2>\n\n\n\n<p><em>Le R\u00e9seau Entreprendre <\/em>informe, par ailleurs, la personne concern\u00e9e qu\u2019il recourt \u00e0 des prestataires habilit\u00e9s pour faciliter le recueil et le traitement des donn\u00e9es communiqu\u00e9es. Ces prestataires sont situ\u00e9s au sein de l\u2019Union Europ\u00e9enne.<\/p>\n\n\n\n<p><em>Le R\u00e9seau Entreprendre <\/em>s\u2019est pr\u00e9alablement assur\u00e9 de la mise en \u0153uvre par les prestataires de garanties ad\u00e9quates et du respect de conditions strictes en mati\u00e8re de confidentialit\u00e9, d\u2019usage et de protection des donn\u00e9es.<\/p>\n\n\n\n<h2 class=\"wp-block-heading has-medium-font-size\">11. Plainte aupr\u00e8s de l\u2019autorit\u00e9 comp\u00e9tente<\/h2>\n\n\n\n<p><em>Le R\u00e9seau Entreprendre <\/em>forme le v\u0153u que toute difficult\u00e9 \u00e9ventuelle li\u00e9e au traitement des donn\u00e9es personnelles se r\u00e9solve par la voie du dialogue. Cependant, si cela ne peut \u00eatre le cas, la personne concern\u00e9e a le droit d\u2019introduire une r\u00e9clamation aupr\u00e8s de l\u2019APD (Autorit\u00e9 de protection des donn\u00e9es).<\/p>\n\n\n\n<p><em>L\u2019APD est situ\u00e9e rue de la Presse 35 \u00e0 1000 Bruxelles, elle est joignable par t\u00e9l\u00e9phone au +32 2 274 48 00 ou par e-mail \u00e0 l\u2019adresse <\/em><a href=\"mailto:contact@apd-gba.be\"><em>contact@apd-gba.be<\/em><\/a><em>.<\/em><em><\/em><\/p>\n","protected":false},"excerpt":{"rendered":"<p>La pr\u00e9sente politique de confidentialit\u00e9 (\u00ab&nbsp;privacy policy&nbsp;\u00bb) d\u00e9finit et informe<\/p>\n","protected":false},"author":223,"featured_media":0,"parent":0,"menu_order":0,"comment_status":"closed","ping_status":"closed","template":"","meta":{"_acf_changed":false,"_monsterinsights_skip_tracking":false,"_monsterinsights_sitenote_active":false,"_monsterinsights_sitenote_note":"","_monsterinsights_sitenote_category":0,"footnotes":""},"class_list":["post-2939","page","type-page","status-publish","hentry"],"acf":[],"yoast_head":"<!-- This site is optimized with the Yoast SEO plugin v27.4 - https:\/\/yoast.com\/product\/yoast-seo-wordpress\/ -->\n<title>Politique vie priv\u00e9e &amp; traitement des donn\u00e9s personnelles - R\u00e9seau Entreprendre Wallonie<\/title>\n<meta name=\"robots\" content=\"index, follow, max-snippet:-1, max-image-preview:large, max-video-preview:-1\" \/>\n<link rel=\"canonical\" href=\"https:\/\/www.reseau-entreprendre.org\/wallonie\/politique-vie-privee-traitement-des-donnes-personnelles\/\" \/>\n<meta property=\"og:locale\" content=\"fr_FR\" \/>\n<meta property=\"og:type\" content=\"article\" \/>\n<meta property=\"og:title\" content=\"Politique vie priv\u00e9e &amp; traitement des donn\u00e9s personnelles - R\u00e9seau Entreprendre Wallonie\" \/>\n<meta property=\"og:description\" content=\"La pr\u00e9sente politique de confidentialit\u00e9 (\u00ab&nbsp;privacy policy&nbsp;\u00bb) d\u00e9finit et informe\" \/>\n<meta property=\"og:url\" content=\"https:\/\/www.reseau-entreprendre.org\/wallonie\/politique-vie-privee-traitement-des-donnes-personnelles\/\" \/>\n<meta property=\"og:site_name\" content=\"R\u00e9seau Entreprendre Wallonie\" \/>\n<meta property=\"article:modified_time\" content=\"2023-08-16T15:12:44+00:00\" \/>\n<meta name=\"twitter:card\" content=\"summary_large_image\" \/>\n<meta name=\"twitter:label1\" content=\"Dur\u00e9e de lecture estim\u00e9e\" \/>\n\t<meta name=\"twitter:data1\" content=\"9 minutes\" \/>\n<script type=\"application\/ld+json\" class=\"yoast-schema-graph\">{\"@context\":\"https:\\\/\\\/schema.org\",\"@graph\":[{\"@type\":\"WebPage\",\"@id\":\"https:\\\/\\\/www.reseau-entreprendre.org\\\/wallonie\\\/politique-vie-privee-traitement-des-donnes-personnelles\\\/\",\"url\":\"https:\\\/\\\/www.reseau-entreprendre.org\\\/wallonie\\\/politique-vie-privee-traitement-des-donnes-personnelles\\\/\",\"name\":\"Politique vie priv\u00e9e &amp; traitement des donn\u00e9s personnelles - R\u00e9seau Entreprendre Wallonie\",\"isPartOf\":{\"@id\":\"https:\\\/\\\/www.reseau-entreprendre.org\\\/wallonie\\\/#website\"},\"datePublished\":\"2023-08-16T15:12:43+00:00\",\"dateModified\":\"2023-08-16T15:12:44+00:00\",\"breadcrumb\":{\"@id\":\"https:\\\/\\\/www.reseau-entreprendre.org\\\/wallonie\\\/politique-vie-privee-traitement-des-donnes-personnelles\\\/#breadcrumb\"},\"inLanguage\":\"fr-FR\",\"potentialAction\":[{\"@type\":\"ReadAction\",\"target\":[\"https:\\\/\\\/www.reseau-entreprendre.org\\\/wallonie\\\/politique-vie-privee-traitement-des-donnes-personnelles\\\/\"]}]},{\"@type\":\"BreadcrumbList\",\"@id\":\"https:\\\/\\\/www.reseau-entreprendre.org\\\/wallonie\\\/politique-vie-privee-traitement-des-donnes-personnelles\\\/#breadcrumb\",\"itemListElement\":[{\"@type\":\"ListItem\",\"position\":1,\"name\":\"Accueil\",\"item\":\"https:\\\/\\\/www.reseau-entreprendre.org\\\/wallonie\\\/\"},{\"@type\":\"ListItem\",\"position\":2,\"name\":\"Politique vie priv\u00e9e &amp; traitement des donn\u00e9s personnelles\"}]},{\"@type\":\"WebSite\",\"@id\":\"https:\\\/\\\/www.reseau-entreprendre.org\\\/wallonie\\\/#website\",\"url\":\"https:\\\/\\\/www.reseau-entreprendre.org\\\/wallonie\\\/\",\"name\":\"R\u00e9seau Entreprendre Wallonie\",\"description\":\"Un site utilisant Les sites de R\u00e9seau Entreprendre\",\"potentialAction\":[{\"@type\":\"SearchAction\",\"target\":{\"@type\":\"EntryPoint\",\"urlTemplate\":\"https:\\\/\\\/www.reseau-entreprendre.org\\\/wallonie\\\/?s={search_term_string}\"},\"query-input\":{\"@type\":\"PropertyValueSpecification\",\"valueRequired\":true,\"valueName\":\"search_term_string\"}}],\"inLanguage\":\"fr-FR\"}]}<\/script>\n<!-- \/ Yoast SEO plugin. -->","yoast_head_json":{"title":"Politique vie priv\u00e9e &amp; traitement des donn\u00e9s personnelles - R\u00e9seau Entreprendre Wallonie","robots":{"index":"index","follow":"follow","max-snippet":"max-snippet:-1","max-image-preview":"max-image-preview:large","max-video-preview":"max-video-preview:-1"},"canonical":"https:\/\/www.reseau-entreprendre.org\/wallonie\/politique-vie-privee-traitement-des-donnes-personnelles\/","og_locale":"fr_FR","og_type":"article","og_title":"Politique vie priv\u00e9e &amp; traitement des donn\u00e9s personnelles - R\u00e9seau Entreprendre Wallonie","og_description":"La pr\u00e9sente politique de confidentialit\u00e9 (\u00ab&nbsp;privacy policy&nbsp;\u00bb) d\u00e9finit et informe","og_url":"https:\/\/www.reseau-entreprendre.org\/wallonie\/politique-vie-privee-traitement-des-donnes-personnelles\/","og_site_name":"R\u00e9seau Entreprendre Wallonie","article_modified_time":"2023-08-16T15:12:44+00:00","twitter_card":"summary_large_image","twitter_misc":{"Dur\u00e9e de lecture estim\u00e9e":"9 minutes"},"schema":{"@context":"https:\/\/schema.org","@graph":[{"@type":"WebPage","@id":"https:\/\/www.reseau-entreprendre.org\/wallonie\/politique-vie-privee-traitement-des-donnes-personnelles\/","url":"https:\/\/www.reseau-entreprendre.org\/wallonie\/politique-vie-privee-traitement-des-donnes-personnelles\/","name":"Politique vie priv\u00e9e &amp; traitement des donn\u00e9s personnelles - R\u00e9seau Entreprendre Wallonie","isPartOf":{"@id":"https:\/\/www.reseau-entreprendre.org\/wallonie\/#website"},"datePublished":"2023-08-16T15:12:43+00:00","dateModified":"2023-08-16T15:12:44+00:00","breadcrumb":{"@id":"https:\/\/www.reseau-entreprendre.org\/wallonie\/politique-vie-privee-traitement-des-donnes-personnelles\/#breadcrumb"},"inLanguage":"fr-FR","potentialAction":[{"@type":"ReadAction","target":["https:\/\/www.reseau-entreprendre.org\/wallonie\/politique-vie-privee-traitement-des-donnes-personnelles\/"]}]},{"@type":"BreadcrumbList","@id":"https:\/\/www.reseau-entreprendre.org\/wallonie\/politique-vie-privee-traitement-des-donnes-personnelles\/#breadcrumb","itemListElement":[{"@type":"ListItem","position":1,"name":"Accueil","item":"https:\/\/www.reseau-entreprendre.org\/wallonie\/"},{"@type":"ListItem","position":2,"name":"Politique vie priv\u00e9e &amp; traitement des donn\u00e9s personnelles"}]},{"@type":"WebSite","@id":"https:\/\/www.reseau-entreprendre.org\/wallonie\/#website","url":"https:\/\/www.reseau-entreprendre.org\/wallonie\/","name":"R\u00e9seau Entreprendre Wallonie","description":"Un site utilisant Les sites de R\u00e9seau Entreprendre","potentialAction":[{"@type":"SearchAction","target":{"@type":"EntryPoint","urlTemplate":"https:\/\/www.reseau-entreprendre.org\/wallonie\/?s={search_term_string}"},"query-input":{"@type":"PropertyValueSpecification","valueRequired":true,"valueName":"search_term_string"}}],"inLanguage":"fr-FR"}]}},"_links":{"self":[{"href":"https:\/\/www.reseau-entreprendre.org\/wallonie\/wp-json\/wp\/v2\/pages\/2939","targetHints":{"allow":["GET"]}}],"collection":[{"href":"https:\/\/www.reseau-entreprendre.org\/wallonie\/wp-json\/wp\/v2\/pages"}],"about":[{"href":"https:\/\/www.reseau-entreprendre.org\/wallonie\/wp-json\/wp\/v2\/types\/page"}],"author":[{"embeddable":true,"href":"https:\/\/www.reseau-entreprendre.org\/wallonie\/wp-json\/wp\/v2\/users\/223"}],"replies":[{"embeddable":true,"href":"https:\/\/www.reseau-entreprendre.org\/wallonie\/wp-json\/wp\/v2\/comments?post=2939"}],"version-history":[{"count":0,"href":"https:\/\/www.reseau-entreprendre.org\/wallonie\/wp-json\/wp\/v2\/pages\/2939\/revisions"}],"wp:attachment":[{"href":"https:\/\/www.reseau-entreprendre.org\/wallonie\/wp-json\/wp\/v2\/media?parent=2939"}],"curies":[{"name":"wp","href":"https:\/\/api.w.org\/{rel}","templated":true}]}}