{"id":4849,"date":"2023-11-20T10:48:18","date_gmt":"2023-11-20T09:48:18","guid":{"rendered":"https:\/\/www.reseau-entreprendre.org\/yvelines\/?page_id=4849"},"modified":"2023-11-20T10:48:19","modified_gmt":"2023-11-20T09:48:19","slug":"newsletter-2","status":"publish","type":"page","link":"https:\/\/www.reseau-entreprendre.org\/yvelines\/newsletter-2\/","title":{"rendered":"NEWSLETTER"},"content":{"rendered":"<div  class=\"re-newsletter align re-newsletter\">\n                <div class=\"re-newsletter_infos d-block\">\n        <div class=\"d-flex justify-content-center\">\n          <span class=\"icon-wrapper d-block\"><svg class=\"icon\" width=\"24\" height=\"19\" viewBox=\"0 0 24 19\" fill=\"none\" xmlns=\"http:\/\/www.w3.org\/2000\/svg\">\n    <path fill-rule=\"evenodd\" clip-rule=\"evenodd\" d=\"M19.4756 17.9137H4.59479C2.83079 17.9137 1.40039 16.4833 1.40039 14.7193V4.59455C1.40039 2.83055 2.83079 1.40015 4.59479 1.40015H19.4756C21.2404 1.40015 22.67 2.83055 22.67 4.59455V14.7193C22.67 16.4833 21.2404 17.9137 19.4756 17.9137Z\"  stroke-width=\"1.2\"\/>\n    <path d=\"M2.3418 2.33014L11.0154 11.0733C11.577 11.6397 12.493 11.6397 13.0546 11.0733L21.7282 2.33014\"  stroke-width=\"1.2\"\/>\n    <path d=\"M9.6106 9.65674L2.3418 16.9839\" stroke-width=\"1.2\"\/>\n    <path d=\"M14.46 9.65674L21.7288 16.9839\" stroke-width=\"1.2\"\/>\n<\/svg><\/span>\n          <h3><div><strong>Restez inform\u00e9s,<\/strong><\/div>\n<div>abonnez-vous \u00e0 notre newsletter<\/div>\n<\/h3>\n        <\/div>\n        <p><p>En vous inscrivant \u00e0 notre liste de diffusion, vous affirmez avoir pris connaissance de notre politique de confidentialit\u00e9 et acceptez de recevoir des e-mails de notre part. Vous pourrez vous d\u00e9sinscrire \u00e0 tout moment, \u00e0 l\u2019aide du lien de d\u00e9sinscription visible en bas dans nos newsletters.<\/p>\n<\/p>\n      <\/div>\n      \n\n    <div class=\"re-newsletter_form\">\n                                            <style id=\"wpforms-css-vars-4603\">\n\t\t\t\t#wpforms-4603 {\n\t\t\t\t\n\t\t\t}\n\t\t\t<\/style><div class=\"wpforms-container wpforms-container-full wpforms-render-modern\" id=\"wpforms-4603\"><form id=\"wpforms-form-4603\" class=\"wpforms-validate wpforms-form\" data-formid=\"4603\" method=\"post\" enctype=\"multipart\/form-data\" action=\"\/yvelines\/wp-json\/wp\/v2\/pages\/4849\" data-token=\"db995d0fc6f70a5884ca91c1dba0b0c1\" data-token-time=\"1777825109\"><noscript class=\"wpforms-error-noscript\">Veuillez activer JavaScript dans votre navigateur pour remplir ce formulaire.<\/noscript><div id=\"wpforms-error-noscript\" style=\"display: none;\">Veuillez activer JavaScript dans votre navigateur pour remplir ce formulaire.<\/div><div class=\"wpforms-field-container\"><div id=\"wpforms-4603-field_1-container\" class=\"wpforms-field wpforms-field-text\" data-field-id=\"1\"><label class=\"wpforms-field-label\" for=\"wpforms-4603-field_1\">Nom <span class=\"wpforms-required-label\" aria-hidden=\"true\">*<\/span><\/label><input type=\"text\" id=\"wpforms-4603-field_1\" class=\"wpforms-field-medium wpforms-field-required\" name=\"wpforms[fields][1]\" aria-errormessage=\"wpforms-4603-field_1-error\" required><\/div><div id=\"wpforms-4603-field_2-container\" class=\"wpforms-field wpforms-field-text\" data-field-id=\"2\"><label class=\"wpforms-field-label\" for=\"wpforms-4603-field_2\">Pr\u00e9nom <span class=\"wpforms-required-label\" aria-hidden=\"true\">*<\/span><\/label><input type=\"text\" id=\"wpforms-4603-field_2\" class=\"wpforms-field-medium wpforms-field-required\" name=\"wpforms[fields][2]\" aria-errormessage=\"wpforms-4603-field_2-error\" required><\/div><div id=\"wpforms-4603-field_3-container\" class=\"wpforms-field wpforms-field-email\" data-field-id=\"3\"><label class=\"wpforms-field-label\" for=\"wpforms-4603-field_3\">E-mail <span class=\"wpforms-required-label\" aria-hidden=\"true\">*<\/span><\/label><input type=\"email\" id=\"wpforms-4603-field_3\" class=\"wpforms-field-medium wpforms-field-required\" name=\"wpforms[fields][3]\" spellcheck=\"false\" aria-errormessage=\"wpforms-4603-field_3-error\" required><\/div><div id=\"wpforms-4603-field_4-container\" class=\"wpforms-field wpforms-field-captcha\" data-field-id=\"4\"><label class=\"wpforms-field-label\" for=\"wpforms-4603-field_4\">CAPTCHA personnalis\u00e9 <span class=\"wpforms-required-label\" aria-hidden=\"true\">*<\/span><\/label>\t\t\t<div class=\"wpforms-captcha-math\">\n\t\t\t\t<span id=\"wpforms-4603-field_4-question\" class=\"wpforms-captcha-equation\">\n\t\t\t\t\t<span class=\"n1\">8<\/span>\n\t\t\t\t\t\t\t<span class=\"cal\">*<\/span>\n\t\t\t\t\t\t\t<span class=\"n2\">7<\/span>\t\t\t\t\t<span class=\"e\">=<\/span>\n\t\t\t\t<\/span>\n\t\t\t\t<input type=\"text\" id=\"wpforms-4603-field_4\" class=\"wpforms-field-medium wpforms-field-required a\" data-rule-wpf-captcha=\"math\" data-is-wrapped-field=\"1\" name=\"wpforms[fields][4][a]\" aria-errormessage=\"wpforms-4603-field_4-error\" aria-describedby=\"wpforms-4603-field_4-question\" required>\t\t\t\t<input type=\"hidden\" name=\"wpforms[fields][4][cal]\" class=\"cal\">\n\t\t\t\t<input type=\"hidden\" name=\"wpforms[fields][4][n2]\" class=\"n2\">\n\t\t\t\t<input type=\"hidden\" name=\"wpforms[fields][4][n1]\" class=\"n1\">\n\t\t\t<\/div>\n\t\t\t<\/div><\/div><!-- .wpforms-field-container --><div class=\"wpforms-submit-container\" ><input type=\"hidden\" name=\"wpforms[id]\" value=\"4603\"><input type=\"hidden\" name=\"page_title\" value=\"\"><input type=\"hidden\" name=\"page_url\" value=\"https:\/\/www.reseau-entreprendre.org\/yvelines\/wp-json\/wp\/v2\/pages\/4849\"><input type=\"hidden\" name=\"url_referer\" value=\"\"><button type=\"submit\" name=\"wpforms[submit]\" id=\"wpforms-submit-4603\" class=\"wpforms-submit\" data-alt-text=\"Envoi\" data-submit-text=\"Envoyer\" aria-live=\"assertive\" value=\"wpforms-submit\">Envoyer<\/button><\/div><\/form><\/div>  <!-- .wpforms-container -->\n                      <\/div>\n  <\/div>\n\n\n\n\n","protected":false},"excerpt":{"rendered":"","protected":false},"author":169,"featured_media":0,"parent":0,"menu_order":0,"comment_status":"closed","ping_status":"closed","template":"","meta":{"_acf_changed":false,"_monsterinsights_skip_tracking":false,"_monsterinsights_sitenote_active":false,"_monsterinsights_sitenote_note":"","_monsterinsights_sitenote_category":0,"footnotes":""},"class_list":["post-4849","page","type-page","status-publish","hentry"],"acf":[],"yoast_head":"<!-- This site is optimized with the Yoast SEO plugin v27.4 - https:\/\/yoast.com\/product\/yoast-seo-wordpress\/ -->\n<title>NEWSLETTER &#8212; R\u00e9seau Entreprendre\u00ae Yvelines<\/title>\n<meta name=\"robots\" content=\"index, follow, max-snippet:-1, max-image-preview:large, max-video-preview:-1\" \/>\n<link rel=\"canonical\" href=\"https:\/\/www.reseau-entreprendre.org\/yvelines\/newsletter-2\/\" \/>\n<meta name=\"twitter:card\" content=\"summary_large_image\" \/>\n<meta name=\"twitter:title\" content=\"NEWSLETTER &#8212; R\u00e9seau Entreprendre\u00ae Yvelines\" \/>\n<meta name=\"twitter:site\" content=\"@reyvelines\" \/>\n<script type=\"application\/ld+json\" class=\"yoast-schema-graph\">{\"@context\":\"https:\\\/\\\/schema.org\",\"@graph\":[{\"@type\":\"WebPage\",\"@id\":\"https:\\\/\\\/www.reseau-entreprendre.org\\\/yvelines\\\/newsletter-2\\\/\",\"url\":\"https:\\\/\\\/www.reseau-entreprendre.org\\\/yvelines\\\/newsletter-2\\\/\",\"name\":\"NEWSLETTER &#8212; R\u00e9seau Entreprendre\u00ae Yvelines\",\"isPartOf\":{\"@id\":\"https:\\\/\\\/www.reseau-entreprendre.org\\\/yvelines\\\/#website\"},\"datePublished\":\"2023-11-20T09:48:18+00:00\",\"dateModified\":\"2023-11-20T09:48:19+00:00\",\"breadcrumb\":{\"@id\":\"https:\\\/\\\/www.reseau-entreprendre.org\\\/yvelines\\\/newsletter-2\\\/#breadcrumb\"},\"inLanguage\":\"fr-FR\",\"potentialAction\":[{\"@type\":\"ReadAction\",\"target\":[\"https:\\\/\\\/www.reseau-entreprendre.org\\\/yvelines\\\/newsletter-2\\\/\"]}]},{\"@type\":\"BreadcrumbList\",\"@id\":\"https:\\\/\\\/www.reseau-entreprendre.org\\\/yvelines\\\/newsletter-2\\\/#breadcrumb\",\"itemListElement\":[{\"@type\":\"ListItem\",\"position\":1,\"name\":\"Accueil\",\"item\":\"https:\\\/\\\/www.reseau-entreprendre.org\\\/yvelines\\\/\"},{\"@type\":\"ListItem\",\"position\":2,\"name\":\"NEWSLETTER\"}]},{\"@type\":\"WebSite\",\"@id\":\"https:\\\/\\\/www.reseau-entreprendre.org\\\/yvelines\\\/#website\",\"url\":\"https:\\\/\\\/www.reseau-entreprendre.org\\\/yvelines\\\/\",\"name\":\"R\u00e9seau Entreprendre\u00ae Yvelines\",\"description\":\"Un site utilisant Les sites de R\u00e9seau Entreprendre\",\"publisher\":{\"@id\":\"https:\\\/\\\/www.reseau-entreprendre.org\\\/yvelines\\\/#organization\"},\"potentialAction\":[{\"@type\":\"SearchAction\",\"target\":{\"@type\":\"EntryPoint\",\"urlTemplate\":\"https:\\\/\\\/www.reseau-entreprendre.org\\\/yvelines\\\/?s={search_term_string}\"},\"query-input\":{\"@type\":\"PropertyValueSpecification\",\"valueRequired\":true,\"valueName\":\"search_term_string\"}}],\"inLanguage\":\"fr-FR\"},{\"@type\":\"Organization\",\"@id\":\"https:\\\/\\\/www.reseau-entreprendre.org\\\/yvelines\\\/#organization\",\"name\":\"R\u00e9seau Entreprendre\u00ae Yvelines\",\"url\":\"https:\\\/\\\/www.reseau-entreprendre.org\\\/yvelines\\\/\",\"logo\":{\"@type\":\"ImageObject\",\"inLanguage\":\"fr-FR\",\"@id\":\"https:\\\/\\\/www.reseau-entreprendre.org\\\/yvelines\\\/#\\\/schema\\\/logo\\\/image\\\/\",\"url\":\"https:\\\/\\\/www.reseau-entreprendre.org\\\/yvelines\\\/wp-content\\\/uploads\\\/sites\\\/24\\\/2020\\\/03\\\/logo_vertical_re_couleur_yvelines.png\",\"contentUrl\":\"https:\\\/\\\/www.reseau-entreprendre.org\\\/yvelines\\\/wp-content\\\/uploads\\\/sites\\\/24\\\/2020\\\/03\\\/logo_vertical_re_couleur_yvelines.png\",\"width\":4330,\"height\":3488,\"caption\":\"R\u00e9seau Entreprendre\u00ae Yvelines\"},\"image\":{\"@id\":\"https:\\\/\\\/www.reseau-entreprendre.org\\\/yvelines\\\/#\\\/schema\\\/logo\\\/image\\\/\"},\"sameAs\":[\"https:\\\/\\\/x.com\\\/reyvelines\",\"https:\\\/\\\/www.instagram.com\\\/reyvelines\\\/\",\"https:\\\/\\\/www.linkedin.com\\\/showcase\\\/r\u00e9seau-entreprendre-yvelines\\\/?viewAsMember=true\",\"https:\\\/\\\/www.youtube.com\\\/channel\\\/UCoMBpdUxliQuKZgLrXGtIUw\",\"https:\\\/\\\/fr.wikipedia.org\\\/wiki\\\/R\u00e9seau_Entreprendre_Yvelines\"]}]}<\/script>\n<!-- \/ Yoast SEO plugin. -->","yoast_head_json":{"title":"NEWSLETTER &#8212; R\u00e9seau Entreprendre\u00ae Yvelines","robots":{"index":"index","follow":"follow","max-snippet":"max-snippet:-1","max-image-preview":"max-image-preview:large","max-video-preview":"max-video-preview:-1"},"canonical":"https:\/\/www.reseau-entreprendre.org\/yvelines\/newsletter-2\/","twitter_card":"summary_large_image","twitter_title":"NEWSLETTER &#8212; R\u00e9seau Entreprendre\u00ae Yvelines","twitter_site":"@reyvelines","schema":{"@context":"https:\/\/schema.org","@graph":[{"@type":"WebPage","@id":"https:\/\/www.reseau-entreprendre.org\/yvelines\/newsletter-2\/","url":"https:\/\/www.reseau-entreprendre.org\/yvelines\/newsletter-2\/","name":"NEWSLETTER &#8212; R\u00e9seau Entreprendre\u00ae Yvelines","isPartOf":{"@id":"https:\/\/www.reseau-entreprendre.org\/yvelines\/#website"},"datePublished":"2023-11-20T09:48:18+00:00","dateModified":"2023-11-20T09:48:19+00:00","breadcrumb":{"@id":"https:\/\/www.reseau-entreprendre.org\/yvelines\/newsletter-2\/#breadcrumb"},"inLanguage":"fr-FR","potentialAction":[{"@type":"ReadAction","target":["https:\/\/www.reseau-entreprendre.org\/yvelines\/newsletter-2\/"]}]},{"@type":"BreadcrumbList","@id":"https:\/\/www.reseau-entreprendre.org\/yvelines\/newsletter-2\/#breadcrumb","itemListElement":[{"@type":"ListItem","position":1,"name":"Accueil","item":"https:\/\/www.reseau-entreprendre.org\/yvelines\/"},{"@type":"ListItem","position":2,"name":"NEWSLETTER"}]},{"@type":"WebSite","@id":"https:\/\/www.reseau-entreprendre.org\/yvelines\/#website","url":"https:\/\/www.reseau-entreprendre.org\/yvelines\/","name":"R\u00e9seau Entreprendre\u00ae Yvelines","description":"Un site utilisant Les sites de R\u00e9seau Entreprendre","publisher":{"@id":"https:\/\/www.reseau-entreprendre.org\/yvelines\/#organization"},"potentialAction":[{"@type":"SearchAction","target":{"@type":"EntryPoint","urlTemplate":"https:\/\/www.reseau-entreprendre.org\/yvelines\/?s={search_term_string}"},"query-input":{"@type":"PropertyValueSpecification","valueRequired":true,"valueName":"search_term_string"}}],"inLanguage":"fr-FR"},{"@type":"Organization","@id":"https:\/\/www.reseau-entreprendre.org\/yvelines\/#organization","name":"R\u00e9seau Entreprendre\u00ae Yvelines","url":"https:\/\/www.reseau-entreprendre.org\/yvelines\/","logo":{"@type":"ImageObject","inLanguage":"fr-FR","@id":"https:\/\/www.reseau-entreprendre.org\/yvelines\/#\/schema\/logo\/image\/","url":"https:\/\/www.reseau-entreprendre.org\/yvelines\/wp-content\/uploads\/sites\/24\/2020\/03\/logo_vertical_re_couleur_yvelines.png","contentUrl":"https:\/\/www.reseau-entreprendre.org\/yvelines\/wp-content\/uploads\/sites\/24\/2020\/03\/logo_vertical_re_couleur_yvelines.png","width":4330,"height":3488,"caption":"R\u00e9seau Entreprendre\u00ae Yvelines"},"image":{"@id":"https:\/\/www.reseau-entreprendre.org\/yvelines\/#\/schema\/logo\/image\/"},"sameAs":["https:\/\/x.com\/reyvelines","https:\/\/www.instagram.com\/reyvelines\/","https:\/\/www.linkedin.com\/showcase\/r\u00e9seau-entreprendre-yvelines\/?viewAsMember=true","https:\/\/www.youtube.com\/channel\/UCoMBpdUxliQuKZgLrXGtIUw","https:\/\/fr.wikipedia.org\/wiki\/R\u00e9seau_Entreprendre_Yvelines"]}]}},"_links":{"self":[{"href":"https:\/\/www.reseau-entreprendre.org\/yvelines\/wp-json\/wp\/v2\/pages\/4849","targetHints":{"allow":["GET"]}}],"collection":[{"href":"https:\/\/www.reseau-entreprendre.org\/yvelines\/wp-json\/wp\/v2\/pages"}],"about":[{"href":"https:\/\/www.reseau-entreprendre.org\/yvelines\/wp-json\/wp\/v2\/types\/page"}],"author":[{"embeddable":true,"href":"https:\/\/www.reseau-entreprendre.org\/yvelines\/wp-json\/wp\/v2\/users\/169"}],"replies":[{"embeddable":true,"href":"https:\/\/www.reseau-entreprendre.org\/yvelines\/wp-json\/wp\/v2\/comments?post=4849"}],"version-history":[{"count":0,"href":"https:\/\/www.reseau-entreprendre.org\/yvelines\/wp-json\/wp\/v2\/pages\/4849\/revisions"}],"wp:attachment":[{"href":"https:\/\/www.reseau-entreprendre.org\/yvelines\/wp-json\/wp\/v2\/media?parent=4849"}],"curies":[{"name":"wp","href":"https:\/\/api.w.org\/{rel}","templated":true}]}}